{"id":6684,"date":"2024-11-22T11:45:37","date_gmt":"2024-11-22T11:45:37","guid":{"rendered":"https:\/\/www.ivh9.si\/Ponudbe\/potokar\/politika-zasebnosti-copy\/"},"modified":"2025-01-15T10:38:45","modified_gmt":"2025-01-15T09:38:45","slug":"pogoji-poslovanja","status":"publish","type":"page","link":"https:\/\/www.marusapotokar.com\/en\/pogoji-poslovanja\/","title":{"rendered":"Pogoji poslovanja"},"content":{"rendered":"<div data-elementor-type=\"wp-page\" data-elementor-id=\"6684\" class=\"elementor elementor-6684\">\n\t\t\t\t\t\t\t\t\t<section class=\"elementor-section elementor-top-section elementor-element elementor-element-77f2cf8 ct-section-stretched elementor-section-boxed elementor-section-height-default elementor-section-height-default\" data-id=\"77f2cf8\" data-element_type=\"section\" data-settings=\"{&quot;jet_parallax_layout_list&quot;:[]}\">\n\t\t\t\t\t\t<div class=\"elementor-container elementor-column-gap-default\">\n\t\t\t\t\t<div class=\"elementor-column elementor-col-100 elementor-top-column elementor-element elementor-element-3315a03\" data-id=\"3315a03\" data-element_type=\"column\">\n\t\t\t<div class=\"elementor-widget-wrap elementor-element-populated\">\n\t\t\t\t\t\t\t\t<div class=\"elementor-element elementor-element-fc07ad4 elementor-widget elementor-widget-text-editor\" data-id=\"fc07ad4\" data-element_type=\"widget\" data-widget_type=\"text-editor.default\">\n\t\t\t\t<div class=\"elementor-widget-container\">\n\t\t\t<style>\/*! elementor - v3.12.1 - 02-04-2023 *\/\n.elementor-widget-text-editor.elementor-drop-cap-view-stacked .elementor-drop-cap{background-color:#69727d;color:#fff}.elementor-widget-text-editor.elementor-drop-cap-view-framed .elementor-drop-cap{color:#69727d;border:3px solid;background-color:transparent}.elementor-widget-text-editor:not(.elementor-drop-cap-view-default) .elementor-drop-cap{margin-top:8px}.elementor-widget-text-editor:not(.elementor-drop-cap-view-default) .elementor-drop-cap-letter{width:1em;height:1em}.elementor-widget-text-editor .elementor-drop-cap{float:left;text-align:center;line-height:1;font-size:50px}.elementor-widget-text-editor .elementor-drop-cap-letter{display:inline-block}<\/style>\t\t\t\t<p>Pogoji poslovanja<\/p>\t\t\t\t\t\t<\/div>\n\t\t\t\t<\/div>\n\t\t\t\t<section class=\"elementor-section elementor-inner-section elementor-element elementor-element-ee1b4ce elementor-section-full_width elementor-section-height-default elementor-section-height-default\" data-id=\"ee1b4ce\" data-element_type=\"section\" data-settings=\"{&quot;jet_parallax_layout_list&quot;:[]}\">\n\t\t\t\t\t\t<div class=\"elementor-container elementor-column-gap-default\">\n\t\t\t\t\t<div class=\"elementor-column elementor-col-100 elementor-inner-column elementor-element elementor-element-1b737d8\" data-id=\"1b737d8\" data-element_type=\"column\">\n\t\t\t<div class=\"elementor-widget-wrap elementor-element-populated\">\n\t\t\t\t\t\t\t\t<div class=\"elementor-element elementor-element-11b2918 elementor-widget elementor-widget-text-editor\" data-id=\"11b2918\" data-element_type=\"widget\" data-widget_type=\"text-editor.default\">\n\t\t\t\t<div class=\"elementor-widget-container\">\n\t\t\t\t\t\t\t<p><span id=\"m_7214792327870450153gmail-docs-internal-guid-d2c5812d-7fff-872d-23c5-fc5da6290029\">Splo\u0161ni pogoji<br \/><\/span><\/p>\t\t\t\t\t\t<\/div>\n\t\t\t\t<\/div>\n\t\t\t\t<div class=\"elementor-element elementor-element-6e4d16a elementor-widget__width-inherit elementor-widget elementor-widget-text-editor\" data-id=\"6e4d16a\" data-element_type=\"widget\" data-widget_type=\"text-editor.default\">\n\t\t\t\t<div class=\"elementor-widget-container\">\n\t\t\t\t\t\t\t<p dir=\"ltr\">Splo\u0161ni pogoji poslovanja spletne trgovine podjetja BE FREE, Maru\u0161a Potokar s.p. so sestavljeni v skladu z Zakonom o varstvu potro\u0161nikov (ZVPot), Zakonom o varstvu osebnih podatkov (ZVOP-1) in Zakonom o elektronskih komunikacijah (ZEKom-1). Splo\u0161ni pogoji poslovanja dolo\u010dajo delovanje spletne trgovine podjetja BE FREE, Maru\u0161a Potokar s.p. (v nadaljevanju: prodajalec), pravice in obveznosti kupca in prodajalca ter njun poslovni odnos.<\/p><p dir=\"ltr\">S spletno trgovino upravlja podjetje BE FREE, Maru\u0161a Potokar s.p.,Pod gozdom c. VI 5, 1290 Grosuplje, mati\u010dna \u0161tevilka: 8417253000, dav\u010dna \u0161tevilka: 68748515.<\/p>\t\t\t\t\t\t<\/div>\n\t\t\t\t<\/div>\n\t\t\t\t<div class=\"elementor-element elementor-element-d2b4f15 elementor-widget elementor-widget-text-editor\" data-id=\"d2b4f15\" data-element_type=\"widget\" data-widget_type=\"text-editor.default\">\n\t\t\t\t<div class=\"elementor-widget-container\">\n\t\t\t\t\t\t\t<p><span id=\"m_7214792327870450153gmail-docs-internal-guid-d2c5812d-7fff-872d-23c5-fc5da6290029\">Naro\u010danje<br \/><\/span><\/p>\t\t\t\t\t\t<\/div>\n\t\t\t\t<\/div>\n\t\t\t\t<div class=\"elementor-element elementor-element-2167891 elementor-widget__width-inherit elementor-widget elementor-widget-text-editor\" data-id=\"2167891\" data-element_type=\"widget\" data-widget_type=\"text-editor.default\">\n\t\t\t\t<div class=\"elementor-widget-container\">\n\t\t\t\t\t\t\t<p dir=\"ltr\">Naro\u010dila sprejemamo v BE FREE, Maru\u0161a Potokar s.p. spletni trgovini, po\u0161ti in e-po\u0161ti: <a href=\"mailto:marusapotokar@gmail.com\" target=\"_blank\" rel=\"noopener\"><span class=\"il\">marusapotokar@gmail.com<\/span><\/a>.\u00a0<\/p><p dir=\"ltr\">Po oddanem naro\u010dilu izbirate med naslednjimi na\u010dini pla\u010dila:<\/p><p dir=\"ltr\">Pla\u010dilo po predra\u010dunu \u2013 po oddanem naro\u010dilu prejmete potrdilo naro\u010dila \u2013 predra\u010dun.<\/p>\t\t\t\t\t\t<\/div>\n\t\t\t\t<\/div>\n\t\t\t\t<div class=\"elementor-element elementor-element-7b0fed6 elementor-widget elementor-widget-text-editor\" data-id=\"7b0fed6\" data-element_type=\"widget\" data-widget_type=\"text-editor.default\">\n\t\t\t\t<div class=\"elementor-widget-container\">\n\t\t\t\t\t\t\t<p><span id=\"m_7214792327870450153gmail-docs-internal-guid-d2c5812d-7fff-872d-23c5-fc5da6290029\"><span id=\"m_7214792327870450153gmail-docs-internal-guid-7c549443-7fff-f022-ea87-2e488656ace3\">Potrdilo o naro\u010dilu<\/span><\/span><\/p>\t\t\t\t\t\t<\/div>\n\t\t\t\t<\/div>\n\t\t\t\t<div class=\"elementor-element elementor-element-dd48de5 elementor-widget__width-inherit elementor-widget elementor-widget-text-editor\" data-id=\"dd48de5\" data-element_type=\"widget\" data-widget_type=\"text-editor.default\">\n\t\t\t\t<div class=\"elementor-widget-container\">\n\t\t\t\t\t\t\t<p dir=\"ltr\"><span id=\"m_7214792327870450153gmail-docs-internal-guid-7c549443-7fff-f022-ea87-2e488656ace3\">Naro\u010dilo bo shranjeno na papirju in v elektronski obliki na sede\u017eu podjetja\u00a0 <\/span>BE FREE, Maru\u0161a Potokar s.p.<\/p>\t\t\t\t\t\t<\/div>\n\t\t\t\t<\/div>\n\t\t\t\t<div class=\"elementor-element elementor-element-2a6efda elementor-widget elementor-widget-text-editor\" data-id=\"2a6efda\" data-element_type=\"widget\" data-widget_type=\"text-editor.default\">\n\t\t\t\t<div class=\"elementor-widget-container\">\n\t\t\t\t\t\t\t<p><span id=\"m_7214792327870450153gmail-docs-internal-guid-d2c5812d-7fff-872d-23c5-fc5da6290029\">Cene<br \/><\/span><\/p>\t\t\t\t\t\t<\/div>\n\t\t\t\t<\/div>\n\t\t\t\t<div class=\"elementor-element elementor-element-88885e2 elementor-widget__width-inherit elementor-widget elementor-widget-text-editor\" data-id=\"88885e2\" data-element_type=\"widget\" data-widget_type=\"text-editor.default\">\n\t\t\t\t<div class=\"elementor-widget-container\">\n\t\t\t\t\t\t\t<p dir=\"ltr\"><span id=\"m_7214792327870450153gmail-docs-internal-guid-7c549443-7fff-f022-ea87-2e488656ace3\">Cene so v EUR in veljajo od 1. 1. 2019 do spremembe cenika oziroma do razprodaje zalog.DDV ni obra\u010dunan na podlagi 1. odstavka 94. \u010dlena Zakona o davku na dodano vrednost. Cene ne vklju\u010dujejo dostave. Cena dostave je odvisna od dostavne slu\u017ebe. Pridr\u017eujemo si pravico do spremembe cen brez predhodnega obvestila zaradi spremembe menjalni\u0161kega te\u010daja, tehni\u010dnih izbolj\u0161av ali sprememb na artiklih.\u00a0<\/span><\/p>\t\t\t\t\t\t<\/div>\n\t\t\t\t<\/div>\n\t\t\t\t<div class=\"elementor-element elementor-element-11929cc elementor-widget elementor-widget-text-editor\" data-id=\"11929cc\" data-element_type=\"widget\" data-widget_type=\"text-editor.default\">\n\t\t\t\t<div class=\"elementor-widget-container\">\n\t\t\t\t\t\t\t<p><span id=\"m_7214792327870450153gmail-docs-internal-guid-d2c5812d-7fff-872d-23c5-fc5da6290029\">Na\u010din pla\u010dila<\/span><\/p>\t\t\t\t\t\t<\/div>\n\t\t\t\t<\/div>\n\t\t\t\t<div class=\"elementor-element elementor-element-8679fc3 elementor-widget__width-inherit elementor-widget elementor-widget-text-editor\" data-id=\"8679fc3\" data-element_type=\"widget\" data-widget_type=\"text-editor.default\">\n\t\t\t\t<div class=\"elementor-widget-container\">\n\t\t\t\t\t\t\t<p dir=\"ltr\">Pravne ali fizi\u010dne osebe lahko pla\u010dajo naro\u010deno blago po predra\u010dunu (z gotovino ali pla\u010dilnimi karticami) ali s kreditno kartico (preko pla\u010dilnega sistema Stripe).\u00a0<\/p><p dir=\"ltr\">V kolikor izberete pla\u010dilo po predra\u010dunu mora le-ta biti poravnan v treh dneh, v nasprotnem primeru se naro\u010dilo stornira.<\/p>\t\t\t\t\t\t<\/div>\n\t\t\t\t<\/div>\n\t\t\t\t<div class=\"elementor-element elementor-element-84322da elementor-widget elementor-widget-text-editor\" data-id=\"84322da\" data-element_type=\"widget\" data-widget_type=\"text-editor.default\">\n\t\t\t\t<div class=\"elementor-widget-container\">\n\t\t\t\t\t\t\t<p><span id=\"m_7214792327870450153gmail-docs-internal-guid-d2c5812d-7fff-872d-23c5-fc5da6290029\">Dostava<br \/><\/span><\/p>\t\t\t\t\t\t<\/div>\n\t\t\t\t<\/div>\n\t\t\t\t<div class=\"elementor-element elementor-element-c9aee6e elementor-widget__width-inherit elementor-widget elementor-widget-text-editor\" data-id=\"c9aee6e\" data-element_type=\"widget\" data-widget_type=\"text-editor.default\">\n\t\t\t\t<div class=\"elementor-widget-container\">\n\t\t\t\t\t\t\t<p dir=\"ltr\">Vsa naro\u010dila oddana do 12. ure vam bomo poslali s paketno dostavo GLS Slovenije ali Po\u0161ta Slovenije \u0161e isti delovni dan oziroma \u010de je druga\u010de, vas obvestimo na e-naslov ali na telefon.<\/p><p dir=\"ltr\">NEPREVZEMANJE PAKETOV: V kolikor paketa ne boste prevzeli, brez pisnega obvestila o odstopu nakupa na <a href=\"mailto:marusapotokar@gmail.com\" target=\"_blank\" rel=\"noopener\"><span class=\"il\">marusapotokar@gmail.com<\/span><\/a>, vam bomo primorani zara\u010dunati stro\u0161ke po\u0161iljanja in vra\u010dila paketa.<\/p>\t\t\t\t\t\t<\/div>\n\t\t\t\t<\/div>\n\t\t\t\t<div class=\"elementor-element elementor-element-4bafe26 elementor-widget elementor-widget-text-editor\" data-id=\"4bafe26\" data-element_type=\"widget\" data-widget_type=\"text-editor.default\">\n\t\t\t\t<div class=\"elementor-widget-container\">\n\t\t\t\t\t\t\t<p><span id=\"m_7214792327870450153gmail-docs-internal-guid-d2c5812d-7fff-872d-23c5-fc5da6290029\">Reklamacije in vra\u010dila<\/span><\/p>\t\t\t\t\t\t<\/div>\n\t\t\t\t<\/div>\n\t\t\t\t<div class=\"elementor-element elementor-element-b1f9616 elementor-widget__width-inherit elementor-widget elementor-widget-text-editor\" data-id=\"b1f9616\" data-element_type=\"widget\" data-widget_type=\"text-editor.default\">\n\t\t\t\t<div class=\"elementor-widget-container\">\n\t\t\t\t\t\t\t<p dir=\"ltr\">Do reklamacije ste upravi\u010deni v skladu z dikcijo Zakona o varstvu potro\u0161nikov (ZVP), ki dolo\u010da postopke vlaganj reklamacij na proizvodih oz. storitvah.<br \/>Morebitno reklamacijo javite in opi\u0161ite po e po\u0161ti: <a><span class=\"il\">marusapotokar@gmail.com<\/span><\/a> ali na telefonsko \u0161tevilko: 040 276 227.<\/p>\t\t\t\t\t\t<\/div>\n\t\t\t\t<\/div>\n\t\t\t\t<div class=\"elementor-element elementor-element-9452548 elementor-widget elementor-widget-text-editor\" data-id=\"9452548\" data-element_type=\"widget\" data-widget_type=\"text-editor.default\">\n\t\t\t\t<div class=\"elementor-widget-container\">\n\t\t\t\t\t\t\t<p><span id=\"m_7214792327870450153gmail-docs-internal-guid-d2c5812d-7fff-872d-23c5-fc5da6290029\">Odstop od naro\u010dila<br \/><\/span><\/p>\t\t\t\t\t\t<\/div>\n\t\t\t\t<\/div>\n\t\t\t\t<div class=\"elementor-element elementor-element-0d3158e elementor-widget__width-inherit elementor-widget elementor-widget-text-editor\" data-id=\"0d3158e\" data-element_type=\"widget\" data-widget_type=\"text-editor.default\">\n\t\t\t\t<div class=\"elementor-widget-container\">\n\t\t\t\t\t\t\t<p dir=\"ltr\">Kupec ima pravico do vra\u010dila izdelka ali zamenjave izdelka za drug izdelek brez navajanja konkretnega razloga v roku 8 dni od prejema izdelka. Svojo namero kupec izrazi pisno na mail <a><span class=\"il\">marusapotokar@gmail.com<\/span><\/a>. Po oddaji obvestila o vra\u010dilu ali zamenjavi je kupec dol\u017ean vrniti izdelek prodajalcu najkasneje v roku 8 dni ob oddaji zahtevka za vra\u010dilo. Izdelek mora biti v originalni embala\u017ei, nepo\u0161kodovan in neuporabljen. Izdelek mora biti dobro zapakiran, da se originalna embala\u017ea in\/ali izdelek med transportom ne po\u0161kodujeta.<\/p><p dir=\"ltr\">Stro\u0161ek po\u0161tnine, ki nastane ob vra\u010dilu artikla, nosi kupec, razen \u010de se zamenjava izvr\u0161i zaradi dostave napa\u010dnega ali okvarjenega izdelka. Paketov z odkupnino ne sprejemamo. Kupec odgovarja za po\u0161kodbe, ki nastanejo pri transportu zaradi neprimerno zapakiranega izdelka.<\/p><p dir=\"ltr\">Ko prodajalec prejme vrnjen izdelek in preveri, da je v brezhibnem stanju, vrne kupnino. Kupnina se vrne na TRR, ki ga je kupec navedel v zahtevku za vra\u010dilo.<\/p>\t\t\t\t\t\t<\/div>\n\t\t\t\t<\/div>\n\t\t\t\t<div class=\"elementor-element elementor-element-87e4e76 elementor-widget elementor-widget-text-editor\" data-id=\"87e4e76\" data-element_type=\"widget\" data-widget_type=\"text-editor.default\">\n\t\t\t\t<div class=\"elementor-widget-container\">\n\t\t\t\t\t\t\t<p><span id=\"m_7214792327870450153gmail-docs-internal-guid-d2c5812d-7fff-872d-23c5-fc5da6290029\">Varovanje podatkov<br \/><\/span><\/p>\t\t\t\t\t\t<\/div>\n\t\t\t\t<\/div>\n\t\t\t\t<div class=\"elementor-element elementor-element-6e7fd7d elementor-widget__width-inherit elementor-widget elementor-widget-text-editor\" data-id=\"6e7fd7d\" data-element_type=\"widget\" data-widget_type=\"text-editor.default\">\n\t\t\t\t<div class=\"elementor-widget-container\">\n\t\t\t\t\t\t\t<p dir=\"ltr\"><span id=\"m_7214792327870450153gmail-docs-internal-guid-7c549443-7fff-f022-ea87-2e488656ace3\">Podjetje BE FREE, Maru\u0161a Potokar s.p. se zavezuje, da bo varovalo vse osebne podatke. Ti bodo uporabljeni izklju\u010dno za po\u0161iljanje informativnega gradiva, ponudb, ra\u010dunov in drugo potrebno komunikacijo. Va\u0161ih podatkov v nobenem primeru ne bomo posredovali tretji osebi.<\/span><\/p>\t\t\t\t\t\t<\/div>\n\t\t\t\t<\/div>\n\t\t\t\t<div class=\"elementor-element elementor-element-7663e0e elementor-widget elementor-widget-text-editor\" data-id=\"7663e0e\" data-element_type=\"widget\" data-widget_type=\"text-editor.default\">\n\t\t\t\t<div class=\"elementor-widget-container\">\n\t\t\t\t\t\t\t<p><span id=\"m_7214792327870450153gmail-docs-internal-guid-d2c5812d-7fff-872d-23c5-fc5da6290029\">Drugi pogoji<br \/><\/span><\/p>\t\t\t\t\t\t<\/div>\n\t\t\t\t<\/div>\n\t\t\t\t<div class=\"elementor-element elementor-element-7081bfc elementor-widget__width-inherit elementor-widget elementor-widget-text-editor\" data-id=\"7081bfc\" data-element_type=\"widget\" data-widget_type=\"text-editor.default\">\n\t\t\t\t<div class=\"elementor-widget-container\">\n\t\t\t\t\t\t\t<p dir=\"ltr\"><span id=\"m_7214792327870450153gmail-docs-internal-guid-7c549443-7fff-f022-ea87-2e488656ace3\">V primeru zamude pla\u010dila, si pridr\u017eujemo pravico zara\u010dunavati zamudne obresti v skladu z zakonom o zamudnih obrestnih merah in zara\u010dunati stro\u0161ke opominjanja in izterjave. Za ostale pravice in obveznosti se uporabljajo veljavna zakonska dolo\u010dila. Vse spore bosta stranki re\u0161evali sporazumno. \u010ce sporazuma ne bi mogli dose\u010di, bo spor re\u0161evalo pristojno sodi\u0161\u010de v Ljubljani.<\/span><\/p>\t\t\t\t\t\t<\/div>\n\t\t\t\t<\/div>\n\t\t\t\t\t<\/div>\n\t\t<\/div>\n\t\t\t\t\t\t\t<\/div>\n\t\t<\/section>\n\t\t\t\t\t<\/div>\n\t\t<\/div>\n\t\t\t\t\t\t\t<\/div>\n\t\t<\/section>\n\t\t\t\t\t\t\t<\/div>","protected":false},"excerpt":{"rendered":"<p>Pogoji poslovanja Splo\u0161ni pogoji Splo\u0161ni pogoji poslovanja spletne trgovine podjetja BE FREE, Maru\u0161a Potokar s.p. so sestavljeni v skladu z Zakonom o varstvu potro\u0161nikov (ZVPot), Zakonom o varstvu osebnih podatkov (ZVOP-1) in Zakonom o elektronskih komunikacijah (ZEKom-1). Splo\u0161ni pogoji poslovanja dolo\u010dajo delovanje spletne trgovine podjetja BE FREE, Maru\u0161a Potokar s.p. (v nadaljevanju: prodajalec), pravice in obveznosti kupca in prodajalca ter njun poslovni odnos. S spletno trgovino upravlja podjetje BE FREE, Maru\u0161a Potokar s.p.,Pod gozdom c. VI 5, 1290 Grosuplje, mati\u010dna \u0161tevilka: 8417253000, dav\u010dna \u0161tevilka: 68748515. Naro\u010danje Naro\u010dila sprejemamo v BE FREE, Maru\u0161a Potokar s.p. spletni trgovini, po\u0161ti in e-po\u0161ti: marusapotokar@gmail.com.\u00a0\u2026<\/p>","protected":false},"author":1,"featured_media":0,"parent":0,"menu_order":0,"comment_status":"closed","ping_status":"closed","template":"","meta":{"_seopress_robots_primary_cat":"","footnotes":""},"class_list":["post-6684","page","type-page","status-publish","hentry"],"blocksy_meta":"","_links":{"self":[{"href":"https:\/\/www.marusapotokar.com\/en\/wp-json\/wp\/v2\/pages\/6684","targetHints":{"allow":["GET"]}}],"collection":[{"href":"https:\/\/www.marusapotokar.com\/en\/wp-json\/wp\/v2\/pages"}],"about":[{"href":"https:\/\/www.marusapotokar.com\/en\/wp-json\/wp\/v2\/types\/page"}],"author":[{"embeddable":true,"href":"https:\/\/www.marusapotokar.com\/en\/wp-json\/wp\/v2\/users\/1"}],"replies":[{"embeddable":true,"href":"https:\/\/www.marusapotokar.com\/en\/wp-json\/wp\/v2\/comments?post=6684"}],"version-history":[{"count":0,"href":"https:\/\/www.marusapotokar.com\/en\/wp-json\/wp\/v2\/pages\/6684\/revisions"}],"wp:attachment":[{"href":"https:\/\/www.marusapotokar.com\/en\/wp-json\/wp\/v2\/media?parent=6684"}],"curies":[{"name":"wp","href":"https:\/\/api.w.org\/{rel}","templated":true}]}}