{"id":4190,"date":"2023-10-05T07:59:44","date_gmt":"2023-10-05T07:59:44","guid":{"rendered":"https:\/\/www.ivh9.si\/Ponudbe\/flower\/?post_type=product&#038;p=4190"},"modified":"2025-12-08T13:35:56","modified_gmt":"2025-12-08T12:35:56","slug":"access-bars","status":"publish","type":"product","link":"https:\/\/www.marusapotokar.com\/en\/product\/access-bars\/","title":{"rendered":"Access Bars\u00aeLjubljana"},"content":{"rendered":"<h2 style=\"text-align: center;\">Ste se \u017ee kdaj zalotili, da reagirate na najmanj\u0161e stvari?<br \/>\nAli pa se vam zdi, da ne morete izklopiti misli, ne glede na to, kaj posku\u0161ate? Se po\u010dutite pod stresom, utrujeni, tesnobni ali zaskrbljeni?<\/h2>\n<p>Kaj \u010de obstaja na\u010din, kako zmanj\u0161ati hrup v glavi, ne da bi morali sedeti v jami ali ve\u010d ur meditirati? Kaj \u010de bi lahko pritisnili na gumb in uti\u0161ali glas v glavi, ki vam govori, da niste dovolj dobri ali da ne morete dose\u010di tistega, o \u010demer sanjate? Obstaja!<\/p>\n<p>Access Bars je ne\u017een tretma z rahlim dotikom na glavo, ki ga lahko izvaja vsak. V ve\u010d kot 100 dr\u017eavah ga izvaja ve\u010d kot 500.000 ljudi po vsem svetu, ki so se udele\u017eili enodnevnega te\u010daja Access Bars\u00ae.<\/p>\n<h2>Enodnevni te\u010daj Access Bars<sup>\u00ae<\/sup><\/h2>\n<p>Te\u010daj Access Bars je enodnevni te\u010daj, ki traja okvirno 6-7 ur. Va\u0161 Access Bars Facilitator (BF) vam bo zagotovil iz\u010drpen priro\u010dnik in podrobne tabele glave, ki vam bodo pomagali pri u\u010denju Access Bars in pridobivanju naziva Access Bars Practitioner (BP).<\/p>\n<h2>Kaj se boste nau\u010dili na te\u010daju<\/h2>\n<p>Poleg tega, kar se boste nau\u010dili o Access Bars, je priro\u010dnik poln orodij, vpra\u0161anj in postopkov iz AccessConsciousness<sup>\u00ae<\/sup>, ki spreminjajo \u017eivljenje. Ta te\u010daj je veliko ve\u010d kot le u\u010denje novega energijskega na\u010dina; omogo\u010da vam, da ustvarite spremembe na \u0161tevilnih podro\u010djih svojega \u017eivljenja.<\/p>\n<p>Po udele\u017ebi na tem te\u010daju lahko svojim prijateljem in dru\u017eini podarite seanse Access Bars. Access Bars lahko dodate tudi svoji trenutni wellness praksi ali ustvarite podjetje kot Access Bars Practitioner.<\/p>\n<h2>Kako vam Barsi lahko pomagajo:<\/h2>\n<ul>\n<li><span style=\"font-weight: 400;\">zmanj\u0161ati stres in tesnobo<\/span><\/li>\n<li><span style=\"font-weight: 400;\">odstraniti omejujo\u010da prepri\u010danja<\/span><\/li>\n<li><span style=\"font-weight: 400;\">pove\u010dati jasnost in osredoto\u010denost<\/span><\/li>\n<li><span style=\"font-weight: 400;\">pove\u010dati ustvarjalnost<\/span><\/li>\n<li><span style=\"font-weight: 400;\">spodbuditi bolj\u0161i spanec<\/span><\/li>\n<li><span style=\"font-weight: 400;\">izbolj\u0161a du\u0161evno in \u010dustveno po\u010dutje<\/span><\/li>\n<li><span style=\"font-weight: 400;\">Izbolj\u0161ajte ljubezen do sebe in samosprejemanje, saj pomagate odstraniti negativne samogovore in \u010dustvene blokade.<\/span><\/li>\n<\/ul>\n<h2>Kaj je vklju\u010deno?<\/h2>\n<ul>\n<li>Trening, ki ga izvaja licenciran Access Bars Facilitator<\/li>\n<li>Prejem dveh seans Access Bars<\/li>\n<li>Podarjanje dveh seans Access Bars<\/li>\n<li>ogled posebnega videoposnetka z navodili, v katerem soustvarjalca Access Consciousness, Gary Douglas in Dr. Dain Heer, osebno predstavita tehniko<\/li>\n<li>iz\u010drpen priro\u010dnik in podrobne tabele glave<\/li>\n<\/ul>\n<div class=\"footer bg-stripes-purple\">\n<p>&nbsp;<\/p>\n<p>Po opravljenem te\u010daju prejmete tudi certifikat.<\/p>\n<\/div>\n<p>&nbsp;<\/p>\n<p>&nbsp;<\/p>","protected":false},"excerpt":{"rendered":"<p>Dobrodo\u0161li v najbolj spro\u0161\u010dujo\u010di, razbremenilni tehniki dobrega po\u010dutja, za katero morda \u0161e niste sli\u0161ali&#8230; Access Bars\u00ae<\/p>","protected":false},"featured_media":8022,"template":"","meta":{"_seopress_robots_primary_cat":"none"},"product_cat":[105,120],"product_tag":[],"class_list":{"0":"post-4190","1":"product","2":"type-product","3":"status-publish","4":"has-post-thumbnail","6":"product_cat-dogodki","7":"product_cat-dogodkivzivo","9":"first","10":"instock","11":"shipping-taxable","12":"purchasable","13":"product-type-variable"},"_links":{"self":[{"href":"https:\/\/www.marusapotokar.com\/en\/wp-json\/wp\/v2\/product\/4190","targetHints":{"allow":["GET"]}}],"collection":[{"href":"https:\/\/www.marusapotokar.com\/en\/wp-json\/wp\/v2\/product"}],"about":[{"href":"https:\/\/www.marusapotokar.com\/en\/wp-json\/wp\/v2\/types\/product"}],"version-history":[{"count":0,"href":"https:\/\/www.marusapotokar.com\/en\/wp-json\/wp\/v2\/product\/4190\/revisions"}],"wp:featuredmedia":[{"embeddable":true,"href":"https:\/\/www.marusapotokar.com\/en\/wp-json\/wp\/v2\/media\/8022"}],"wp:attachment":[{"href":"https:\/\/www.marusapotokar.com\/en\/wp-json\/wp\/v2\/media?parent=4190"}],"wp:term":[{"taxonomy":"product_cat","embeddable":true,"href":"https:\/\/www.marusapotokar.com\/en\/wp-json\/wp\/v2\/product_cat?post=4190"},{"taxonomy":"product_tag","embeddable":true,"href":"https:\/\/www.marusapotokar.com\/en\/wp-json\/wp\/v2\/product_tag?post=4190"}],"curies":[{"name":"wp","href":"https:\/\/api.w.org\/{rel}","templated":true}]}}