{"id":4194,"date":"2023-10-05T08:07:53","date_gmt":"2023-10-05T08:07:53","guid":{"rendered":"https:\/\/www.ivh9.si\/Ponudbe\/flower\/?post_type=product&#038;p=4194"},"modified":"2025-10-13T18:09:10","modified_gmt":"2025-10-13T17:09:10","slug":"masazna-miza-lesena-2-delna-185x70cm","status":"publish","type":"product","link":"https:\/\/www.marusapotokar.com\/en\/product\/masazna-miza-lesena-2-delna-185x70cm\/","title":{"rendered":"Massage table, wooden, 2-zone, 185x70cm"},"content":{"rendered":"<p><em><strong>Masa\u017ena miza, klasi\u010dna, lesena, 2-conska <\/strong><\/em>primerna za maserje, fizioterapevte, kozmeti\u010dne storitve, refleksoterapijo, reiki, energetske terapevte, itd&#8230;<\/p>\n<p>&nbsp;<\/p>\n<p>To je zelo lahka in kvalitetna miza. Primerna je tudi za prenos iz ene lokacije na drugo, saj ima prilo\u017eeno za\u0161\u010ditno torbo. Dol\u017eina mize je 185 cm (brez naslona za glavo), \u0161irina 70cm (brez naslona za roke), zaobljeni vogali in oja\u010dana plo\u0161\u010da. Dodatke boste prejeli brezpla\u010dno. Dodatki, ki so vklju\u010deni v opremo mize: naslon za roke spredaj, naslon za roko bo\u010dni, naslon za glavo, ergonomski (nastavljiv v razli\u010dnih stopnjah), nasloni za luknje, zapirajo\u010di se z udobno blazino, lepa in udobna masa\u017ena miza skupaj s kompaktno in vzdr\u017eljivo vre\u010do s pasom za no\u0161enje in stranskim \u017eepom.<\/p>\n<p>&nbsp;<\/p>\n<p><em><strong>Tehni\u010dni podatki masa\u017ene mize:<\/strong><\/em><\/p>\n<p>Konstrukcija je izdelana iz trpe\u017enega bukovega lesa &#8211; oja\u010dani in zaobljeni vogali &#8211; podloga iz pene, podalj\u0161ana za 7 cm. Prevleka iz umetnega usnja, ki se zlahka o\u010disti iz vseh krem \u200b\u200bin olj.<\/p>\n<p>&nbsp;<\/p>\n<p><strong><em>Zelo je mehka in udobna,<\/em><\/strong> tudi za dalj\u0161e tretmaje (ve\u010d kot 1 uro)<\/p>\n<p>&nbsp;<\/p>\n<p><em><strong>Lesena miza je zlo\u017eljiva<\/strong><\/em>\u00a0za la\u017eji transport in je dobavljena \u017ee sestavljena, pripravljena za uporabo.<\/p>\n<p>&nbsp;<\/p>\n<p><em><strong>Mere in specifikacije:<\/strong><\/em><\/p>\n<p>&#8211; Dol\u017eina 185 cm. (z vzglavjem 215 cm)<\/p>\n<p>&#8211; Vi\u0161ina nastavljiva od 64 do 84 cm.<\/p>\n<p>&#8211; \u0160irina 70 cm. (z naslonom za roke 92 cm)<\/p>\n<p>&#8211; Barve krem, \u010drna, modra, roza in vijoli\u010dna.<\/p>\n<p>&#8211; Nosilnost do 240 kg\u00a0dinami\u010dno in 900 kg stati\u010dno.<\/p>\n<p>&#8211; Te\u017ea\u00a0pribli\u017eno 12,8\u00a0kg (brez dodatkov)\u00a0&#8211; 14,8\u00a0kg (z dodatki)<\/p>\n<p>&nbsp;<\/p>","protected":false},"excerpt":{"rendered":"<h2 data-start=\"257\" data-end=\"329\">\ud83c\udf3f Naprodaj masa\u017ene mize \u2013 NOVE &#8211; udobje, stabilnost in lahkotnost v enem \ud83c\udf3f<\/h2>\n<p data-start=\"331\" data-end=\"538\">\u010ce i\u0161\u010de\u0161 zanesljivo, udobno in kakovostno masa\u017eno mizo za svoje tretmaje, te bo ta zagotovo navdu\u0161ila.<br data-start=\"433\" data-end=\"436\" \/>Primerna je za vse masa\u017ee, Access Bars\u00ae, energijske terapije, refleksoterapijo ali sprostitvene tretmaje.<\/p>\n<p>Prenosna masa\u017ena miza je na voljo v razli\u010dnih barvah.<\/p>","protected":false},"featured_media":8131,"template":"","meta":{"_seopress_robots_primary_cat":"none"},"product_cat":[106],"product_tag":[],"class_list":{"0":"post-4194","1":"product","2":"type-product","3":"status-publish","4":"has-post-thumbnail","6":"product_cat-masazne-mize","8":"first","9":"instock","10":"shipping-taxable","11":"purchasable","12":"product-type-simple"},"_links":{"self":[{"href":"https:\/\/www.marusapotokar.com\/en\/wp-json\/wp\/v2\/product\/4194","targetHints":{"allow":["GET"]}}],"collection":[{"href":"https:\/\/www.marusapotokar.com\/en\/wp-json\/wp\/v2\/product"}],"about":[{"href":"https:\/\/www.marusapotokar.com\/en\/wp-json\/wp\/v2\/types\/product"}],"version-history":[{"count":0,"href":"https:\/\/www.marusapotokar.com\/en\/wp-json\/wp\/v2\/product\/4194\/revisions"}],"wp:featuredmedia":[{"embeddable":true,"href":"https:\/\/www.marusapotokar.com\/en\/wp-json\/wp\/v2\/media\/8131"}],"wp:attachment":[{"href":"https:\/\/www.marusapotokar.com\/en\/wp-json\/wp\/v2\/media?parent=4194"}],"wp:term":[{"taxonomy":"product_cat","embeddable":true,"href":"https:\/\/www.marusapotokar.com\/en\/wp-json\/wp\/v2\/product_cat?post=4194"},{"taxonomy":"product_tag","embeddable":true,"href":"https:\/\/www.marusapotokar.com\/en\/wp-json\/wp\/v2\/product_tag?post=4194"}],"curies":[{"name":"wp","href":"https:\/\/api.w.org\/{rel}","templated":true}]}}