{"id":4200,"date":"2023-10-05T08:20:18","date_gmt":"2023-10-05T08:20:18","guid":{"rendered":"https:\/\/www.ivh9.si\/Ponudbe\/flower\/?post_type=product&#038;p=4200"},"modified":"2024-12-19T12:51:35","modified_gmt":"2024-12-19T12:51:35","slug":"telesni-procesi-access-consciousness-tretma","status":"publish","type":"product","link":"https:\/\/www.marusapotokar.com\/en\/product\/telesni-procesi-access-consciousness-tretma\/","title":{"rendered":"Telesni procesi Access Consciousness &#8211; TRETMA"},"content":{"rendered":"<p>Kaj \u010de bi bilo va\u0161e telo kompas ali vodnik do skrivnosti, misterijev in \u010darobnosti \u017eivljenja?<\/p>\n<p>Namen tretmaja telesnega procesa \u00a0je vzpostaviti dialog in komunikacijo s telesom, ki vam omogo\u010da, da u\u017eivate v svojem telesu, namesto da bi se borili proti njemu in ga zlorabljali.<\/p>\n<p>Izbirate lahko med ve\u010d kot 50 telesnimi procesi. Nekaj jih podelim spodaj:<\/p>\n<ul>\n<li>Energijski Facelift<\/li>\n<\/ul>\n<h4><em>Access Energetic Facelift je \u010dudovit na\u010din za pomlajevanje obraza in odpravljanje znakov staranja na obrazu in celotnem telesu.<\/em><\/h4>\n<p>Ne\u017een pomirjujo\u010d dotik, ki ga nanesete na obraz in vrat, deluje na celice va\u0161ega telesa in jih obnavlja, po\u017eivlja in pomlajuje.<\/p>\n<p style=\"text-align: center;\"><em>Ljudje so poro\u010dali o naslednjih spremembah:<\/em><\/p>\n<p style=\"text-align: center;\"><em>Sve\u017e in sijo\u010d obraz<\/em><\/p>\n<p style=\"text-align: center;\"><em>elasti\u010dnost ko\u017ee<\/em><\/p>\n<p style=\"text-align: center;\"><em>jasnost o\u010di<\/em><\/p>\n<p style=\"text-align: center;\"><em>sijaj v laseh<\/em><\/p>\n<p style=\"text-align: center;\"><em>dvig prsi in zadnjice<\/em><\/p>\n<p style=\"text-align: center;\"><em>izbolj\u0161ana energija<\/em><\/p>\n<p style=\"text-align: center;\"><em>ve\u010dja spro\u0161\u010denost<\/em><\/p>\n<p>&nbsp;<\/p>\n<ul>\n<li>Anafilakti\u010dni \u0161ok in kvadrat laksacije<\/li>\n<\/ul>\n<p>Uporabljajte pri preobremenjenih ali iz\u010drpanih mi\u0161icah.<\/p>\n<ul>\n<li>Protitelesa proti zavesti<\/li>\n<\/ul>\n<p>Kadar je zavest postala neznana, nevarna ali tuja.<\/p>\n<ul>\n<li>Odprava, izkoreninjenje in razpr\u0161itev biomimeti\u010dnega in biomimeti\u010dnega posnemanja bole\u010din, poti in resni\u010dnosti drugih ljudi<\/li>\n<\/ul>\n<p>Kjer s posnemanjem drugih ustvarjamo svoja \u017eivljenja in svoja telesa.<\/p>\n<ul>\n<li>Celi\u010dni spomin<\/li>\n<\/ul>\n<p>Sprostitev celic iz to\u010dke, v kateri so obti\u010dale.<\/p>\n<ul>\n<li>Vezje<\/li>\n<\/ul>\n<p>To deluje pri \u017eivalih in ljudeh, ki so utrpeli kak\u0161no telesno travmo. To so procesi, ki jih izvajate na ljudeh, da bi delovali v povezavi s fizi\u010dnimi stanji v telesu.<\/p>\n<ul>\n<li>Popravljanje vida<\/li>\n<\/ul>\n<p>Lahko pomaga pri vidu.<\/p>\n<ul>\n<li>De-molekularna manifestacija in molekularna de-manifestacija<\/li>\n<\/ul>\n<p>Ustvarite nekaj, kar ne obstaja, ali razgradite nekaj, kar obstaja.<\/p>\n<ul>\n<li>Neskladja in neskladnosti v limfnih \u017elezah<\/li>\n<\/ul>\n<p>Limfni in \u017elezni sistem predvsem za sluh, u\u0161esa in zama\u0161enost sinusov.<\/p>\n<ul>\n<li>Odprava in izkoreninjenje mikrobioti\u010dne pu\u0161\u010davni\u0161ke dermisa in udejanjenje mikrobioti\u010dnega generativnega dermisa za telo in Zemljo<\/li>\n<\/ul>\n<p>Ta proces ni razlo\u017een, da lahko va\u0161e telo do\u017eivi energijo v razredu<\/p>\n<ul>\n<li>Molekularni terminalni valen\u010dni sistem za odstranjevanje sluznic (MTVSS)<\/li>\n<\/ul>\n<p>Mo\u010dna koalescenca ve\u010d kot dvajsetih energij za ljudi in \u017eivali<\/p>\n<ul>\n<li>Obnovitev komunikacije z Zemljo<\/li>\n<\/ul>\n<p>Za\u010dne obnavljati komunikacijo med Zemljo, na\u0161imi telesi in nami, ki je mogo\u010da.<\/p>\n<ul>\n<li>Obnovitev strukturne celovitosti in delovanja<\/li>\n<\/ul>\n<p>Ta postopek pomaga obnoviti strukturno celovitost in delovanje telesa.<\/p>\n<ul>\n<li>Kvadratni koren od minus ena<\/li>\n<\/ul>\n<p>Lahko pomaga pri krepitvi imunskega sistema za premagovanje bolezni.<\/p>\n<ul>\n<li>Izvorno polje za odpravo in izkoreninjenje strupenih amalgamov<\/li>\n<li>Namestitev, ustvarjanje in udejanjanje akusti\u010dnega telesa<\/li>\n<li>Vzbujanje kaosa kot vira humanoidne odpornosti<\/li>\n<li>Aktivacija in udejanjanje odpornosti na staranje teles<\/li>\n<li>Inicializacija, aktivacija in eksponentnost mladostni\u0161tva<\/li>\n<li>IAE brezmejne energije, brezmejnega bogastva in brezmejnih mo\u017enosti<\/li>\n<li>E&amp;E utele\u0161enja vseh preteklih misli in \u010dustev<\/li>\n<li>Ustvarjanje akusti\u010dne molekularne strukture<\/li>\n<li>Mutacija utele\u0161enja<\/li>\n<li>BMM in 90-odstotna zmogljivost mo\u017eganov &#8211; celodnevni te\u010daj<\/li>\n<\/ul>\n<p>To je te\u010daj z dvema procesoma.<\/p>\n<p>1. Proces lahko uporabite za pomo\u010d pri spremembah, pri katerih ustvarjamo svoje \u017eivljenje in telo iz posnemanja drugih, namesto iz svoje izbire.<\/p>\n<p>Drugi proces vam lahko pomaga pri dostopu do 90 % mo\u017eganov, ki jih ne uporabljate.<\/p>\n<ul>\n<li>Uni\u010denje in odstranitev vseh sprememb mRNA, ki so namenjene nadzoru nad vami<\/li>\n<li>Odprava, izkoreninjenje in razpr\u0161itev vseh la\u017ei, zaklenjenih v telesu<\/li>\n<li>Alternativni viri energij, ki jih povzro\u010dajo mo\u017enosti telesa in z njim<\/li>\n<li>Holografska mutacija na to\u010dkah imunskega sistema<\/li>\n<li>Stopnjevanje predmo\u017eganskih zmogljivosti ter odprava in izkoreninjenje mo\u017eganokracije<\/li>\n<li>Legenda o El Doradu<\/li>\n<li>Odpravljanje in izkoreninjenje psihosomatskih zapor, encisti\u010dnosti in omamljenosti v telesih<\/li>\n<li>Izbris vseh programov, ki jih je povzro\u010dila umetna inteligenca<\/li>\n<li>Odprava in izkoreninjenje velikih 5*, zaprtih v telesih<\/li>\n<li>Taljenje vseh osebnosti, zaklenjenih v telesih<\/li>\n<li>Institucija elementov obilja in denarja , itd&#8230;.<\/li>\n<\/ul>\n<p>&nbsp;<\/p>\n<p>Med izvajanem terapije telesnih procesov vedno vpra\u0161am telo, kateri telesni proces bo najve\u010dji prispevek in sledim energiji.<\/p>\n<p>&nbsp;<\/p>\n<p>Terapija traja 60 minut. Izvaja se \u010dez obleko.<\/p>\n<p>&nbsp;<\/p>\n<p>&nbsp;<\/p>\n<p>&nbsp;<\/p>","protected":false},"excerpt":{"rendered":"<p>Telesa rada prejemajo, se negujejo in prispevajo k vam.<\/p>\n<p>&nbsp;<\/p>","protected":false},"featured_media":6393,"template":"","meta":{"_seopress_robots_primary_cat":"none"},"product_cat":[103],"product_tag":[],"class_list":{"0":"post-4200","1":"product","2":"type-product","3":"status-publish","4":"has-post-thumbnail","6":"product_cat-tretmaji","8":"first","9":"instock","10":"virtual","11":"purchasable","12":"product-type-simple"},"_links":{"self":[{"href":"https:\/\/www.marusapotokar.com\/en\/wp-json\/wp\/v2\/product\/4200","targetHints":{"allow":["GET"]}}],"collection":[{"href":"https:\/\/www.marusapotokar.com\/en\/wp-json\/wp\/v2\/product"}],"about":[{"href":"https:\/\/www.marusapotokar.com\/en\/wp-json\/wp\/v2\/types\/product"}],"version-history":[{"count":0,"href":"https:\/\/www.marusapotokar.com\/en\/wp-json\/wp\/v2\/product\/4200\/revisions"}],"wp:featuredmedia":[{"embeddable":true,"href":"https:\/\/www.marusapotokar.com\/en\/wp-json\/wp\/v2\/media\/6393"}],"wp:attachment":[{"href":"https:\/\/www.marusapotokar.com\/en\/wp-json\/wp\/v2\/media?parent=4200"}],"wp:term":[{"taxonomy":"product_cat","embeddable":true,"href":"https:\/\/www.marusapotokar.com\/en\/wp-json\/wp\/v2\/product_cat?post=4200"},{"taxonomy":"product_tag","embeddable":true,"href":"https:\/\/www.marusapotokar.com\/en\/wp-json\/wp\/v2\/product_tag?post=4200"}],"curies":[{"name":"wp","href":"https:\/\/api.w.org\/{rel}","templated":true}]}}