{"id":5364,"date":"2024-05-09T10:04:17","date_gmt":"2024-05-09T10:04:17","guid":{"rendered":"https:\/\/www.ivh9.si\/Ponudbe\/potokar\/product\/dekoracija-nasad-v-obliki-venca-copy\/"},"modified":"2025-01-10T09:51:42","modified_gmt":"2025-01-10T08:51:42","slug":"online-21-dnevni-izziv-manifestacija-za-obilje-zdravje-denar-uspeh","status":"publish","type":"product","link":"https:\/\/www.marusapotokar.com\/en\/product\/online-21-dnevni-izziv-manifestacija-za-obilje-zdravje-denar-uspeh\/","title":{"rendered":"Online: 21 dnevni izziv Manifestacija za obilje, zdravje, denar, uspeh,&#8230;."},"content":{"rendered":"<div id=\"comp-kjd43ntu\" class=\"HcOXKn SxM0TO QxJLC3 comp-kjd43ntu wixui-rich-text\" data-testid=\"richTextElement\">\n<p class=\"font_8 wixui-rich-text__text\"><strong><span class=\"wixui-rich-text__text\">O delavnici<\/span><\/strong><\/p>\n<\/div>\n<div id=\"comp-kjc7ne2l1\" class=\"HcOXKn SxM0TO QxJLC3 comp-kjc7ne2l1 wixui-rich-text\" data-testid=\"richTextElement\">\n<p class=\"font_8\">Metoda 369 manifestacije postaja vse bolj priljubljena.<\/p>\n<p class=\"font_8\">\u017delim spregovorit o metodi 369 manifestacij, saj je ena mojih najljub\u0161ih! Karkoli po\u010dnete v svojem \u017eivljenju, nekako posku\u0161ate manifestirati, da bi se zgodile. Pa naj si bo to na podro\u010dju:<\/p>\n<p class=\"font_8\">&#8211; bolj\u0161e slu\u017ebe<\/p>\n<p class=\"font_8\">&#8211; zdravju<\/p>\n<p class=\"font_8\">&#8211; odnosih<\/p>\n<p class=\"font_8\">&#8211; da bi imeli ve\u010d strank<\/p>\n<p class=\"font_8\">&#8211; da bi imeli ve\u010d denarja<\/p>\n<p class=\"font_8\">&#8211; da bi shuj\u0161ali<\/p>\n<p class=\"font_8\">&#8211; na\u0161li svojo sorodno du\u0161o<\/p>\n<p class=\"font_8\">&#8211; da bi se razumeli z svojimi najbli\u017ejimi<\/p>\n<p class=\"font_8\">&#8211; da bi imeli dobre \u0161olske ocene in \u0161e bi lahko na\u0161tevala.<\/p>\n<p class=\"font_8\">Naj povem, da ima vsak svojo \u017eeljo in samo v tokratnem izzivu sem za vas pripravila popolnoma brezpla\u010den 15 minutni pogovor, da pripravimo &#8221; pravo izbiro, \u017eeljo na kateri vas trenutno te\u017ei&#8221;, da se zrealizira.<\/p>\n<p class=\"font_8\">Nekaj o metodi 369: Nikola Tesla je znanstvenik, ki obo\u017euje \u0161tevilke in je ustanovitelj te metodo. Metoda je znana tudi kot bo\u017eanska koda 3-6-9. Spodaj je citat, ki po mojem mnenju najbolje pojasnjuje razloge za to metodo:<\/p>\n<p class=\"font_8\"><em>&#8220;Zakaj prav \u0161tevilke 3-6-9? Sinhronost teh \u0161tevilk je v neposredni povezavi z vesoljem. \u0160tevilo tri je pomembno, ker je neposredna povezava z Virom\/Vesoljem. \u0160est predstavlja najglobljo mo\u010d, ki jo imamo v sebi. \u0160tevilka devet je v skladu s premikom iz preteklosti in pomaga sprostiti vse ob\u010dutke dvoma vase ali negativnosti.&#8221;<\/em><\/p>\n<p class=\"font_8\">Pravilo 17 sekund, ki ga je razvil Abraham Hicks, pravi, da je potrebnih le 17 sekund osredoto\u010danja na misel, da se aktivira njena vibracija. Po besedah Esther Hicks ima vse, kar obstaja, svojo vibracijo in ko ustvarimo misel \u00a0in aktiviramo njeno vibracijo, lahko zanjo uporabimo zakon privla\u010dnosti.<\/p>\n<p class=\"font_8\">Celotni program bo potekal preko dnevnih elektronskih sporo\u010dil, skupaj z dnevnimi vajami in povratnimi informacijami.<\/p>\n<p class=\"font_8\">Z vami bom delila razli\u010dne negovalne in energijske vaje, ki vam bodo v velik prispevek. Tako vam, kot va\u0161emu telesu. Za umirjenost telesa in duha in privabljanje \u017eelenega.<\/p>\n<p class=\"font_8\">In namen vsega skupaj je ta, da smo lahko ogromen doprinos vsem zato vas povabim, da <strong>podelite ta dogodek<\/strong> med vse svoje znance, ki so trenutno v kaoti\u010dnih situacijah, naj se dotakne vseh, tudi tistih, ki si izbirajo prejeti \u0161e ve\u010d.<\/p>\n<p class=\"font_8\">Ni omejitev. Sre\u010danja so \u00a0primerna za vse. In ni potrebe po nobenih predhodnih znanjih.<\/p>\n<p class=\"font_8\">Prispevek v vas:<\/p>\n<p class=\"font_8\">196 eur<\/p>\n<p class=\"font_8\"><strong><u>KAJ PREJMETE:<\/u><\/strong><\/p>\n<ul class=\"font_8\">\n<li><strong>MOJA PODPORA VSEH 21 DNI<\/strong><\/li>\n<li><strong>E-KNJI\u017dICO Z NAPOTKI Z LA\u017dJIMI ZA\u010cETKI<\/strong><\/li>\n<li><strong>MANIFESTACIJSKI DNEVNIK ZA VSEH 21 DNI ZA URESNI\u010cITEV VA\u0160IH SANJ<\/strong><\/li>\n<\/ul>\n<p class=\"font_8\">Spremljajte nas na <a href=\"http:\/\/www.marusapotokar\/\" target=\"_blank\" rel=\"noopener\" data-auto-recognition=\"true\">www.marusapotokar<\/a>. com oz. nas kontaktirajte in z veseljem vam podelim vse razpolo\u017eljive datume in kraje delavnic.<\/p>\n<p class=\"font_8\">21 dnevni izziv Manifestacije vodim Maru\u0161a Potokar, kjer se \u017ee ve\u010d kot 7 let izpopolnjujem na razli\u010dnih podro\u010djih \u017eivljenja, odvodila \u017ee preko 1000 delavnic in bila prispevek ogromno ljudem tako v Sloveniji kot v tujini, ki so resni\u010dno naredili spremembo.<\/p>\n<p class=\"font_8\"><em>Te\u010de \u017ee sedmo leto, ko me je pot peljala, da sem postala tako \u017eivljenjska kot poslovna in osebna trenerka, certificirana facilitatorica, ki izvajam te\u010daje, delavnice in terapije tako v Sloveniji kot v tujini. Sem ustvarjalka programov preko spleta in v \u017eivo na \u00a0temo: o odnosih, hvale\u017enosti, obilju, pove\u010danju samozavesti in na splo\u0161no o dobrem po\u010dutju s seboj in s telesom.<\/em><\/p>\n<p class=\"font_8\"><em>Opolnomo\u010dam vas z orodji, da izberete \u017eivljenja z ve\u010d radosti, da ste prisotnost, zavedanje in hvale\u017enost, ki so ustvarjalne mo\u010di na\u0161ega \u017eivljenja.<\/em><\/p>\n<p class=\"font_8\"><em>Sem licencirana trenerka masa\u017ee petih kontinentov, \u00a0Access Bars in Vibecodes metode zdravljenja, kjer se dotik povezuje\u00a0s posebnimi energijskimi metodami za spro\u0161\u010danje blokad, da bi aktivirali neskon\u010dni potencial in tako postati vodja na\u0161ega zasebnega in poslovnega \u017eivljenja.<\/em><\/p>\n<p class=\"font_8\"><em>Moja vizija je omogo\u010diti ljudem, da z lahkoto ustvarjajo in manifestirajo \u017eivljenje kakr\u0161nega bi \u017eeleli imeti. Ob tem ljudje izkusijo radost prisotnosti in celovitosti s telesom in umom.<\/em><\/p>\n<\/div>","protected":false},"excerpt":{"rendered":"<p>Metoda 369 manifestacije postaja vse bolj priljubljena.<\/p>","protected":false},"featured_media":6391,"template":"","meta":{"_seopress_robots_primary_cat":"none"},"product_cat":[118,112],"product_tag":[],"class_list":{"0":"post-5364","1":"product","2":"type-product","3":"status-publish","4":"has-post-thumbnail","6":"product_cat-spletni-dogodki","7":"product_cat-trgovina","9":"first","10":"instock","11":"sale","12":"virtual","13":"purchasable","14":"product-type-simple"},"_links":{"self":[{"href":"https:\/\/www.marusapotokar.com\/en\/wp-json\/wp\/v2\/product\/5364","targetHints":{"allow":["GET"]}}],"collection":[{"href":"https:\/\/www.marusapotokar.com\/en\/wp-json\/wp\/v2\/product"}],"about":[{"href":"https:\/\/www.marusapotokar.com\/en\/wp-json\/wp\/v2\/types\/product"}],"version-history":[{"count":0,"href":"https:\/\/www.marusapotokar.com\/en\/wp-json\/wp\/v2\/product\/5364\/revisions"}],"wp:featuredmedia":[{"embeddable":true,"href":"https:\/\/www.marusapotokar.com\/en\/wp-json\/wp\/v2\/media\/6391"}],"wp:attachment":[{"href":"https:\/\/www.marusapotokar.com\/en\/wp-json\/wp\/v2\/media?parent=5364"}],"wp:term":[{"taxonomy":"product_cat","embeddable":true,"href":"https:\/\/www.marusapotokar.com\/en\/wp-json\/wp\/v2\/product_cat?post=5364"},{"taxonomy":"product_tag","embeddable":true,"href":"https:\/\/www.marusapotokar.com\/en\/wp-json\/wp\/v2\/product_tag?post=5364"}],"curies":[{"name":"wp","href":"https:\/\/api.w.org\/{rel}","templated":true}]}}