{"id":5476,"date":"2024-05-31T20:48:48","date_gmt":"2024-05-31T20:48:48","guid":{"rendered":"https:\/\/www.ivh9.si\/Ponudbe\/potokar\/product\/testni-izdelek-pdf-in-video-copy\/"},"modified":"2026-01-26T10:35:56","modified_gmt":"2026-01-26T09:35:56","slug":"vibecodes-tretma","status":"publish","type":"product","link":"https:\/\/www.marusapotokar.com\/en\/product\/vibecodes-tretma\/","title":{"rendered":"VIBECODES TREATMENT"},"content":{"rendered":"<div data-elementor-type=\"product-post\" data-elementor-id=\"5476\" class=\"elementor elementor-5476\">\n\t\t\t\t\t\t\t\t\t<section class=\"elementor-section elementor-top-section elementor-element elementor-element-12f027f7 elementor-section-boxed elementor-section-height-default elementor-section-height-default\" data-id=\"12f027f7\" data-element_type=\"section\" data-settings=\"{&quot;jet_parallax_layout_list&quot;:[]}\">\n\t\t\t\t\t\t<div class=\"elementor-container elementor-column-gap-default\">\n\t\t\t\t\t<div class=\"elementor-column elementor-col-100 elementor-top-column elementor-element elementor-element-6f8e2325\" data-id=\"6f8e2325\" data-element_type=\"column\">\n\t\t\t<div class=\"elementor-widget-wrap elementor-element-populated\">\n\t\t\t\t\t\t\t\t<div class=\"elementor-element elementor-element-4d169bb7 elementor-widget elementor-widget-text-editor\" data-id=\"4d169bb7\" data-element_type=\"widget\" data-widget_type=\"text-editor.default\">\n\t\t\t\t<div class=\"elementor-widget-container\">\n\t\t\t<style>\/*! elementor - v3.12.1 - 02-04-2023 *\/\n.elementor-widget-text-editor.elementor-drop-cap-view-stacked .elementor-drop-cap{background-color:#69727d;color:#fff}.elementor-widget-text-editor.elementor-drop-cap-view-framed .elementor-drop-cap{color:#69727d;border:3px solid;background-color:transparent}.elementor-widget-text-editor:not(.elementor-drop-cap-view-default) .elementor-drop-cap{margin-top:8px}.elementor-widget-text-editor:not(.elementor-drop-cap-view-default) .elementor-drop-cap-letter{width:1em;height:1em}.elementor-widget-text-editor .elementor-drop-cap{float:left;text-align:center;line-height:1;font-size:50px}.elementor-widget-text-editor .elementor-drop-cap-letter{display:inline-block}<\/style>\t\t\t\t<h3>Edinstveni tretmaji, ki vam omogo\u010dajo, da kon\u010dno do\u017eivite \u017eivljenje, ki si ga zaslu\u017eite!<\/h3>\n<p>Vibecodes tretma: laj\u0161a stres, spodbuja spro\u0161\u010danje v telesu in vsakomur omogo\u010da, da uporabi neskon\u010dno energijo \u017eivljenske sile in si z njo okrepi zdravje in polep\u0161a \u017eivljenje.<\/p>\n<h3 dir=\"ltr\">Prvi del tretmaja&nbsp; \u2013 Sprostitev blokad v fizi\u010dnem in energijskem telesu.<\/h3>\n<p dir=\"ltr\">Vse, kar ste do\u017eiveli in kar bi vas lahko omejevalo, kot na primer: prepri\u010danja, travme, negativne misli, strahovi, \u010dustvene ovire, ki so vgrajene v na\u0161a energetska telesa (avro) in na\u0161e fizi\u010dno telo.<\/p>\n<p dir=\"ltr\">Vse te oblike razmi\u0161ljanja, ki so tako \u017eive kot na\u0161e celice v na\u0161em telesu, imajo tako mo\u010d, da pritegnejo v na\u0161e \u017eivljenje ravno tisto kar si ne \u017eelite ne da bi se tega sploh zavedali.<\/p>\n<p dir=\"ltr\">S tem prvim kratkim a hkrati zelo intenzivnim tretmajem o\u010distimo in sprotimo blokade tako v fizi\u010dnem kot energijskem telesu z namenom, da bi veliko la\u017eje in svobodno pritegnili k sebi vse tisto, kar res vibrira z vami v \u010disti ljubezni in neskon\u010dni radosti.<\/p>\n<h3 dir=\"ltr\">Drugi del tretmaja &#8211;&nbsp; Harmonizacija in energizacija telesa<\/h3>\n<p dir=\"ltr\">\u0160ele ko se osvobodimo in o\u010distimo starih energij v prvem tretmaju, nadaljujemo z harmonizacijo in energizacijo telesa.<\/p>\n<p dir=\"ltr\">Ta del tretmaja je dalj\u0161i, saj odpira vrata k dvigu celotnega bitja.<\/p>\n<p dir=\"ltr\">Posebna 100% \u010dista eteri\u010dna olja VIBECODES, katere uporabljamo pri tretmaju spro\u0161\u010dajo in aktivirajo ustvarjalne in vitalne energije z izjemno mo\u010dnim u\u010dinkom na vseh ravneh, fizi\u010dni in psiho-\u010dustveni.<\/p>\n<p dir=\"ltr\">Ta tretma je me\u0161anica subtilnih dotikov na meridianih in s katerimi obnavljamo svetlobo stvarstva v vseh njegovih vitalnih in duhovnih sredi\u0161\u010dih bivanja, stimuliramo vse veje njegovega DNK v smeri kon\u010dno dose\u017eene popolnosti.<\/p>\n<p dir=\"ltr\">Tretma se izvaja \u010dez obleko.<\/p>\n<p dir=\"ltr\">U\u010dinki so opa\u017eeni takoj po tretmaju, kot prijazen, lahkoten prostor, kjer se zdi vse veliko la\u017eje, ne da bi sploh vedeli zakaj. Zaznate nenavaden ob\u010dutek dobrega po\u010dutja, ki presega tisto, kar ste poznali prej ter ponovno odkrijete svojo notranjo mo\u010d in vedrino v sebi.<\/p><p dir=\"ltr\"><span style=\"color: var( --e-global-color-primary ); font-family: var( --e-global-typography-secondary-font-family ), Sans-serif; font-size: var( --e-global-typography-secondary-font-size ); font-style: var( --e-global-typography-secondary-font-style ); font-weight: var( --e-global-typography-secondary-font-weight ); letter-spacing: var(--letterSpacing); text-align: inherit; text-transform: var(--textTransform); background-color: var( --e-global-color-54a6c5e );\">Tretji del tretmaja&nbsp; \u2013 &nbsp;&nbsp;Coaching<\/span><\/p>\n<p dir=\"ltr\">Gre za izjemno popolno metodo coachinga in osebnega razvoja VIBECODES, ki vam omogo\u010da, da zasidrate prejete energije in aktivirate vsa ta izjemna in revolucionarna orodja za uspeh na vseh podro\u010djih va\u0161ega \u017eivljenja.<\/p>\n<p dir=\"ltr\">Ta del je bistvenega pomena za ohranjanje pogostosti so\u010dasnih obeh delov terapij, da se izku\u0161nja \u017eelenega \u017eivljenja zapi\u0161e na dolgi rok<\/p>\t\t\t\t\t\t<\/div>\n\t\t\t\t<\/div>\n\t\t\t\t\t<\/div>\n\t\t<\/div>\n\t\t\t\t\t\t\t<\/div>\n\t\t<\/section>\n\t\t\t\t\t\t\t<\/div>","protected":false},"excerpt":{"rendered":"<p><span style=\"font-weight: 400;\">Do\u017eivite preobrazbo svojega \u017eivljenja z edinstvenimi tretmaji, ki vam bodo odprli vrata do popolnosti in resni\u010dnega blagostanja!<\/span><\/p>\n<p><span style=\"font-weight: 400;\"><strong>Osvoboditev in \u010di\u0161\u010denje:<\/strong> Osvobodite se vseh omejujo\u010dih prepri\u010danj, strahov in \u010dustvenih ovir v samo 15 minutah! Ta intenziven tretma vas bo popeljal skozi pot o\u010di\u0161\u010denja, omogo\u010dil lahkotnej\u0161e privabljanje pozitivnih vibracij in vam odprl pot do ljubezni in \u010diste radosti. Spremenite svoje \u017eivljenje brez manipulacije, le v ljubezni do sebe!<\/span><\/p>\n<p><span style=\"font-weight: 400;\"><strong> Harmonizacija in energizacija telesa<\/strong>: Po osvoboditvi sledi dalj\u0161a, 35-minutna obravnava, ki vklju\u010duje naj\u010distej\u0161o vibracijsko energijo vesolja in integracijo 40 visoko vibracijskih rastlin v va\u0161a energetska telesa. Dotiki na meridianih obnavljajo svetlobo stvarstva v telesu in auri, kar vodi k dvigu celotnega bitja.<\/span><\/p>\n<p><span style=\"font-weight: 400;\">Tretma se izvaja \u010dez obleko.\u00a0<\/span><\/p>\n<p><span style=\"font-weight: 400;\">Ob\u010dutite novo dimenzijo, kjer je vse la\u017eje, odkrijte mo\u010d v vedrini in se pove\u017eite z univerzalno zavestjo \u010distega veselja!<\/span><\/p>","protected":false},"featured_media":6394,"template":"","meta":{"_seopress_robots_primary_cat":"none"},"product_cat":[103],"product_tag":[],"class_list":{"0":"post-5476","1":"product","2":"type-product","3":"status-publish","4":"has-post-thumbnail","6":"product_cat-tretmaji","8":"first","9":"instock","10":"virtual","11":"sold-individually","12":"purchasable","13":"product-type-simple"},"_links":{"self":[{"href":"https:\/\/www.marusapotokar.com\/en\/wp-json\/wp\/v2\/product\/5476","targetHints":{"allow":["GET"]}}],"collection":[{"href":"https:\/\/www.marusapotokar.com\/en\/wp-json\/wp\/v2\/product"}],"about":[{"href":"https:\/\/www.marusapotokar.com\/en\/wp-json\/wp\/v2\/types\/product"}],"version-history":[{"count":0,"href":"https:\/\/www.marusapotokar.com\/en\/wp-json\/wp\/v2\/product\/5476\/revisions"}],"wp:featuredmedia":[{"embeddable":true,"href":"https:\/\/www.marusapotokar.com\/en\/wp-json\/wp\/v2\/media\/6394"}],"wp:attachment":[{"href":"https:\/\/www.marusapotokar.com\/en\/wp-json\/wp\/v2\/media?parent=5476"}],"wp:term":[{"taxonomy":"product_cat","embeddable":true,"href":"https:\/\/www.marusapotokar.com\/en\/wp-json\/wp\/v2\/product_cat?post=5476"},{"taxonomy":"product_tag","embeddable":true,"href":"https:\/\/www.marusapotokar.com\/en\/wp-json\/wp\/v2\/product_tag?post=5476"}],"curies":[{"name":"wp","href":"https:\/\/api.w.org\/{rel}","templated":true}]}}