{"id":5492,"date":"2024-06-06T20:26:50","date_gmt":"2024-06-06T20:26:50","guid":{"rendered":"https:\/\/www.ivh9.si\/Ponudbe\/potokar\/product\/vibecodes-tretma-copy-4\/"},"modified":"2024-12-19T12:49:41","modified_gmt":"2024-12-19T12:49:41","slug":"masaza-5-ih-kontinentov-tretma","status":"publish","type":"product","link":"https:\/\/www.marusapotokar.com\/en\/product\/masaza-5-ih-kontinentov-tretma\/","title":{"rendered":"Massage of 5 Continents - treatment"},"content":{"rendered":"<h3>Masa\u017ea 5-ih kontintentov &#8211; tretma<\/h3>\n<p>Masa\u017ea petih kontinentov je opredeljena kot ena najbolj\u0161ih masa\u017enih tehnik na svetu.<\/p>\n<h3>Zakaj je temu tako?<\/h3>\n<p>Kaj je masa\u017ea petih kontinentov ( v nadaljevanju: M5C), je vpra\u0161anje, ki si ga zastavi vsakdo, ki sli\u0161i za to terapijo. Nanj lahko odgovorim tako, da ga opredelimo kot tretma za uravnove\u0161anje energij, s katerim se ponovno pove\u017eemo z vesoljem. Slu\u017ei za sprostitev, ponovno zdru\u017eitev s svetom, revitalizacijo telesa in razstrupljanje telesa.<\/p>\n<p>M5C je sestavljena iz razli\u010dnih faz, ki predstavljajo pet razli\u010dnih pristopov k zdravljenju. Pravzaprav zdru\u017euje tehnike z razli\u010dnih koncev sveta: aromaterapijo, magnetizem in masa\u017ee.<\/p>\n<p>Masa\u017ea M5C ima zaradi lastne energije, ki izhaja iz razvijanja in pristopa njenih sekvenc sposobnost sinergi\u010dnega zdru\u017eevanja ve\u010d tehnik z vsega sveta, pri \u010demer zdru\u017euje masa\u017eo, aromaterapijo in energijo magnetizma.<\/p>\n<h3>Tehnike, ki se uporabljajo pri M5C, so:<\/h3>\n<ul>\n<li>Shiatsu in Tuina, delujemo na energetske meridiane, da bi ponovno vzpostavili ravnovesje;<\/li>\n<li>Lomi Lomi, kjer sprostitev zagotovimo s \u010darobnimi gibi valov;<\/li>\n<li>Tur\u0161ka masa\u017ea, pri kateri mo\u010d, energija in dinamika spodbujajo notranji kozmos vsakega od nas;<\/li>\n<li>pri ajurvedskem pristopu se z delovanjem na energijske to\u010dke in to\u010dke marma v telesu spodbujajo \u010dakre.<\/li>\n<\/ul>\n<p>Skupaj ti elementi delujejo tiso\u010dkrat bolj kot lo\u010dene seanse vsakega posameznega tretmaja.<\/p>\n<h3>Zakaj si privo\u0161\u010diti Masa\u017eo petih kontinentov?<\/h3>\n<p>Preprosto zato, da bi telo re\u0161ili telesnega in du\u0161evnega stresa ter se sprostili. Ta tretma vam omogo\u010da, da si povrnete samozavest, vitalnost, veselje do \u017eivljenja in notranji mir. Masa\u017ea M5C nam zlasti omogo\u010da, da uskladimo \u010dustveni naboj, ki blokira na\u0161e energije.<\/p>\n<p>Za\u010dnemo s fazo razstrupljanja, nadaljujemo s sprostitvijo in popolno revitalizacijo.<\/p>\n<p>Masa\u017ea M5C spodbuja tudi imunski sistem, da bolje poskrbi za dobro po\u010dutje telesa in du\u0161e.<\/p>\n<p>Masa\u017ea petih kontinentov zaradi kombinacije metode reiki, potenciala magnetizma in drugih vklju\u010denih elementov lahko obnovi \u017eivljenjsko energijo in poskrbi, da ta ponovno zdravo kro\u017ei v telesu.<\/p>","protected":false},"excerpt":{"rendered":"<p>Masa\u017ea, ki zdru\u017euje najbolj\u0161e tehnike nege s petih kontinentov.<\/p>\n<p><strong>Masa\u017ea 5-ih Kontinentov traja od 70-80 minut.\u00a0<\/strong><\/p>\n<p>&nbsp;<\/p>","protected":false},"featured_media":6389,"template":"","meta":{"_seopress_robots_primary_cat":"none"},"product_cat":[103],"product_tag":[],"class_list":{"0":"post-5492","1":"product","2":"type-product","3":"status-publish","4":"has-post-thumbnail","6":"product_cat-tretmaji","8":"first","9":"instock","10":"sale","11":"virtual","12":"sold-individually","13":"purchasable","14":"product-type-simple"},"_links":{"self":[{"href":"https:\/\/www.marusapotokar.com\/en\/wp-json\/wp\/v2\/product\/5492","targetHints":{"allow":["GET"]}}],"collection":[{"href":"https:\/\/www.marusapotokar.com\/en\/wp-json\/wp\/v2\/product"}],"about":[{"href":"https:\/\/www.marusapotokar.com\/en\/wp-json\/wp\/v2\/types\/product"}],"version-history":[{"count":0,"href":"https:\/\/www.marusapotokar.com\/en\/wp-json\/wp\/v2\/product\/5492\/revisions"}],"wp:featuredmedia":[{"embeddable":true,"href":"https:\/\/www.marusapotokar.com\/en\/wp-json\/wp\/v2\/media\/6389"}],"wp:attachment":[{"href":"https:\/\/www.marusapotokar.com\/en\/wp-json\/wp\/v2\/media?parent=5492"}],"wp:term":[{"taxonomy":"product_cat","embeddable":true,"href":"https:\/\/www.marusapotokar.com\/en\/wp-json\/wp\/v2\/product_cat?post=5492"},{"taxonomy":"product_tag","embeddable":true,"href":"https:\/\/www.marusapotokar.com\/en\/wp-json\/wp\/v2\/product_tag?post=5492"}],"curies":[{"name":"wp","href":"https:\/\/api.w.org\/{rel}","templated":true}]}}