{"id":7262,"date":"2025-01-17T14:06:10","date_gmt":"2025-01-17T13:06:10","guid":{"rendered":"https:\/\/www.ivh9.si\/Ponudbe\/potokar\/?post_type=product&#038;p=7262"},"modified":"2026-04-13T16:03:12","modified_gmt":"2026-04-13T15:03:12","slug":"izmenjave-masaza-5-ih-kontinentov","status":"publish","type":"product","link":"https:\/\/www.marusapotokar.com\/en\/product\/izmenjave-masaza-5-ih-kontinentov\/","title":{"rendered":"Izmenjave Masa\u017ea 5-ih Kontinentov"},"content":{"rendered":"<p style=\"text-align: center;\">Z veseljem vas vabim na dogodek izmenjave masa\u017e !<\/p>\n<p>To je zabavna in spro\u0161\u010dujo\u010da prilo\u017enost za izmenjavo masa\u017e z drugimi v prijaznem in podpornem okolju &#8211; ne glede na to, ali ste izku\u0161eni profesionalci ali \u0161ele za\u010denjate!<\/p>\n<p><strong>Kaj je izmenjava masa\u017e?<\/strong><br \/>\nMasa\u017ena izmenjava je edinstveno sre\u010danje, na katerem si udele\u017eenci med seboj izmenjujejo masa\u017eo 5-ih Kontinentov, ki so se je nau\u010dili pri kateremkoli u\u010ditelju M5C. Masa\u017eo boste lahko izvajali in prejemali v prijetnem okolju brez predsodkov. To je odli\u010den na\u010din, da boste zvadili svoje spretnosti, se sprostili in se povezali z drugimi, ki jih zanimata delo s telesom in dobro po\u010dutje.<\/p>\n<p><strong>Kaj lahko pri\u010dakujete:<\/strong><br \/>\nMiren in spokojen prostor, kjer se lahko sprostite in osredoto\u010dite na zdravljenje.<br \/>\nPrilo\u017enost, da izbolj\u0161ate svojo tehniko masa\u017ee m5C s mojo podporo in hkrati pomagate drugim, da izkusijo prednosti terapije z dotikom.<br \/>\nSpoznajte podobno misle\u010de posameznike in u\u017eivajte v podpori negovalne skupnosti.<\/p>\n<p><strong>Dobrodo\u0161li vsi: <\/strong>Ne glede na to, ali ste za\u010detnik ali izku\u0161eni, vsi ste dobrodo\u0161li k udele\u017ebi.<\/p>\n<p><strong>Dobrodo\u0161li vsi, ne glede na to pri komu ste se nau\u010dili izvajati Masa\u017eo 5-ih Kontinentov<\/strong><\/p>\n<p>&nbsp;<\/p>\n<p>\u010ce se \u017eelite ponegovati se prosim prijavite in si zagotovite mesto.<\/p>\n<p>Da zagotovimo zanesljivo izvedbo dogodka in omogo\u010dimo prijetno izku\u0161njo za vse udele\u017eenke, prijavo \u0161tejemo kot potrjeno \u0161ele po prejetju minimalnega zneska rezervacije.<\/p>\n<p>Rezervacija deluje kot simbolna potrditev va\u0161e prijave in resnega namena sodelovanja. S tem nam pomagate, da la\u017eje na\u010drtujemo prostor, materiale in energijo dogodka ter zagotovimo, da lahko vsaka udele\u017eenka u\u017eiva v polno podprtem do\u017eivetju. \ud83c\udf3f<\/p>\n<p>Hvala za razumevanje in spo\u0161tovanje skupnih dogovorov \u2014 z va\u0161o podporo lahko ohranjamo toplino, zanesljivost in lepo energijo na\u0161ih sre\u010danj. \ud83d\udc9b<\/p>\n<p>To je odli\u010den na\u010din za pomlajevanje, izbolj\u0161anje spretnosti in u\u017eivanje v prednostih terapevtskega dotika!<\/p>\n<p>Veselim se sre\u010danja z vami!<\/p>\n<p>S toplino in spro\u0161\u010denostjo,<\/p>\n<p>Maru\u0161a Potokar<\/p>","protected":false},"excerpt":{"rendered":"<p><strong>Si \u017ee ali pa si ravnokar postal_a praktik Masa\u017ee 5-ih Kontinentov?<\/strong><\/p>\n<p>Z veseljem vas povabim na dogodek izmenjave masa\u017e M5C!<\/p>\n<p>To je zabavna in spro\u0161\u010dujo\u010da prilo\u017enost za izmenjavo masa\u017ee M5C z drugimi v prijaznem in podpornem okolju &#8211; ne glede na to, ali ste \u017ee izku\u0161eni profesionalci ali ste se te masa\u017ee \u0161ele nau\u010dili!<\/p>\n<p>&nbsp;<br \/>\n<strong>Da zagotovimo zanesljivo izvedbo dogodka in omogo\u010dimo prijetno izku\u0161njo za vse udele\u017eenke, prijavo \u0161tejemo kot potrjeno \u0161ele po prejetju minimalnega zneska rezervacije.<\/p>\n<p>Rezervacija deluje kot simbolna potrditev va\u0161e prijave in resnega namena sodelovanja. S tem nam pomagate, da la\u017eje na\u010drtujemo prostor, materiale in energijo dogodka ter zagotovimo, da lahko vsaka udele\u017eenka u\u017eiva v polno podprtem do\u017eivetju. \ud83c\udf3f<\/p>\n<p>Hvala za razumevanje in spo\u0161tovanje skupnih dogovorov \u2014 z va\u0161o podporo lahko ohranjamo toplino, zanesljivost in lepo energijo na\u0161ih sre\u010danj. \ud83d\udc9b<\/strong><\/p>","protected":false},"featured_media":8436,"template":"","meta":{"_seopress_robots_primary_cat":"none"},"product_cat":[105,120],"product_tag":[],"class_list":{"0":"post-7262","1":"product","2":"type-product","3":"status-publish","4":"has-post-thumbnail","6":"product_cat-dogodki","7":"product_cat-dogodkivzivo","9":"first","10":"instock","11":"shipping-taxable","12":"purchasable","13":"product-type-variable"},"_links":{"self":[{"href":"https:\/\/www.marusapotokar.com\/en\/wp-json\/wp\/v2\/product\/7262","targetHints":{"allow":["GET"]}}],"collection":[{"href":"https:\/\/www.marusapotokar.com\/en\/wp-json\/wp\/v2\/product"}],"about":[{"href":"https:\/\/www.marusapotokar.com\/en\/wp-json\/wp\/v2\/types\/product"}],"version-history":[{"count":0,"href":"https:\/\/www.marusapotokar.com\/en\/wp-json\/wp\/v2\/product\/7262\/revisions"}],"wp:featuredmedia":[{"embeddable":true,"href":"https:\/\/www.marusapotokar.com\/en\/wp-json\/wp\/v2\/media\/8436"}],"wp:attachment":[{"href":"https:\/\/www.marusapotokar.com\/en\/wp-json\/wp\/v2\/media?parent=7262"}],"wp:term":[{"taxonomy":"product_cat","embeddable":true,"href":"https:\/\/www.marusapotokar.com\/en\/wp-json\/wp\/v2\/product_cat?post=7262"},{"taxonomy":"product_tag","embeddable":true,"href":"https:\/\/www.marusapotokar.com\/en\/wp-json\/wp\/v2\/product_tag?post=7262"}],"curies":[{"name":"wp","href":"https:\/\/api.w.org\/{rel}","templated":true}]}}