{"id":7446,"date":"2025-01-29T19:21:40","date_gmt":"2025-01-29T18:21:40","guid":{"rendered":"https:\/\/www.marusapotokar.com\/?post_type=product&#038;p=7446"},"modified":"2026-02-06T12:49:02","modified_gmt":"2026-02-06T11:49:02","slug":"tecaj-masaza-5-ih-kontinentov-ljubljana","status":"publish","type":"product","link":"https:\/\/www.marusapotokar.com\/en\/product\/tecaj-masaza-5-ih-kontinentov-ljubljana\/","title":{"rendered":"Te\u010daj Masa\u017ea 5-ih Kontinentov"},"content":{"rendered":"<p class=\"font_8 wixui-rich-text__text\"><strong class=\"wixui-rich-text__text\">Masa\u017ea petih kontinentov<\/strong> je neverjetna me\u0161anica masa\u017e, ki po\u017eivijo va\u0161e telo in \u017eivljenje. Je globalni energijski tretma, ki vas ponovno pove\u017ee z va\u0161o \u017eivljenjsko energijo.<\/p>\n<p>&nbsp;<\/p>\n<p class=\"font_8 wixui-rich-text__text\"><strong class=\"wixui-rich-text__text\">Zakaj je Masa\u017ea 5-ih Kontinentov (v nadaljevanju: M5C)?<\/strong><\/p>\n<p>&nbsp;<\/p>\n<p class=\"font_8 wixui-rich-text__text\">M5C ima zahvaljujo\u010d lastni energiji, ki izhaja iz razvoja in pristopa njegovih zaporedij, na sinergi\u010den na\u010din zdru\u017eiti ve\u010d svetovnih tehnik, ki zdru\u017eujejo masa\u017eo, aromaterapijo in energijo magnetizma.<\/p>\n<p class=\"font_8 wixui-rich-text__text\">M5C nas potopi v Azijo, bogato s tehnikami, kot sta Shiatsu in Tuina, ki naredijo telo bolj uravnote\u017eeno z energijskimi meridiani.<\/p>\n<p class=\"font_8 wixui-rich-text__text\">V nadaljevanju s tehnikami havajske Lomi-Lomi, kar pomeni &#8220;edinstvena \/ bo\u017eanska masa\u017ea&#8221;, M5C ponuja tudi &#8220;valovne&#8221; \u017eivljenjske u\u010dinke, ki celo telo preplavijo z blagodejno sprostitvijo.<\/p>\n<p class=\"font_8 wixui-rich-text__text\">Od tur\u0161ke masa\u017ee, ki se ponuja v kopelih, z milom, strokovnjaki energi\u010dno in dinami\u010dno oprimejo roke in noge z zelo u\u010dinkovitim in spro\u0161\u010dujo\u010dim u\u010dinkom.<\/p>\n<p class=\"font_8 wixui-rich-text__text\">Ajurvedski dotiki in potovanje skozi \u010dakre nas pripeljejo do Indije, kjer imajo marme in energetske to\u010dke svoje mesto v M5C.<\/p>\n<p>&nbsp;<\/p>\n<p class=\"font_8 wixui-rich-text__text\">Mo\u010d M5C je kombinacija vseh teh tehnik v ritmu in energiji srca, ki 1000-krat pove\u010da u\u010dinke.<\/p>\n<p class=\"font_8 wixui-rich-text__text\">S to masa\u017eo razstrupite svoje telo, ga aktivirate in po\u017eivite, opustite vse zataknjenosti in se odprete \u017eivljenju.<\/p>\n<p class=\"font_8 wixui-rich-text__text\">Masa\u017ea petih celin prina\u0161a osve\u017eitev in sprostitev tako za maserja kot za stranko. Je tudi izjemna poslovna prilo\u017enost ter neverjetna spodbuda za va\u0161e telo in va\u0161e odnose.<\/p>\n<p class=\"font_8 wixui-rich-text__text\">Z dvodnevnim te\u010dajem postanete <strong class=\"wixui-rich-text__text\">praktik Masa\u017ea 5-ih Kontinentov.<\/strong><\/p>\n<p class=\"font_8 wixui-rich-text__text\"><strong class=\"wixui-rich-text__text\"><em class=\"wixui-rich-text__text\">Cena:<\/em><\/strong><\/p>\n<p class=\"font_8 wixui-rich-text__text\">540 eur<\/p>\n<p>&nbsp;<\/p>\n<p class=\"font_8 wixui-rich-text__text\">Lokacija: Ljubljana<\/p>\n<p><br class=\"wixui-rich-text__text\" \/><br class=\"wixui-rich-text__text\" \/><\/p>\n<p class=\"font_8 wixui-rich-text__text\">Prijavo na te\u010daj upo\u0161tevamo \u0161ele takrat, ko vpla\u010date kavcijo 200 \u20ac na TRR: Be FREE, Maru\u0161a Potokar s.p., Pod gozdom c. VI\/5, 1290 Grosuplje \u0161t. SI56 6100 0002 3988 447, referenca: SI00 2025 razliko (\u0161e 340 \u20ac) pa lahko poravnate na prvi dan te\u010daja.<\/p>\n<p><br class=\"wixui-rich-text__text\" \/><br class=\"wixui-rich-text__text\" \/><br class=\"wixui-rich-text__text\" \/><\/p>\n<p class=\"font_8 wixui-rich-text__text\">2 dnevni te\u010daj Masa\u017ee 5-ih Kontinentov bom vodila Maru\u0161a Potokar\u00a0 Licencirana u\u010diteljica Federacije Masa\u017ee 5-ih Kontinentov in Vibecodes ter Access Consciousness facilitatorica Access Bars<\/p>\n<p>&nbsp;<\/p>\n<p class=\"font_8 wixui-rich-text__text\"><em class=\"wixui-rich-text__text\">Kdo sem? Te\u010de \u017ee sedmo leto, ko me je pot peljala, da sem postala tako \u017eivljenjska kot poslovna in osebna trenerka, certificirana facilitatorica, ki izvajam te\u010daje, delavnice in terapije tako v Sloveniji kot v tujini. Sem ustvarjalka spletnih dogodkov in dogodkov v \u017eivo na \u00a0temo: o odnosih, hvale\u017enosti, obilju, pove\u010danju samozavesti in na splo\u0161no o dobrem po\u010dutju s seboj in s telesom.<\/em><\/p>\n<p class=\"font_8 wixui-rich-text__text\"><em class=\"wixui-rich-text__text\">Opolnomo\u010dam ljudi z orodji, da izberejo \u017eivljenja z ve\u010d radosti in hvale\u017enost, ki so ustvarjalne mo\u010di na\u0161ega \u017eivljenja.<\/em><\/p>\n<p class=\"font_8 wixui-rich-text__text\"><em class=\"wixui-rich-text__text\">Sem licencirana trenerka Masa\u017ee petih kontinentov, \u00a0Access Bars in Vibecodes metode zdravljenja, kjer se dotik povezuje\u00a0s posebnimi energijskimi metodami za spro\u0161\u010danje blokad, da bi aktivirali neskon\u010dni potencial in tako postati vodja svojega zasebnega in poslovnega \u017eivljenja.<\/em><\/p>\n<p class=\"font_8 wixui-rich-text__text\"><em class=\"wixui-rich-text__text\">I strive to empower people to easily create and manifest the life they want to have.\u00a0<\/em><\/p>","protected":false},"excerpt":{"rendered":"<p>Masa\u017ea, ki zdru\u017euje najbolj\u0161e tehnike nege s petih kontinentov.<\/p>","protected":false},"featured_media":8140,"template":"","meta":{"_seopress_robots_primary_cat":"none"},"product_cat":[105,120],"product_tag":[],"class_list":{"0":"post-7446","1":"product","2":"type-product","3":"status-publish","4":"has-post-thumbnail","6":"product_cat-dogodki","7":"product_cat-dogodkivzivo","9":"first","10":"instock","11":"shipping-taxable","12":"purchasable","13":"product-type-variable"},"_links":{"self":[{"href":"https:\/\/www.marusapotokar.com\/en\/wp-json\/wp\/v2\/product\/7446","targetHints":{"allow":["GET"]}}],"collection":[{"href":"https:\/\/www.marusapotokar.com\/en\/wp-json\/wp\/v2\/product"}],"about":[{"href":"https:\/\/www.marusapotokar.com\/en\/wp-json\/wp\/v2\/types\/product"}],"version-history":[{"count":0,"href":"https:\/\/www.marusapotokar.com\/en\/wp-json\/wp\/v2\/product\/7446\/revisions"}],"wp:featuredmedia":[{"embeddable":true,"href":"https:\/\/www.marusapotokar.com\/en\/wp-json\/wp\/v2\/media\/8140"}],"wp:attachment":[{"href":"https:\/\/www.marusapotokar.com\/en\/wp-json\/wp\/v2\/media?parent=7446"}],"wp:term":[{"taxonomy":"product_cat","embeddable":true,"href":"https:\/\/www.marusapotokar.com\/en\/wp-json\/wp\/v2\/product_cat?post=7446"},{"taxonomy":"product_tag","embeddable":true,"href":"https:\/\/www.marusapotokar.com\/en\/wp-json\/wp\/v2\/product_tag?post=7446"}],"curies":[{"name":"wp","href":"https:\/\/api.w.org\/{rel}","templated":true}]}}