{"id":7630,"date":"2025-03-06T10:10:50","date_gmt":"2025-03-06T09:10:50","guid":{"rendered":"https:\/\/www.marusapotokar.com\/product\/telesni-procesi-access-consciousness-tretma-copy\/"},"modified":"2025-09-17T17:39:39","modified_gmt":"2025-09-17T16:39:39","slug":"telesni-procesi-access-consciousness-tretma-2","status":"publish","type":"product","link":"https:\/\/www.marusapotokar.com\/en\/product\/telesni-procesi-access-consciousness-tretma-2\/","title":{"rendered":"Facelift tretma"},"content":{"rendered":"<p>Kaj \u010de bi bilo va\u0161e telo kompas ali vodnik do skrivnosti, misterijev in \u010darobnosti \u017eivljenja?<\/p>\n<p>Namen tretmaja telesnega procesa \u00a0je vzpostaviti dialog in komunikacijo s telesom, ki vam omogo\u010da, da u\u017eivate v svojem telesu, namesto da bi se borili proti njemu in ga zlorabljali.<\/p>\n<ul>\n<li>Energijski Facelift<\/li>\n<\/ul>\n<h4><em>Access Energetic Facelift je \u010dudovit na\u010din za pomlajevanje obraza in odpravljanje znakov staranja na obrazu in celotnem telesu.<\/em><\/h4>\n<p>Ne\u017een pomirjujo\u010d dotik na obraz in vrat, deluje na celice va\u0161ega telesa in jih obnavlja, po\u017eivlja in pomlajuje.<\/p>\n<p style=\"text-align: left;\"><strong><em>Ljudje, ki so prejeli Facelift tretma so poro\u010dali o naslednjih spremembah:<\/em><\/strong><\/p>\n<p style=\"text-align: center;\"><em>&#8211; Sve\u017e in sijo\u010d obraz<\/em><\/p>\n<p style=\"text-align: center;\"><em>&#8211; elasti\u010dnost ko\u017ee<\/em><\/p>\n<p style=\"text-align: center;\"><em>&#8211; jasne o\u010di<\/em><\/p>\n<p style=\"text-align: center;\"><em>&#8211; sijaj v laseh<\/em><\/p>\n<p style=\"text-align: center;\"><em>&#8211; dvig prsi in zadnjice<\/em><\/p>\n<p style=\"text-align: center;\"><em>&#8211; izbolj\u0161ana energija<\/em><\/p>\n<p style=\"text-align: center;\"><em>&#8211; ve\u010dja spro\u0161\u010denost<\/em><\/p>\n<p>Z izvajanjem tretmaja Access Energetic FaceliftTM dajemo telesu prilo\u017enost, da se premakne in preoblikuje veliko omejujo\u010dih energij in sodb, ki se zaklenejo na na\u0161em obrazu, glavi, prsih in telesu.<\/p>\n<p>Dinami\u010den, a hkrati ne\u017een prakti\u010dni postopek na telesu lahko z liftingom obraza poglobimo in pospe\u0161imo naravne zdravilne sposobnosti telesa.<\/p>\n<p>&nbsp;<\/p>\n<p>Med prejemanjem Access Facelift se na telo in obraz nana\u0161a veliko razli\u010dnih energij in obstaja veliko mo\u017enosti za odkrivanje, kaj se lahko sprosti.<\/p>\n<p>&nbsp;<\/p>\n<p style=\"text-align: center;\"><em><strong>Kaj \u010de bi lahko razpr\u0161ili vse, kar ste sodili o svojem obrazu?<\/strong><\/em><\/p>\n<p>&nbsp;<\/p>\n<p>&nbsp;<\/p>\n<p>Tretma traja 60 minut. Izvaja se \u010dez obleko.<\/p>\n<p>&nbsp;<\/p>\n<p>Lokacija izvajanja terapij: Ljubljana in Grosuplje ( po predhodnem dogovoru tudi v drugih krajih po Sloveniji )<\/p>\n<p>&nbsp;<\/p>\n<p>&nbsp;<\/p>\n<p>&nbsp;<\/p>\n<p>&nbsp;<\/p>\n<p>&nbsp;<\/p>","protected":false},"excerpt":{"rendered":"<p>Zasijte od znotraj na ven in odkrijte svojo notranjo lepoto<\/p>\n<p>&nbsp;<\/p>\n<p>Telesa rada prejemajo, se negujejo in prispevajo k vam. Dovolite si.<\/p>\n<p>&nbsp;<\/p>","protected":false},"featured_media":7642,"template":"","meta":{"_seopress_robots_primary_cat":"none"},"product_cat":[130,103],"product_tag":[],"class_list":{"0":"post-7630","1":"product","2":"type-product","3":"status-publish","4":"has-post-thumbnail","6":"product_cat-facelift-tretma","7":"product_cat-tretmaji","9":"first","10":"instock","11":"virtual","12":"purchasable","13":"product-type-simple"},"_links":{"self":[{"href":"https:\/\/www.marusapotokar.com\/en\/wp-json\/wp\/v2\/product\/7630","targetHints":{"allow":["GET"]}}],"collection":[{"href":"https:\/\/www.marusapotokar.com\/en\/wp-json\/wp\/v2\/product"}],"about":[{"href":"https:\/\/www.marusapotokar.com\/en\/wp-json\/wp\/v2\/types\/product"}],"version-history":[{"count":0,"href":"https:\/\/www.marusapotokar.com\/en\/wp-json\/wp\/v2\/product\/7630\/revisions"}],"wp:featuredmedia":[{"embeddable":true,"href":"https:\/\/www.marusapotokar.com\/en\/wp-json\/wp\/v2\/media\/7642"}],"wp:attachment":[{"href":"https:\/\/www.marusapotokar.com\/en\/wp-json\/wp\/v2\/media?parent=7630"}],"wp:term":[{"taxonomy":"product_cat","embeddable":true,"href":"https:\/\/www.marusapotokar.com\/en\/wp-json\/wp\/v2\/product_cat?post=7630"},{"taxonomy":"product_tag","embeddable":true,"href":"https:\/\/www.marusapotokar.com\/en\/wp-json\/wp\/v2\/product_tag?post=7630"}],"curies":[{"name":"wp","href":"https:\/\/api.w.org\/{rel}","templated":true}]}}