{"id":7684,"date":"2025-03-14T14:16:31","date_gmt":"2025-03-14T13:16:31","guid":{"rendered":"https:\/\/www.marusapotokar.com\/product\/ednevnik-hvaleznosti-copy\/"},"modified":"2025-03-14T14:45:29","modified_gmt":"2025-03-14T13:45:29","slug":"8-znakov-da-ste-naravnani-k-sovrastvu-do-sebe","status":"publish","type":"product","link":"https:\/\/www.marusapotokar.com\/en\/product\/8-znakov-da-ste-naravnani-k-sovrastvu-do-sebe\/","title":{"rendered":"8 znakov, da ste naravnani k sovra\u0161tvu in samopomiljevanju do sebe"},"content":{"rendered":"<p>8 znakov, da ste naravnani k sovra\u0161tvu in samopomiljevanju do sebe<\/p>","protected":false},"excerpt":{"rendered":"<p><span style=\"font-weight: 400;\">Veliko ljudi z nizko samopodobo zamenjuje sovra\u0161tvo do sebe z \u010disto vestjo. <\/span><\/p>\n<p><span style=\"font-weight: 400;\">Prepri\u010dani so, da je njihov notranji kriti\u010dni glas, glas zavesti.<\/span><\/p>\n<p>Brezpla\u010dno si prenesite plakat 8 znakov, da ste naravnani k sovra\u0161tvu in samopomiljevanju do sebe in preverite, v koliko to\u010dkah ste ujeti.<\/p>\n<p>&nbsp;<\/p>","protected":false},"featured_media":7686,"template":"","meta":{"_seopress_robots_primary_cat":"none"},"product_cat":[98,112],"product_tag":[],"class_list":{"0":"post-7684","1":"product","2":"type-product","3":"status-publish","4":"has-post-thumbnail","6":"product_cat-knjige","7":"product_cat-trgovina","9":"first","10":"instock","11":"downloadable","12":"virtual","13":"purchasable","14":"product-type-simple"},"_links":{"self":[{"href":"https:\/\/www.marusapotokar.com\/en\/wp-json\/wp\/v2\/product\/7684","targetHints":{"allow":["GET"]}}],"collection":[{"href":"https:\/\/www.marusapotokar.com\/en\/wp-json\/wp\/v2\/product"}],"about":[{"href":"https:\/\/www.marusapotokar.com\/en\/wp-json\/wp\/v2\/types\/product"}],"version-history":[{"count":0,"href":"https:\/\/www.marusapotokar.com\/en\/wp-json\/wp\/v2\/product\/7684\/revisions"}],"wp:featuredmedia":[{"embeddable":true,"href":"https:\/\/www.marusapotokar.com\/en\/wp-json\/wp\/v2\/media\/7686"}],"wp:attachment":[{"href":"https:\/\/www.marusapotokar.com\/en\/wp-json\/wp\/v2\/media?parent=7684"}],"wp:term":[{"taxonomy":"product_cat","embeddable":true,"href":"https:\/\/www.marusapotokar.com\/en\/wp-json\/wp\/v2\/product_cat?post=7684"},{"taxonomy":"product_tag","embeddable":true,"href":"https:\/\/www.marusapotokar.com\/en\/wp-json\/wp\/v2\/product_tag?post=7684"}],"curies":[{"name":"wp","href":"https:\/\/api.w.org\/{rel}","templated":true}]}}