{"id":7721,"date":"2025-03-19T10:27:39","date_gmt":"2025-03-19T09:27:39","guid":{"rendered":"https:\/\/www.marusapotokar.com\/product\/online-21-dni-hvaleznosti-energijski-tokovi-copy\/"},"modified":"2025-07-01T00:01:43","modified_gmt":"2025-06-30T23:01:43","slug":"online-7-dnevni-intenzivni-energijski-vleki-me-time","status":"publish","type":"product","link":"https:\/\/www.marusapotokar.com\/en\/product\/online-7-dnevni-intenzivni-energijski-vleki-me-time\/","title":{"rendered":"Online: 7 dnevni INTENZIVNI energijski vleki ME TIME, \u010cAS ZAME, moj \u010das"},"content":{"rendered":"<div id=\"comp-kjd43ntu\" class=\"HcOXKn SxM0TO QxJLC3 comp-kjd43ntu wixui-rich-text\" data-testid=\"richTextElement\">\n<p id=\"eanoe1741\" class=\"MUR4X znM3F\" data-pm-slice=\"1 1 []\">Kreacija z energijski vleki <strong>&#8216; me time &#8216; &#8211; \u010das zame, moj \u010das &#8230;.\u00a0<\/strong><\/p>\n<p id=\"kwftb1743\" class=\"MUR4X znM3F\"><strong>Hej \u010dudoviti in \u010dudovita ti,\u00a0<\/strong><\/p>\n<p id=\"2lh9k1745\" class=\"MUR4X znM3F\"><strong>Se znajde\u0161 na to\u010dki, ko ima\u0161 vsega dovolj, ko \u017eeli\u0161 odnehati? Ko si nisi ve\u010d dovolj? Ko se strnejo &#8216;temni oblaki&#8217; nad tvojim \u017eivljenjem?\u00a0<\/strong><\/p>\n<p id=\"ycuwr1747\" class=\"MUR4X znM3F\">Potem je tokratna kreacija idealna zate, tvojega partnerja, otroka, mamo, o\u010deta, &#8230;. Za vse.<\/p>\n<p id=\"1jfn41749\" class=\"MUR4X znM3F\">Dobrodo\u0161li v \u010dudovito kreacijo. Kreacijo s katero vas popeljem in nau\u010dim imeti <strong>\u010das zase<\/strong> &#8211; <strong>&#8220;me time<\/strong>&#8220;, brez slabe vesti. In za\u010deti dan polni energije, sve\u017ei, lahkotni.<\/p>\n<p id=\"b26mj1751\" class=\"MUR4X znM3F\"><strong>Kaj bodo energijski vleki vse zaobjemali:\u00a0<\/strong><\/p>\n<p id=\"9wram1752\" class=\"MUR4X znM3F\"><strong>TELO, PROSTOR, PRIHODNOST, ZEMLJA, PODARJANJE, PREJEMAJE, HVALE\u017dNOST, ZAUPANJE,&#8230;<\/strong><\/p>\n<p id=\"0r4g91753\" class=\"MUR4X znM3F\"><strong>\u00a0<\/strong><\/p>\n<p id=\"nab661755\" class=\"MUR4X znM3F\">7 dnevna kreacija energijskih vlekov je namenjena prav tebi, \u010de si:<\/p>\n<p id=\"h0nyf1756\" class=\"MUR4X znM3F\">-preobremenjena<\/p>\n<p id=\"sqa731757\" class=\"MUR4X znM3F\">-daje\u0161 prednost drugim<\/p>\n<p id=\"x0zcf1758\" class=\"MUR4X znM3F\">-ima\u0161 nizko samopodobo<\/p>\n<p id=\"95m2o1759\" class=\"MUR4X znM3F\">-\u017eeli\u0161 izstopiti iz kroga ujetosti, drame in traume<\/p>\n<p id=\"c7u5o1760\" class=\"MUR4X znM3F\">-za\u017eiveti ves svoj potencial<\/p>\n<p id=\"4ltt51761\" class=\"MUR4X znM3F\">-zadihati s polnimi plju\u010di<\/p>\n<p id=\"zeqa01762\" class=\"MUR4X znM3F\">-imeti radosten odnos s svojimi<\/p>\n<p id=\"0e5m31763\" class=\"MUR4X znM3F\">-blesteti<\/p>\n<p id=\"2hu1m1764\" class=\"MUR4X znM3F\">-zasijati<\/p>\n<p id=\"q38dm1765\" class=\"MUR4X znM3F\">-se imeti rada<\/p>\n<p id=\"i45u91766\" class=\"MUR4X znM3F\">-biti hvale\u017ena<\/p>\n<p id=\"el9oc1767\" class=\"MUR4X znM3F\">-biti prisotna v vsakem trenutku,&#8230;.<\/p>\n<p id=\"430ak1769\" class=\"MUR4X znM3F\">Z redno uporabo energijskih vlekov za\u010dnete prejemati in dostopati do vsega kar si za\u017eelite.<\/p>\n<p id=\"9g1ox1771\" class=\"MUR4X znM3F\">Vpra\u0161a\u0161 in prejme\u0161. Kako? To se nau\u010dimo na tej kreaciji z menoj.<\/p>\n<p id=\"mlzyi1773\" class=\"MUR4X znM3F\">Na voljo vam je <strong>7 zelo potentnih posnetkov<\/strong>, ki jih uporabljate na dnevni bazi in iz teorije takoj podate v svojo prakso.<\/p>\n<p id=\"6xea21775\" class=\"MUR4X znM3F\">Zaganjali bomo dnevne procese za lahktno ozave\u0161\u010danje kdo smo, kaj smo, &#8230;. in dotaknili se bomo res pester izbor tem kot npr.<\/p>\n<p id=\"a30t81776\" class=\"MUR4X znM3F\"><strong>TELO, PROSTOR, PRIHODNOST, ZEMLJA, PODARJANJE, PREJEMAJE, HVALE\u017dNOST, ZAUPANJE,&#8230;<\/strong><\/p>\n<p id=\"b8uoi1777\" class=\"MUR4X znM3F\"><strong>\u00a0<\/strong><\/p>\n<p id=\"orf6d1778\" class=\"MUR4X znM3F\">In delali bomo tudi enegijske vaje. Za umirjenost telesa in duha.<\/p>\n<p id=\"ylaal1782\" class=\"MUR4X znM3F\">Ni omejitev. Posnetki so \u00a0primerni za vse. In ni potrebe po nobenih predhodnih znanjih.<\/p>\n<p id=\"090501784\" class=\"MUR4X znM3F\">Prispevek v vas: 60 eur.<\/p>\n<p id=\"u4hgs1787\" class=\"MUR4X znM3F\">Spremljajte nas na www.marusapotokar. com oz. nas kontaktirajte in z veseljem vam podelim vse razpolo\u017eljive datume in kraje delavnic.<\/p>\n<p id=\"z02651791\" class=\"MUR4X znM3F\">Maru\u0161a Potokar<\/p>\n<\/div>\n<div id=\"comp-kjc7ne2l1\" class=\"HcOXKn SxM0TO QxJLC3 comp-kjc7ne2l1 wixui-rich-text\" data-testid=\"richTextElement\">\n<p>&nbsp;<\/p>\n<p class=\"font_8\"><em>Sem licencirana facilitatorica Access Bars &#8211; Access Consciousness, u\u010diteljica in izvajalka masa\u017ee petih kontinentov in Vibecodes metode zdravljenja, kjer se dotik povezuje s posebnimi energijskimi metodami za spro\u0161\u010danje blokad, da bi aktivirali neskon\u010dni potencial in tako postati vodja na\u0161ega zasebnega in poslovnega \u017eivljenja.<\/em><\/p>\n<p class=\"font_8\"><em>Moja vizija je omogo\u010diti ljudem, da z lahkoto ustvarjajo in manifestirajo \u017eivljenje kakr\u0161nega bi \u017eeleli imeti. Ob tem ljudje izkusijo radost prisotnosti in celovitosti s telesom in umom.<\/em><\/p>\n<\/div>","protected":false},"excerpt":{"rendered":"<p id=\"r852s3527\" class=\"_4mVOO gMaLr\">7 dnevni INTENZIVNI energijski vleki z vajami ( POSNETKI ), ki jih takoj uporabite v svoji praksi in na dnevni bazi.<\/p>\n<p id=\"2d2tc3528\" class=\"_4mVOO gMaLr\">","protected":false},"featured_media":7943,"template":"","meta":{"_seopress_robots_primary_cat":"none"},"product_cat":[105,146,112],"product_tag":[],"class_list":{"0":"post-7721","1":"product","2":"type-product","3":"status-publish","4":"has-post-thumbnail","6":"product_cat-dogodki","7":"product_cat-spletni-programi-in-tecaji","8":"product_cat-trgovina","10":"first","11":"instock","12":"virtual","13":"purchasable","14":"product-type-simple"},"_links":{"self":[{"href":"https:\/\/www.marusapotokar.com\/en\/wp-json\/wp\/v2\/product\/7721","targetHints":{"allow":["GET"]}}],"collection":[{"href":"https:\/\/www.marusapotokar.com\/en\/wp-json\/wp\/v2\/product"}],"about":[{"href":"https:\/\/www.marusapotokar.com\/en\/wp-json\/wp\/v2\/types\/product"}],"version-history":[{"count":0,"href":"https:\/\/www.marusapotokar.com\/en\/wp-json\/wp\/v2\/product\/7721\/revisions"}],"wp:featuredmedia":[{"embeddable":true,"href":"https:\/\/www.marusapotokar.com\/en\/wp-json\/wp\/v2\/media\/7943"}],"wp:attachment":[{"href":"https:\/\/www.marusapotokar.com\/en\/wp-json\/wp\/v2\/media?parent=7721"}],"wp:term":[{"taxonomy":"product_cat","embeddable":true,"href":"https:\/\/www.marusapotokar.com\/en\/wp-json\/wp\/v2\/product_cat?post=7721"},{"taxonomy":"product_tag","embeddable":true,"href":"https:\/\/www.marusapotokar.com\/en\/wp-json\/wp\/v2\/product_tag?post=7721"}],"curies":[{"name":"wp","href":"https:\/\/api.w.org\/{rel}","templated":true}]}}