{"id":7830,"date":"2025-04-20T11:47:57","date_gmt":"2025-04-20T10:47:57","guid":{"rendered":"https:\/\/www.marusapotokar.com\/product\/8-znakov-da-ste-naravnani-k-sovrastvu-do-sebe-copy-2\/"},"modified":"2025-04-22T11:40:45","modified_gmt":"2025-04-22T10:40:45","slug":"vodic-za-prizemljitev-by-marusa","status":"publish","type":"product","link":"https:\/\/www.marusapotokar.com\/en\/product\/vodic-za-prizemljitev-by-marusa\/","title":{"rendered":"Vodi\u010d za prizemljitev \u2013 by Maru\u0161a"},"content":{"rendered":"<p>Vibracijska podpora, energetski zapisi, svetlobne kode in afirmacije so \u010dudovit na\u010din za dvig notranje frekvence.<\/p>\n<p>Zate sem pripravila Vodi\u010d za prizemljitev<\/p>\n<p>S teboj bom podelila malo duhovno rutino za osebno rast in energijsko podporo.<\/p>\n<p class=\"\" data-start=\"359\" data-end=\"647\">Vodi\u010d za prizemljitev je ustvarjen kot energetski prostor podpore, zdravljenja in povezovanja s tvojo prvo \u010dakro \u2013 Muladharo. V sodobnem tempu \u017eivljenja pogosto izgubimo stik z osnovnimi ob\u010dutki varnosti, pripadnosti in telesne prisotnosti. Ta vodi\u010d te ne\u017eno, a mo\u010dno povabi nazaj k sebi.<\/p>\n<h3 class=\"\" data-start=\"654\" data-end=\"673\">\ud83c\udf3f Kaj prejme\u0161:<\/h3>\n<p class=\"\" data-start=\"674\" data-end=\"1003\">\u2714\ufe0f <strong data-start=\"677\" data-end=\"703\">Uvod v Muladhara \u010dakro<\/strong> \u2013 pomen, energija, du\u0161na lekcija<br data-start=\"736\" data-end=\"739\" \/>\u2714\ufe0f <strong data-start=\"742\" data-end=\"783\">Afirmacije za prizemljitev in varnost<\/strong><br data-start=\"783\" data-end=\"786\" \/>\u2714\ufe0f <strong data-start=\"789\" data-end=\"806\">Eteri\u010dna olja<\/strong> in njihova vibracijska podpora<br data-start=\"837\" data-end=\"840\" \/>\u2714\ufe0f <strong data-start=\"843\" data-end=\"875\">396 Hz vibracijska frekvenca<\/strong> + spiritualna navodila<br data-start=\"898\" data-end=\"901\" \/>\u2714\ufe0f <strong data-start=\"904\" data-end=\"947\">Mini ritual za vsakodnevno prizemljitev<\/strong><br data-start=\"947\" data-end=\"950\" \/>\u2714\ufe0f <strong data-start=\"953\" data-end=\"1003\">Svetlobni elementi &amp; prostor za osebne zapiske<\/strong><\/p>\n<h3 class=\"\" data-start=\"1010\" data-end=\"1040\">\ud83d\udcab Komu je vodi\u010d namenjen:<\/h3>\n<ul data-start=\"1041\" data-end=\"1294\">\n<li class=\"\" data-start=\"1041\" data-end=\"1106\">\n<p class=\"\" data-start=\"1043\" data-end=\"1106\">\u017denskam, ki \u010dutijo potrebo po <strong data-start=\"1073\" data-end=\"1104\">prizemljitvi in stabilnosti<\/strong><\/p>\n<\/li>\n<li class=\"\" data-start=\"1107\" data-end=\"1170\">\n<p class=\"\" data-start=\"1109\" data-end=\"1170\">Vsem, ki jih zanima <strong data-start=\"1129\" data-end=\"1168\">duhovna rast skozi telo in energijo<\/strong><\/p>\n<\/li>\n<li class=\"\" data-start=\"1171\" data-end=\"1233\">\n<p class=\"\" data-start=\"1173\" data-end=\"1233\">Tistim, ki uporabljajo <strong data-start=\"1196\" data-end=\"1213\">eteri\u010dna olja<\/strong> ali \u017eelijo za\u010deti<\/p>\n<\/li>\n<li class=\"\" data-start=\"1234\" data-end=\"1294\">\n<p class=\"\" data-start=\"1236\" data-end=\"1294\">Tebi \u2013 ki si pripravljena ustvariti varen notranji prostor<\/p>\n<\/li>\n<\/ul>\n<p>&nbsp;<\/p>\n<blockquote>\n<h3 class=\"\" data-start=\"1536\" data-end=\"1555\">\u2728 Maru\u0161a pravi:<\/h3>\n<blockquote data-start=\"1556\" data-end=\"1728\">\n<p class=\"\" data-start=\"1558\" data-end=\"1728\">\u201cTa vodi\u010d je moje darilo za vse, ki i\u0161\u010dejo prizemljitev in stik s svojo temeljno mo\u010djo. V njem sem zbrala modrost, aromo in svetlobo, ki meni pomagajo ostajati prisotna in povezana.\u201d<\/p>\n<\/blockquote>\n<\/blockquote>\n<article class=\"text-token-text-primary w-full\" dir=\"auto\" data-testid=\"conversation-turn-32\" data-scroll-anchor=\"false\">\n<div class=\"text-base my-auto mx-auto py-5 [--thread-content-margin:--spacing(4)] @[37rem]:[--thread-content-margin:--spacing(6)] @[70rem]:[--thread-content-margin:--spacing(12)] px-(--thread-content-margin)\">\n<div class=\"[--thread-content-max-width:32rem] @[34rem]:[--thread-content-max-width:40rem] @[64rem]:[--thread-content-max-width:48rem] mx-auto flex max-w-(--thread-content-max-width) flex-1 text-base gap-4 md:gap-5 lg:gap-6 group\/turn-messages focus-visible:outline-hidden\" tabindex=\"-1\">\n<div class=\"group\/conversation-turn relative flex w-full min-w-0 flex-col agent-turn\">\n<div class=\"relative flex-col gap-1 md:gap-3\">\n<div class=\"flex max-w-full flex-col grow\">\n<div class=\"min-h-8 text-message relative flex w-full flex-col items-end gap-2 text-start break-words whitespace-normal [.text-message+&amp;]:mt-5\" dir=\"auto\" data-message-author-role=\"assistant\" data-message-id=\"d336c9b0-bb17-40f0-ae29-b0a3e780e044\" data-message-model-slug=\"gpt-4o\">\n<div class=\"flex w-full flex-col gap-1 empty:hidden first:pt-[3px]\">\n<div class=\"markdown prose dark:prose-invert w-full break-words light\">\n<p class=\"\" data-start=\"174\" data-end=\"370\">\u2728 Naj ti prinese prizemljitev, mir in \u010daroben stik s sabo. \u010ce bi bila vesela resni\u010dne povezave s seboj in predajo svojega dela naprej vabljena na Uvodni 4 urni te\u010daj Vibecodes, ki bo potekal 24.4.2025 ob 17h v Ljubljani.\u00a0 \ud83c\udf08\ud83e\uddd8\u200d\u2640\ufe0f<\/p>\n<p class=\"\" data-start=\"174\" data-end=\"370\">Vabljena, da pokuka\u0161 med zavihek Spletni dogodki\u00a0<a href=\"https:\/\/www.marusapotokar.com\/en\/product\/uvodni-4-urni-tecaj-vibecodes-ljubljana\/\">https:\/\/www.marusapotokar.com\/product\/uvodni-4-urni-tecaj-vibecodes-ljubljana\/<\/a><\/p>\n<\/div>\n<\/div>\n<\/div>\n<\/div>\n<\/div>\n<div class=\"absolute\">\n<div class=\"flex items-center justify-center\">\n<p><span style=\"font-weight: 400;\">Naj bo to res tvoj sveti prostor, kjer si dovoli\u0161 biti varna, prisotna in v svoji mo\u010di \ud83d\ude4f<\/span><\/p>\n<p>&nbsp;<\/p>\n<\/div>\n<\/div>\n<\/div>\n<\/div>\n<\/div>\n<\/article>\n<article class=\"text-token-text-primary w-full\" dir=\"auto\" data-testid=\"conversation-turn-33\" data-scroll-anchor=\"false\">\n<h5 class=\"sr-only\"><\/h5>\n<\/article>","protected":false},"excerpt":{"rendered":"<h2 class=\"\" data-start=\"156\" data-end=\"197\">\ud83c\udf0d Vodi\u010d za prizemljitev \u2013 by Maru\u0161a<\/h2>\n<p class=\"\" data-start=\"198\" data-end=\"266\"><strong data-start=\"198\" data-end=\"266\">Brezpla\u010dni spiritualni vodi\u010d v PDF za aktivacijo prve \u010dakre in notranje stabilnosti<\/strong><\/p>\n<h3 class=\"\" data-start=\"268\" data-end=\"357\">\u2727 Pove\u017ei se z Zemljo. Ob\u010duti varnost v svojem telesu. Dovoli si zasidrati svetlobo. \u2727<\/h3>\n<p class=\"\" data-start=\"359\" data-end=\"647\">","protected":false},"featured_media":7833,"template":"","meta":{"_seopress_robots_primary_cat":"none"},"product_cat":[98,112],"product_tag":[],"class_list":{"0":"post-7830","1":"product","2":"type-product","3":"status-publish","4":"has-post-thumbnail","6":"product_cat-knjige","7":"product_cat-trgovina","9":"first","10":"instock","11":"downloadable","12":"virtual","13":"purchasable","14":"product-type-simple"},"_links":{"self":[{"href":"https:\/\/www.marusapotokar.com\/en\/wp-json\/wp\/v2\/product\/7830","targetHints":{"allow":["GET"]}}],"collection":[{"href":"https:\/\/www.marusapotokar.com\/en\/wp-json\/wp\/v2\/product"}],"about":[{"href":"https:\/\/www.marusapotokar.com\/en\/wp-json\/wp\/v2\/types\/product"}],"version-history":[{"count":0,"href":"https:\/\/www.marusapotokar.com\/en\/wp-json\/wp\/v2\/product\/7830\/revisions"}],"wp:featuredmedia":[{"embeddable":true,"href":"https:\/\/www.marusapotokar.com\/en\/wp-json\/wp\/v2\/media\/7833"}],"wp:attachment":[{"href":"https:\/\/www.marusapotokar.com\/en\/wp-json\/wp\/v2\/media?parent=7830"}],"wp:term":[{"taxonomy":"product_cat","embeddable":true,"href":"https:\/\/www.marusapotokar.com\/en\/wp-json\/wp\/v2\/product_cat?post=7830"},{"taxonomy":"product_tag","embeddable":true,"href":"https:\/\/www.marusapotokar.com\/en\/wp-json\/wp\/v2\/product_tag?post=7830"}],"curies":[{"name":"wp","href":"https:\/\/api.w.org\/{rel}","templated":true}]}}