{"id":8177,"date":"2025-10-29T16:33:14","date_gmt":"2025-10-29T15:33:14","guid":{"rendered":"https:\/\/www.marusapotokar.com\/product\/energijsko-ciscenje-prostorov-in-oseb-copy\/"},"modified":"2025-10-29T17:13:43","modified_gmt":"2025-10-29T16:13:43","slug":"energijska-podpora-by-marusa","status":"publish","type":"product","link":"https:\/\/www.marusapotokar.com\/en\/product\/energijska-podpora-by-marusa\/","title":{"rendered":"Energijsko sr\u010dna podpora by Maru\u0161a"},"content":{"rendered":"<div data-elementor-type=\"product-post\" data-elementor-id=\"8177\" class=\"elementor elementor-8177\">\n\t\t\t\t\t\t\t\t\t<section class=\"elementor-section elementor-top-section elementor-element elementor-element-12f027f7 elementor-section-boxed elementor-section-height-default elementor-section-height-default\" data-id=\"12f027f7\" data-element_type=\"section\" data-settings=\"{&quot;jet_parallax_layout_list&quot;:[]}\">\n\t\t\t\t\t\t<div class=\"elementor-container elementor-column-gap-default\">\n\t\t\t\t\t<div class=\"elementor-column elementor-col-100 elementor-top-column elementor-element elementor-element-6f8e2325\" data-id=\"6f8e2325\" data-element_type=\"column\">\n\t\t\t<div class=\"elementor-widget-wrap elementor-element-populated\">\n\t\t\t\t\t\t\t\t<div class=\"elementor-element elementor-element-4d169bb7 elementor-widget__width-initial elementor-widget elementor-widget-text-editor\" data-id=\"4d169bb7\" data-element_type=\"widget\" data-widget_type=\"text-editor.default\">\n\t\t\t\t<div class=\"elementor-widget-container\">\n\t\t\t<style>\/*! elementor - v3.12.1 - 02-04-2023 *\/\n.elementor-widget-text-editor.elementor-drop-cap-view-stacked .elementor-drop-cap{background-color:#69727d;color:#fff}.elementor-widget-text-editor.elementor-drop-cap-view-framed .elementor-drop-cap{color:#69727d;border:3px solid;background-color:transparent}.elementor-widget-text-editor:not(.elementor-drop-cap-view-default) .elementor-drop-cap{margin-top:8px}.elementor-widget-text-editor:not(.elementor-drop-cap-view-default) .elementor-drop-cap-letter{width:1em;height:1em}.elementor-widget-text-editor .elementor-drop-cap{float:left;text-align:center;line-height:1;font-size:50px}.elementor-widget-text-editor .elementor-drop-cap-letter{display:inline-block}<\/style>\t\t\t\t<div class=\"page\" title=\"Page 6\"><div class=\"layoutArea\"><div class=\"column\"><h2 class=\"x14z9mp xat24cr x1lziwak x1vvkbs xtlvy1s\">Kako se pripraviti na energijsko podporo, ki bo potekala na daljavo?<\/h2><div>\u00a0<\/div><div class=\"x14z9mp xat24cr x1lziwak x1vvkbs xtlvy1s\">Da bo energijska podpora kar najbolj u\u010dinkovita, ti priporo\u010dam, da si v tem \u010dasu vzame\u0161 nekaj trenutkov zase. Tukaj je nekaj napotkov:<\/div><div class=\"x14z9mp xat24cr x1lziwak x1vvkbs xtlvy1s\">Udobno se namesti \u2013 lahko le\u017ei\u0161 ali sedi\u0161, v mirnem prostoru, kjer te nih\u010de ne moti.<br class=\"html-br\" \/>Izklopi mote\u010de naprave (\u010de je le mogo\u010de).<\/div><h4 class=\"x14z9mp xat24cr x1lziwak x1vvkbs xtlvy1s\"><br class=\"html-br\" \/>Sprosti in umiri se, nekajkrat globoko vdihni in si v mislih reci:<br class=\"html-br\" \/><strong>\u00bbDovoljujem si prejeti to, kar v tem trenutku najbolj potrebujem.\u00ab<\/strong><\/h4><div class=\"x14z9mp xat24cr x1lziwak x1vvkbs xtlvy1s\"><blockquote data-start=\"366\" data-end=\"657\"><p data-start=\"368\" data-end=\"657\">Pred energijskim \u010di\u0161\u010denjem vas vabim, da spustite vsa pri\u010dakovanja o tem, kako bi moralo izgledati ali se ob\u010dutiti.<br data-start=\"483\" data-end=\"486\" \/>Dovolite, da proces ste\u010de naravno tako, kot je za vas v tem trenutku najbolj podporno.<br data-start=\"576\" data-end=\"579\" \/>Ko spustimo nadzor, energija sama najde pot tja, kjer je najbolj potrebna.\u00a0 \u00a0 \u00a0 \u00a0 \u00a0 \u00a0 \u00a0 \u00a0 \u00a0 \u00a0<\/p><p data-start=\"368\" data-end=\"657\">Se pa vseeno lahko pojavijo razli\u010dni ob\u010dutki, lahko kot toplina, rahlo mravljin\u010denje, val sprostitve ali ob\u010dutek miru.<\/p><\/blockquote><p data-start=\"419\" data-end=\"773\">Nekateri zaznajo tudi laj\u0161anje napetosti, ve\u010d lahkotnosti ali bolj sve\u017e zrak v prostoru.<br data-start=\"669\" data-end=\"672\" \/>Dovolite si zgolj <em data-start=\"692\" data-end=\"703\">opazovati<\/em>, brez potrebe po razlagi. Energija vedno deluje v smeri ravnovesja.<\/p><\/div><div class=\"x14z9mp xat24cr x1lziwak x1vvkbs xtlvy1s\"><br class=\"html-br\" \/><span class=\"html-span xexx8yu xyri2b x18d9i69 x1c1uobl x1hl2dhg x16tdsg8 x1vvkbs x3nfvp2 x1j61x8r x1fcty0u xdj266r xat24cr xm2jcoa x1mpyi22 xxymvpz xlup9mm x1kky2od\"><img loading=\"lazy\" decoding=\"async\" class=\"xz74otr x15mokao x1ga7v0g x16uus16 xbiv7yw\" src=\"https:\/\/static.xx.fbcdn.net\/images\/emoji.php\/v9\/t1f\/2\/16\/1f64f.png\" alt=\"\ud83d\ude4f\" width=\"16\" height=\"16\" \/><\/span> Po moji energijski podpori si vzemi \u010das \u2013 popij kozarec vode, spo\u010dij se, zapi\u0161i ob\u010dutke in bom zelo hvale\u017ena, \u010de svojo izku\u0161njo podeli\u0161 z menoj.\u00a0<\/div><\/div><div>\u00a0<\/div><div class=\"column\"><p data-start=\"881\" data-end=\"921\">\ud83d\udd4a\ufe0f Izvajam <strong data-start=\"732\" data-end=\"773\">energijsko \u010di\u0161\u010denje prostorov in oseb<\/strong>, po potrebi tudi v \u017eivo.<br data-start=\"798\" data-end=\"801\" \/>\u010ce \u017eelite, lahko opravim <strong data-start=\"828\" data-end=\"861\">energijski scan va\u0161ega telesa<\/strong>, ki prika\u017ee trenutno vibracijo in energijsko preto\u010dnost posameznih centrov.<\/p><p data-start=\"881\" data-end=\"921\"><span style=\"font-size: 16px;\">V kolikor pa se vam porajajo \u0161e kak\u0161na vpra\u0161anja sem vam na voljo preko kontaktnega obrazca na spletni strani ali preko elektronske po\u0161te marusapotokar@gmail.com<\/span><\/p><\/div><\/div><\/div>\t\t\t\t\t\t<\/div>\n\t\t\t\t<\/div>\n\t\t\t\t\t<\/div>\n\t\t<\/div>\n\t\t\t\t\t\t\t<\/div>\n\t\t<\/section>\n\t\t\t\t\t\t\t<\/div>","protected":false},"excerpt":{"rendered":"<h3 class=\"xdj266r x14z9mp xat24cr x1lziwak x1vvkbs\"><em>Moje darilo vam drage du\u0161ice<\/em><\/h3>\n<div class=\"xdj266r x14z9mp xat24cr x1lziwak x1vvkbs\"><br class=\"html-br\" \/>Energijska sr<span class=\"html-span xexx8yu xyri2b x18d9i69 x1c1uobl x1hl2dhg x16tdsg8 x1vvkbs x3nfvp2 x1j61x8r x1fcty0u xdj266r xat24cr xm2jcoa x1mpyi22 xxymvpz xlup9mm x1kky2od\"><img loading=\"lazy\" decoding=\"async\" class=\"xz74otr x15mokao x1ga7v0g x16uus16 xbiv7yw\" src=\"https:\/\/static.xx.fbcdn.net\/images\/emoji.php\/v9\/t33\/2\/16\/1f49a.png\" alt=\"\ud83d\udc9a\" width=\"16\" height=\"16\" \/><\/span>na podpora\u00a0<span class=\"html-span xexx8yu xyri2b x18d9i69 x1c1uobl x1hl2dhg x16tdsg8 x1vvkbs x3nfvp2 x1j61x8r x1fcty0u xdj266r xat24cr xm2jcoa x1mpyi22 xxymvpz xlup9mm x1kky2od\"><img loading=\"lazy\" decoding=\"async\" class=\"xz74otr x15mokao x1ga7v0g x16uus16 xbiv7yw\" src=\"https:\/\/static.xx.fbcdn.net\/images\/emoji.php\/v9\/tf7\/2\/16\/1f929.png\" alt=\"\ud83e\udd29\" width=\"16\" height=\"16\" \/><\/span>\u00a02.11.2025 ob 20:00h<\/div>\n<div class=\"x14z9mp xat24cr x1lziwak x1vvkbs xtlvy1s\"><\/div>\n<div><\/div>\n<div class=\"x14z9mp xat24cr x1lziwak x1vvkbs xtlvy1s\">Energijska podpora za du\u0161o in srce \u2013 na daljavo<\/div>\n<div><\/div>\n<div class=\"x14z9mp xat24cr x1lziwak x1vvkbs xtlvy1s\">V vsakem izmed nas je trenutek, ko telo utripa ti\u0161je, ko du\u0161a i\u0161\u010de stik, ko srce potrebuje nekaj ve\u010d kot le besede.<\/div>","protected":false},"featured_media":8179,"template":"","meta":{"_seopress_robots_primary_cat":"none"},"product_cat":[147,112],"product_tag":[],"class_list":{"0":"post-8177","1":"product","2":"type-product","3":"status-publish","4":"has-post-thumbnail","6":"product_cat-energijska-podpora-in-meditacije","7":"product_cat-trgovina","9":"first","10":"instock","11":"virtual","12":"purchasable","13":"product-type-simple"},"_links":{"self":[{"href":"https:\/\/www.marusapotokar.com\/en\/wp-json\/wp\/v2\/product\/8177","targetHints":{"allow":["GET"]}}],"collection":[{"href":"https:\/\/www.marusapotokar.com\/en\/wp-json\/wp\/v2\/product"}],"about":[{"href":"https:\/\/www.marusapotokar.com\/en\/wp-json\/wp\/v2\/types\/product"}],"version-history":[{"count":0,"href":"https:\/\/www.marusapotokar.com\/en\/wp-json\/wp\/v2\/product\/8177\/revisions"}],"wp:featuredmedia":[{"embeddable":true,"href":"https:\/\/www.marusapotokar.com\/en\/wp-json\/wp\/v2\/media\/8179"}],"wp:attachment":[{"href":"https:\/\/www.marusapotokar.com\/en\/wp-json\/wp\/v2\/media?parent=8177"}],"wp:term":[{"taxonomy":"product_cat","embeddable":true,"href":"https:\/\/www.marusapotokar.com\/en\/wp-json\/wp\/v2\/product_cat?post=8177"},{"taxonomy":"product_tag","embeddable":true,"href":"https:\/\/www.marusapotokar.com\/en\/wp-json\/wp\/v2\/product_tag?post=8177"}],"curies":[{"name":"wp","href":"https:\/\/api.w.org\/{rel}","templated":true}]}}