{"id":8196,"date":"2025-10-29T17:14:10","date_gmt":"2025-10-29T16:14:10","guid":{"rendered":"https:\/\/www.marusapotokar.com\/product\/energijsko-ciscenje-prostorov-in-oseb-copy\/"},"modified":"2025-11-02T15:33:53","modified_gmt":"2025-11-02T14:33:53","slug":"vpogled-v-energijsko-stanje-telesa-limunia-marusa","status":"publish","type":"product","link":"https:\/\/www.marusapotokar.com\/en\/product\/vpogled-v-energijsko-stanje-telesa-limunia-marusa\/","title":{"rendered":"Kratek vpogled v energijsko stanje telesa &#8220;Limunia&#8221;"},"content":{"rendered":"<div data-elementor-type=\"product-post\" data-elementor-id=\"8196\" class=\"elementor elementor-8196\">\n\t\t\t\t\t\t\t\t\t<section class=\"elementor-section elementor-top-section elementor-element elementor-element-12f027f7 elementor-section-boxed elementor-section-height-default elementor-section-height-default\" data-id=\"12f027f7\" data-element_type=\"section\" data-settings=\"{&quot;jet_parallax_layout_list&quot;:[]}\">\n\t\t\t\t\t\t<div class=\"elementor-container elementor-column-gap-default\">\n\t\t\t\t\t<div class=\"elementor-column elementor-col-100 elementor-top-column elementor-element elementor-element-6f8e2325\" data-id=\"6f8e2325\" data-element_type=\"column\">\n\t\t\t<div class=\"elementor-widget-wrap elementor-element-populated\">\n\t\t\t\t\t\t\t\t<div class=\"elementor-element elementor-element-4d169bb7 elementor-widget__width-initial elementor-widget elementor-widget-text-editor\" data-id=\"4d169bb7\" data-element_type=\"widget\" data-widget_type=\"text-editor.default\">\n\t\t\t\t<div class=\"elementor-widget-container\">\n\t\t\t<style>\/*! elementor - v3.12.1 - 02-04-2023 *\/\n.elementor-widget-text-editor.elementor-drop-cap-view-stacked .elementor-drop-cap{background-color:#69727d;color:#fff}.elementor-widget-text-editor.elementor-drop-cap-view-framed .elementor-drop-cap{color:#69727d;border:3px solid;background-color:transparent}.elementor-widget-text-editor:not(.elementor-drop-cap-view-default) .elementor-drop-cap{margin-top:8px}.elementor-widget-text-editor:not(.elementor-drop-cap-view-default) .elementor-drop-cap-letter{width:1em;height:1em}.elementor-widget-text-editor .elementor-drop-cap{float:left;text-align:center;line-height:1;font-size:50px}.elementor-widget-text-editor .elementor-drop-cap-letter{display:inline-block}<\/style>\t\t\t\t<div class=\"page\" title=\"Page 6\"><div class=\"layoutArea\"><div class=\"column\"><p data-start=\"696\" data-end=\"752\"><strong data-start=\"701\" data-end=\"738\">Moja kratka Body Scan seansa<\/strong> na daljavo ti omogo\u010da:<\/p><ul><li data-start=\"696\" data-end=\"752\">hitri vpogled v telo in energijsko polje,<\/li><li data-start=\"696\" data-end=\"752\">zaznavanje <strong data-start=\"813\" data-end=\"847\">najve\u010djih energijskih zastojev,<\/strong><\/li><li data-start=\"696\" data-end=\"752\">ob\u010dutek, kje je energija prosta in kje se je dobro osredoto\u010diti na sprostitev.<ul><li style=\"list-style-type: none;\">\u00a0<\/li><\/ul><\/li><\/ul><h3 data-start=\"940\" data-end=\"962\">\ud83c\udf3f <strong data-start=\"947\" data-end=\"962\">Kaj prejme\u0161<\/strong><\/h3><ul data-start=\"963\" data-end=\"1213\"><li data-start=\"963\" data-end=\"1015\"><p data-start=\"965\" data-end=\"1015\"><strong data-start=\"965\" data-end=\"1013\">10\u201315 minut body scan analize energijskih blokad<\/strong><\/p><\/li><li data-start=\"1016\" data-end=\"1054\"><p data-start=\"1018\" data-end=\"1054\"><strong data-start=\"1018\" data-end=\"1052\">Pregled preto\u010dnosti energije<\/strong><\/p><\/li><li data-start=\"1055\" data-end=\"1122\"><p data-start=\"1057\" data-end=\"1122\"><strong data-start=\"1057\" data-end=\"1090\">Mini nasvet ali vizualizacijo<\/strong> za doma\u010de spro\u0161\u010danje energije<\/p><\/li><li data-start=\"1123\" data-end=\"1213\"><p data-start=\"1125\" data-end=\"1213\"><strong>Jasna predstavitev<\/strong> zaznanih energetskih zastojev in smernice za nadaljnje delo.<\/p><\/li><\/ul><hr data-start=\"1215\" data-end=\"1218\" \/><h3 data-start=\"1220\" data-end=\"1256\">\ud83c\udf38 <strong data-start=\"1227\" data-end=\"1256\">Za koga je ta mini seansa<\/strong><\/h3><ul data-start=\"1257\" data-end=\"1504\"><li style=\"list-style-type: none;\" data-start=\"1433\" data-end=\"1504\"><ul data-start=\"925\" data-end=\"1163\"><li data-start=\"925\" data-end=\"993\"><p data-start=\"927\" data-end=\"993\">Za vse, ki \u010dutijo <strong data-start=\"945\" data-end=\"990\">napetost, blokade ali stagnacijo energije<\/strong>,<\/p><\/li><li data-start=\"994\" data-end=\"1055\"><p data-start=\"996\" data-end=\"1055\">Za tiste, ki \u017eelijo <strong data-start=\"1016\" data-end=\"1052\">spoznati, kje se energija zatika<\/strong>,<\/p><\/li><li data-start=\"1056\" data-end=\"1163\"><p data-start=\"1058\" data-end=\"1163\">Za vsakogar, ki \u017eeli <strong data-start=\"1079\" data-end=\"1107\">hitri vpogled in jasnost<\/strong>, preden se odlo\u010di za poglobljeno energijsko \u010di\u0161\u010denje.<\/p><\/li><\/ul><\/li><\/ul><hr data-start=\"1506\" data-end=\"1509\" \/><h3 data-start=\"1511\" data-end=\"1533\">\ud83c\udf1e <strong data-start=\"1518\" data-end=\"1533\">Kako poteka<\/strong><\/h3><ul data-start=\"1534\" data-end=\"1758\"><li data-start=\"1534\" data-end=\"1577\"><p data-start=\"1536\" data-end=\"1577\">Seansa traja <strong data-start=\"1549\" data-end=\"1564\">10\u201315 minut<\/strong>, daljinsko<\/p><\/li><li data-start=\"1578\" data-end=\"1672\"><p data-start=\"1580\" data-end=\"1672\">Po seansi prejme\u0161 <strong data-start=\"1598\" data-end=\"1639\">kratek zapis ali povratno informacijo<\/strong> o zaznani energiji in blokadah<\/p><\/li><li data-start=\"1673\" data-end=\"1758\"><p data-start=\"1675\" data-end=\"1758\">Mo\u017enost nadaljevanja z <strong data-start=\"1698\" data-end=\"1756\">polnim energijskim \u010di\u0161\u010denjem ali mese\u010dnim spremljanjem<\/strong><\/p><\/li><\/ul><hr data-start=\"1760\" data-end=\"1763\" \/><p data-start=\"1765\" data-end=\"1811\">\ud83d\udc9b <strong data-start=\"1768\" data-end=\"1809\">Namig za povabilo k nadaljnjemu delu:<\/strong><\/p><blockquote data-start=\"1813\" data-end=\"2037\"><p data-start=\"1815\" data-end=\"2037\">Ta mini vpogled ti poka\u017ee, kje se energija zatika. \u010ce \u017eeli\u0161 popolnoma sprostiti telo in polje ter ponovno aktivirati pretok energije, te vabim na <strong data-start=\"1962\" data-end=\"2012\">celovito energijsko \u010di\u0161\u010denje Limunie<\/strong> na daljavo.<\/p><p data-start=\"1815\" data-end=\"2037\">\u00a0<\/p><\/blockquote><p data-start=\"881\" data-end=\"921\"><span style=\"font-size: 16px;\">V kolikor pa se vam porajajo \u0161e kak\u0161na vpra\u0161anja sem vam na voljo preko kontaktnega obrazca na spletni strani ali preko elektronske po\u0161te marusapotokar@gmail.com<\/span><\/p><\/div><b><i><\/i><\/b><\/div><\/div>\t\t\t\t\t\t<\/div>\n\t\t\t\t<\/div>\n\t\t\t\t\t<\/div>\n\t\t<\/div>\n\t\t\t\t\t\t\t<\/div>\n\t\t<\/section>\n\t\t\t\t\t\t\t<\/div>","protected":false},"excerpt":{"rendered":"<p data-start=\"448\" data-end=\"525\"><strong data-start=\"448\" data-end=\"523\">Prepoznaj, kje se energija zatika in odkrij svoj potencial preto\u010dnosti.<\/strong><\/p>\n<p data-start=\"527\" data-end=\"694\">V\u010dasih se ne zavedamo, kje v telesu ali energijskem polju obstajajo <strong data-start=\"595\" data-end=\"632\">blokade, stagnacija ali napetosti<\/strong>, ki nas ovirajo pri vsakdanjem \u017eivljenju, delu ali odnosih.<\/p>\n<p data-start=\"527\" data-end=\"694\">","protected":false},"featured_media":8223,"template":"","meta":{"_seopress_robots_primary_cat":"none"},"product_cat":[147,112],"product_tag":[],"class_list":{"0":"post-8196","1":"product","2":"type-product","3":"status-publish","4":"has-post-thumbnail","6":"product_cat-energijska-podpora-in-meditacije","7":"product_cat-trgovina","9":"first","10":"instock","11":"virtual","12":"purchasable","13":"product-type-simple"},"_links":{"self":[{"href":"https:\/\/www.marusapotokar.com\/en\/wp-json\/wp\/v2\/product\/8196","targetHints":{"allow":["GET"]}}],"collection":[{"href":"https:\/\/www.marusapotokar.com\/en\/wp-json\/wp\/v2\/product"}],"about":[{"href":"https:\/\/www.marusapotokar.com\/en\/wp-json\/wp\/v2\/types\/product"}],"version-history":[{"count":0,"href":"https:\/\/www.marusapotokar.com\/en\/wp-json\/wp\/v2\/product\/8196\/revisions"}],"wp:featuredmedia":[{"embeddable":true,"href":"https:\/\/www.marusapotokar.com\/en\/wp-json\/wp\/v2\/media\/8223"}],"wp:attachment":[{"href":"https:\/\/www.marusapotokar.com\/en\/wp-json\/wp\/v2\/media?parent=8196"}],"wp:term":[{"taxonomy":"product_cat","embeddable":true,"href":"https:\/\/www.marusapotokar.com\/en\/wp-json\/wp\/v2\/product_cat?post=8196"},{"taxonomy":"product_tag","embeddable":true,"href":"https:\/\/www.marusapotokar.com\/en\/wp-json\/wp\/v2\/product_tag?post=8196"}],"curies":[{"name":"wp","href":"https:\/\/api.w.org\/{rel}","templated":true}]}}