{"id":4182,"date":"2023-10-05T07:55:47","date_gmt":"2023-10-05T07:55:47","guid":{"rendered":"https:\/\/www.ivh9.si\/Ponudbe\/flower\/?post_type=product&#038;p=4182"},"modified":"2025-01-06T09:13:48","modified_gmt":"2025-01-06T09:13:48","slug":"darilni-bon-podarite-kraljevo-dozivetje","status":"publish","type":"product","link":"https:\/\/www.marusapotokar.com\/nl\/product\/darilni-bon-podarite-kraljevo-dozivetje\/","title":{"rendered":"Darilni bon &#8211; Podarite kraljevo do\u017eivetje"},"content":{"rendered":"<p><strong>I\u0161\u010dete ideje za svoje nadra\u017eje?\u00a0<\/strong><\/p>\n<p><strong>Vabljeni, da pregledate pestro ponudbo storitev in izdelke, ki bodo va\u0161e najbli\u017eje popeljale v nekaj \u010darobnega!<\/strong><\/p>\n<p>Veljavnost bona je 6 mesecev od nakupa, uporabi pa se ga lahko za:<\/p>\n<ul>\n<li>DELAVNICE in TE\u010cAJE<\/li>\n<li>TRETMAJE\/TERAPIJE ali OSEBNO SVETOVANJE<\/li>\n<\/ul>\n<blockquote><p><em>V kolikor \u017eelite vi\u0161jo vrednost darilnega bona, nam to prosim sporo\u010dite na mail.\u00a0<\/em><\/p><\/blockquote>\n<p>&nbsp;<\/p>\n<p>Storitve izvajam Maru\u0161a Potokar &#8211; Certificiran coach in wellness trener za bolj\u0161e po\u010dutje<\/p>\n<p>Svoj termin rezervirajte na 040 276 227 ali marusapotokar@gmail.com<\/p>\n<p>&nbsp;<\/p>\n<p>Storitve izvajam v Ljubljani in Grosupljem in po predhodnem dogovoru tudi po Sloveniji in preko spleta<\/p>","protected":false},"excerpt":{"rendered":"<p><strong>I\u0161\u010dete ideje za svoje nadra\u017eje?\u00a0<\/strong><\/p>\n<p><strong>Vabljeni, da pregledate pestro ponudbo storitev in izdelke, ki bodo va\u0161e najbli\u017eje popeljale v nekaj \u010darobnega!<\/strong><\/p>","protected":false},"featured_media":6382,"template":"","meta":{"_seopress_robots_primary_cat":"none"},"product_cat":[109,112],"product_tag":[],"class_list":{"0":"post-4182","1":"product","2":"type-product","3":"status-publish","4":"has-post-thumbnail","6":"product_cat-darilni-boni","7":"product_cat-trgovina","8":"product_shipping_class-darilni-bon","10":"first","11":"instock","12":"shipping-taxable","13":"purchasable","14":"product-type-simple"},"_links":{"self":[{"href":"https:\/\/www.marusapotokar.com\/nl\/wp-json\/wp\/v2\/product\/4182","targetHints":{"allow":["GET"]}}],"collection":[{"href":"https:\/\/www.marusapotokar.com\/nl\/wp-json\/wp\/v2\/product"}],"about":[{"href":"https:\/\/www.marusapotokar.com\/nl\/wp-json\/wp\/v2\/types\/product"}],"version-history":[{"count":0,"href":"https:\/\/www.marusapotokar.com\/nl\/wp-json\/wp\/v2\/product\/4182\/revisions"}],"wp:featuredmedia":[{"embeddable":true,"href":"https:\/\/www.marusapotokar.com\/nl\/wp-json\/wp\/v2\/media\/6382"}],"wp:attachment":[{"href":"https:\/\/www.marusapotokar.com\/nl\/wp-json\/wp\/v2\/media?parent=4182"}],"wp:term":[{"taxonomy":"product_cat","embeddable":true,"href":"https:\/\/www.marusapotokar.com\/nl\/wp-json\/wp\/v2\/product_cat?post=4182"},{"taxonomy":"product_tag","embeddable":true,"href":"https:\/\/www.marusapotokar.com\/nl\/wp-json\/wp\/v2\/product_tag?post=4182"}],"curies":[{"name":"wp","href":"https:\/\/api.w.org\/{rel}","templated":true}]}}