{"id":5490,"date":"2024-06-06T20:26:24","date_gmt":"2024-06-06T20:26:24","guid":{"rendered":"https:\/\/www.ivh9.si\/Ponudbe\/potokar\/product\/vibecodes-tretma-copy-2\/"},"modified":"2025-05-23T14:16:43","modified_gmt":"2025-05-23T13:16:43","slug":"access-bars-tretma-otroci","status":"publish","type":"product","link":"https:\/\/www.marusapotokar.com\/nl\/product\/access-bars-tretma-otroci\/","title":{"rendered":"ACCESS BARS\u00ae TRETMA &#8211; OTROCI"},"content":{"rendered":"<div data-elementor-type=\"product-post\" data-elementor-id=\"5490\" class=\"elementor elementor-5490\">\n\t\t\t\t\t\t\t\t\t<section class=\"elementor-section elementor-top-section elementor-element elementor-element-12f027f7 elementor-section-boxed elementor-section-height-default elementor-section-height-default\" data-id=\"12f027f7\" data-element_type=\"section\" data-settings=\"{&quot;jet_parallax_layout_list&quot;:[]}\">\n\t\t\t\t\t\t<div class=\"elementor-container elementor-column-gap-default\">\n\t\t\t\t\t<div class=\"elementor-column elementor-col-100 elementor-top-column elementor-element elementor-element-6f8e2325\" data-id=\"6f8e2325\" data-element_type=\"column\">\n\t\t\t<div class=\"elementor-widget-wrap elementor-element-populated\">\n\t\t\t\t\t\t\t\t<div class=\"elementor-element elementor-element-4d169bb7 elementor-widget__width-initial elementor-widget elementor-widget-text-editor\" data-id=\"4d169bb7\" data-element_type=\"widget\" data-widget_type=\"text-editor.default\">\n\t\t\t\t<div class=\"elementor-widget-container\">\n\t\t\t<style>\/*! elementor - v3.12.1 - 02-04-2023 *\/\n.elementor-widget-text-editor.elementor-drop-cap-view-stacked .elementor-drop-cap{background-color:#69727d;color:#fff}.elementor-widget-text-editor.elementor-drop-cap-view-framed .elementor-drop-cap{color:#69727d;border:3px solid;background-color:transparent}.elementor-widget-text-editor:not(.elementor-drop-cap-view-default) .elementor-drop-cap{margin-top:8px}.elementor-widget-text-editor:not(.elementor-drop-cap-view-default) .elementor-drop-cap-letter{width:1em;height:1em}.elementor-widget-text-editor .elementor-drop-cap{float:left;text-align:center;line-height:1;font-size:50px}.elementor-widget-text-editor .elementor-drop-cap-letter{display:inline-block}<\/style>\t\t\t\t<h3><strong>V dana\u0161njem hitrem svetu se otroci in najstniki soo\u010dajo z ogromno pritiska, stresa in \u010dustvenih izzivov. Od \u0161olskega dela in dru\u017ebenih pri\u010dakovanj do notranjih bojev in dru\u017einske dinamike &#8211; mladi lahko nosijo veliko du\u0161evnega nemira in \u010dustvenih bremen. Pri tem jim lahko pomaga terapija Access Bars!<\/strong><\/h3><p><span style=\"font-weight: 400;\">Acess Bars\u00ae je ne\u017ena energijska tehnika s katero lahko spremenite vse v svojem \u017eivljenju in telesu. Gre za 32 to\u010dk na glavi, ki jih aktiviramo z ne\u017enim dotikom. Mo\u017egani po 15 minutah terapije preidejo v theta stanje, ki je stanje globoke relaksacije, ki aktivira samozdravljenje telesa in odpira prostor zavedanja v va\u0161em \u017eivljenju.<\/span><\/p><h3>Kaj je terapija Access Bars za otroke in najstnike?<\/h3><p>Access Bars je ne\u017ena, neinvazivna tehnika energijskega zdravljenja, pri kateri se rahlo dotikamo 32 to\u010dk na glavi. Te to\u010dke ustrezajo razli\u010dnim podro\u010djem \u017eivljenja, kot so ustvarjalnost, u\u010denje, odnosi in samospo\u0161tovanje. Z aktiviranjem teh to\u010dk Access Bars pomaga sprostiti obti\u010dalo energijo, odstraniti zmedo v glavi ter ustvariti prostor za \u010dustveno celjenje in jasnost.\u00a0<\/p><p><b><i><span style=\"font-weight: 400;\">Te to\u010dke vsebujejo vse omejitve, misli, ideje, prepri\u010danja, \u010dustva, sodbe in razmi\u0161ljanja, ki ste jih shranili v kateremkoli \u017eivljenju in vas zdaj omejujejo, da zavestno izbirate in tako ustvarjate svoje \u017eivljenje na vseh podro\u010djih. Raztapljajo se glavne blokade iz vseh podro\u010dij \u017eivljenja in telesa.<\/span><\/i><\/b><\/p><h3><span style=\"text-decoration: underline;\"><strong>Kako Access Barsi koristijo otrokom in najstnikom?<\/strong><\/span><\/h3><p><br \/>Terapija Access Bars je lahko izjemno u\u010dinkovita za otroke in najstnike, ki se spopadajo s stresom, \u010dustvenimi te\u017eavami ali du\u0161evnimi blokadami. V nadaljevanju z vami podelim, kako jim lahko ta terapija pomaga:<\/p><ul><li><strong>Laj\u0161a stres in tesnobo<\/strong> \ud83c\udf38<br \/>\u017divljenje je lahko za otroke in najstnike preobremenjujo\u010de. Access Bars pomaga umiriti \u017eiv\u010dni sistem, zmanj\u0161ati tesnobo ter ustvariti ob\u010dutek miru in spro\u0161\u010denosti.<\/li><li><strong>Izbolj\u0161a \u010dustveno ravnovesje<\/strong> \ud83d\udc96<br \/>Mladim ni vedno lahko predelati \u010dustev. Access Bars pomaga sprostiti \u010dustvene blokade, podpira \u010dustveno ravnovesje in ve\u010dji ob\u010dutek notranjega miru.<\/li><li><strong>Krepi du\u0161evno jasnost in osredoto\u010denost \ud83e\udde0<\/strong><br \/>Imajo va\u0161i otroci te\u017eave s koncentracijo v \u0161oli ali v vsakdanjem \u017eivljenju? Access Bars lahko odpravi du\u0161evno meglo in pomaga izbolj\u0161ati koncentracijo, u\u010denje in splo\u0161no kognitivno delovanje.<\/li><li><strong>Podpira bolj\u0161i spanec<\/strong> \ud83d\udecf\ufe0f<br \/>\u0160tevilni otroci in najstniki imajo zaradi stresa in tesnobe te\u017eave s spanjem. Access Bars spodbuja globlji in bolj miren spanec ter pomaga otroku, da se zbudi osve\u017een in poln energije.<\/li><li><strong>Krepi samozavest in samozaupanje<\/strong> \ud83d\udcab<br \/>Najstniki se \u0161e posebej soo\u010dajo s te\u017eavami s samospo\u0161tovanjem in identiteto. Access Barsi jim pomagajo, da se po\u010dutijo bolj prizemljene, samozavestne in opolnomo\u010dene za soo\u010danje z izzivi.<\/li><\/ul><div>\u00a0<\/div><div class=\"page\" title=\"Page 6\"><div class=\"layoutArea\"><div class=\"column\"><h3><strong>Kaj lahko pri\u010dakujete med terapijo Access Bars za otroke in najstnike?<\/strong><\/h3><p><br \/>Terapija je ne\u017ena in spro\u0161\u010dujo\u010da. Va\u0161 otrok se bo udobno ulegel, medtem ko se bo terapevtka rahlo dotikala to\u010dk Access Bars na njegovi glavi, rokah in stopalih.<\/p><p>Terapija obi\u010dajno traja pribli\u017eno 45 minut do ene ure.<\/p><p>\u0160tevilne otroke in najstnike terapija tako pomiri, da med njo pogosto zaspijo.<\/p><p>Po terapiji se bo va\u0161 otrok morda po\u010dutil bolj spro\u0161\u010denega, osredoto\u010denega in imel bo ve\u010d jasnosti.<\/p><h3>Komu lahko koristi terapija Access Bars?<\/h3><p>\ud83d\udcab Otroci, ki se spopadajo s tesnobo ali stresom \ud83d\udcab Najstniki, ki se spopadajo s \u010dustvenimi izzivi, kot so depresija, strah ali nizko samospo\u0161tovanje \ud83d\udcab Otroci ali najstniki, ki \u017eelijo izbolj\u0161ati zbranost in koncentracijo, zlasti v \u0161oli \ud83d\udcab Mladi, ki potrebujejo podporo pri premagovanju sprememb, kot na primer: selitev v novo \u0161olo, spremembe v dru\u017eini itd. \ud83d\udcab vsi, ki \u017eelijo v \u017eivljenju do\u017eiveti ve\u010d \u010dustvene svobode, jasnosti in miru.<\/p><h2><span style=\"text-decoration: underline;\"><strong>Zakaj so Access Barsi varni za otroke in najstnike<\/strong><\/span><\/h2><p><br \/>Access Barsi so ne\u017een in neinvaziven proces, ki deluje na energetski ravni. Je popolnoma varen za otroke vseh starosti. Terapija je prilo\u017enost za reset, obnovo in polnjenje v spro\u0161\u010denem in negovalnem okolju. Ni potrebe po govorjenju ali zapletenih terapijah &#8211; le preprost, spro\u0161\u010dujo\u010d dotik. <em>Je povsem varno in pomirjujo\u010de.<\/em> Idealno za otroke, ki potrebujejo mirno okolje, da se po\u010dutijo spro\u0161\u010deno.<\/p><p>\u00a0<\/p><h1>Ste pripravljeni pomagati svojemu otroku uspevati?<\/h1><p><br \/>\u010ce se va\u0161 otrok ali najstnik spopada s stresom, tesnobo, \u010dustvenimi blokadami ali preprosto potrebuje podporo pri premagovanju vzponov in padcev v \u017eivljenju, je lahko terapija Access Bars mo\u010dno orodje za zdravljenje in rast.<\/p><p>\u00a0<\/p><\/div><div class=\"column\"><div class=\"page\" title=\"Page 6\"><div class=\"section\"><div class=\"layoutArea\"><div class=\"column\"><h3><span style=\"text-decoration: underline;\"><strong>Kaj pravijo otroci in najstniki po bars terapiji:<\/strong><\/span><\/h3><\/div><\/div><div class=\"layoutArea\"><div class=\"column\"><ul><li>Ulegel sem se na masa\u017eno mizo in potem se te nekdo dotika na tvoji glavi in po tem si vesel in nasmejan.<\/li><li>Naredijo me mirnejs\u030cega.<\/li><li>Sprostijo me.<\/li><li>Naredijo me srec\u030cnega.<\/li><li>Poc\u030cutis\u030c se prepric\u030can vase brez razloga.<\/li><li>Moja bolec\u030cina preneha.<\/li><li>Drugac\u030ce razmis\u030cljam.<\/li><li>Moj dan je boljs\u030ci.<\/li><li>Barsi so c\u030cudoviti.<\/li><\/ul><p>\u00a0<\/p><h2>Access bars terapije si primerne za otroke vseh starosti &#8211; od mal\u010dkov do najstnikov.<\/h2><p>Termin za terapijo Access Bars za svojega otroka rezervirajte \u0161e danes in mu pomagajte sprostiti njegov potencial, se znebiti stresa in se v vsakdanjem \u017eivljenju po\u010dutiti bolj spro\u0161\u010deno! \ud83c\udf1f<\/p><p>Enostavno kliknite na gumbek &#8220;Dodaj v ko\u0161arico&#8221; izberite na\u010din pla\u010dila in kontaktirali vas bomo v najkraj\u0161em \u010dasu za dolo\u010ditev ustreznega termina terapije Access Bars<\/p><p>V kolikor pa se vam porajajo \u0161e kak\u0161na vpra\u0161anja sem vam na voljo preko kontaktnega obrazca na spletni strani ali preko elektronske po\u0161te marusapotokar@gmail.com<\/p><p>\u00a0<\/p><\/div><p><em><strong>Lokacije kjer izvajam terapije:\u00a0<\/strong><\/em><\/p><p><strong>Grosuplje<\/strong> &#8211; Adami\u010deva cesta 8, 1290 Grosuplje\u00a0<\/p><p><strong>Ljubljana<\/strong> &#8211; to\u010dno lokacijo prejmete ob rezervaciji termina\u00a0<\/p><\/div><\/div><\/div><\/div><\/div><\/div>\t\t\t\t\t\t<\/div>\n\t\t\t\t<\/div>\n\t\t\t\t\t<\/div>\n\t\t<\/div>\n\t\t\t\t\t\t\t<\/div>\n\t\t<\/section>\n\t\t\t\t\t\t\t<\/div>","protected":false},"excerpt":{"rendered":"<p><span style=\"font-weight: 400;\">ENA SEANSA IN VA\u0160 SVET SE LAHKO V TRENUTKU SPREMENI.<\/span><\/p>\n<p><span style=\"font-weight: 400;\">Access Bars\u00ae je ne\u017ena energijska tehnika s katero lahko spremenite vse v svojem \u017eivljenju in telesu. \u200bGre za 32 to\u010dk na glavi, ki jih aktiviramo z ne\u017enim dotikom. Mo\u017egani po 15 minutah terapije preidejo v theta stanje, ki je stanje globoke relaksacije, ki aktivira samozdravljenje telesa in odpira prostor zavedanja v va\u0161em \u017eivljenju.\u200b<\/span><\/p>\n<p>Tretmaji se izvajajo tako na otrocih kot odraslih.<\/p>\n<p>&nbsp;<\/p>\n<p>&nbsp;<\/p>\n<p><strong>Trajanje tretmaja 30 minut do 60 minut. <\/strong><\/p>","protected":false},"featured_media":6719,"template":"","meta":{"_seopress_robots_primary_cat":"none"},"product_cat":[117,103],"product_tag":[],"class_list":{"0":"post-5490","1":"product","2":"type-product","3":"status-publish","4":"has-post-thumbnail","6":"product_cat-access-bars","7":"product_cat-tretmaji","9":"first","10":"instock","11":"virtual","12":"sold-individually","13":"purchasable","14":"product-type-simple"},"_links":{"self":[{"href":"https:\/\/www.marusapotokar.com\/nl\/wp-json\/wp\/v2\/product\/5490","targetHints":{"allow":["GET"]}}],"collection":[{"href":"https:\/\/www.marusapotokar.com\/nl\/wp-json\/wp\/v2\/product"}],"about":[{"href":"https:\/\/www.marusapotokar.com\/nl\/wp-json\/wp\/v2\/types\/product"}],"version-history":[{"count":0,"href":"https:\/\/www.marusapotokar.com\/nl\/wp-json\/wp\/v2\/product\/5490\/revisions"}],"wp:featuredmedia":[{"embeddable":true,"href":"https:\/\/www.marusapotokar.com\/nl\/wp-json\/wp\/v2\/media\/6719"}],"wp:attachment":[{"href":"https:\/\/www.marusapotokar.com\/nl\/wp-json\/wp\/v2\/media?parent=5490"}],"wp:term":[{"taxonomy":"product_cat","embeddable":true,"href":"https:\/\/www.marusapotokar.com\/nl\/wp-json\/wp\/v2\/product_cat?post=5490"},{"taxonomy":"product_tag","embeddable":true,"href":"https:\/\/www.marusapotokar.com\/nl\/wp-json\/wp\/v2\/product_tag?post=5490"}],"curies":[{"name":"wp","href":"https:\/\/api.w.org\/{rel}","templated":true}]}}