{"id":5519,"date":"2024-06-06T21:03:15","date_gmt":"2024-06-06T21:03:15","guid":{"rendered":"https:\/\/www.ivh9.si\/Ponudbe\/potokar\/product\/vibecodes-tretma-copy-copy-2\/"},"modified":"2025-01-29T19:20:45","modified_gmt":"2025-01-29T18:20:45","slug":"iterracare-terapija","status":"publish","type":"product","link":"https:\/\/www.marusapotokar.com\/nl\/product\/iterracare-terapija\/","title":{"rendered":"iTerraCare TERAPIJA"},"content":{"rendered":"<div data-elementor-type=\"product-post\" data-elementor-id=\"5519\" class=\"elementor elementor-5519\">\n\t\t\t\t\t\t\t\t\t<section class=\"elementor-section elementor-top-section elementor-element elementor-element-12f027f7 elementor-section-boxed elementor-section-height-default elementor-section-height-default\" data-id=\"12f027f7\" data-element_type=\"section\" data-settings=\"{&quot;jet_parallax_layout_list&quot;:[]}\">\n\t\t\t\t\t\t<div class=\"elementor-container elementor-column-gap-default\">\n\t\t\t\t\t<div class=\"elementor-column elementor-col-100 elementor-top-column elementor-element elementor-element-6f8e2325\" data-id=\"6f8e2325\" data-element_type=\"column\">\n\t\t\t<div class=\"elementor-widget-wrap elementor-element-populated\">\n\t\t\t\t\t\t\t\t<div class=\"elementor-element elementor-element-4d169bb7 elementor-widget elementor-widget-text-editor\" data-id=\"4d169bb7\" data-element_type=\"widget\" data-widget_type=\"text-editor.default\">\n\t\t\t\t<div class=\"elementor-widget-container\">\n\t\t\t<style>\/*! elementor - v3.12.1 - 02-04-2023 *\/\n.elementor-widget-text-editor.elementor-drop-cap-view-stacked .elementor-drop-cap{background-color:#69727d;color:#fff}.elementor-widget-text-editor.elementor-drop-cap-view-framed .elementor-drop-cap{color:#69727d;border:3px solid;background-color:transparent}.elementor-widget-text-editor:not(.elementor-drop-cap-view-default) .elementor-drop-cap{margin-top:8px}.elementor-widget-text-editor:not(.elementor-drop-cap-view-default) .elementor-drop-cap-letter{width:1em;height:1em}.elementor-widget-text-editor .elementor-drop-cap{float:left;text-align:center;line-height:1;font-size:50px}.elementor-widget-text-editor .elementor-drop-cap-letter{display:inline-block}<\/style>\t\t\t\t<h3>Interacare terapija &#8211; za pomo\u010d imunskemu sistemu<\/h3><p><span style=\"font-weight: 400;\">Je kombinacija:<\/span><\/p><ul><li>Quantum Technology<\/li><li><span style=\"font-weight: 400;\">\u00a0<\/span><span style=\"font-weight: 400;\">Terahertz Technology<\/span><\/li><li><span style=\"font-weight: 400;\">Optical Quartz Technology<\/span><\/li><\/ul><p><span style=\"font-weight: 400;\">\u00a0<\/span><span style=\"font-weight: 400;\">S pomo\u010djo terahertz valov, svetlobne vibracije in delovanjem globoko v telo vnese novo vibracijo. A. Einstein je neko\u010d dejal, da bo medicina prihodnosti medicina frekvence, vibracije. iTeraCare oddaja svetlobo, ki ima vibracijo Svetlobe \u017eivljenja, bolj je poznana pod imenom Schumanova frekvenca. Telo skozi terapijo globinsko sprejme svetlobo in dobre vibracije.<\/span><\/p><p><span style=\"font-weight: 400;\">\u00a0<\/span><span style=\"font-weight: 400;\">Pogosto se poka\u017ee, da ima te\u017eava ki se poka\u017ee na enem mestu, vzrok nekje drugje in z iTeraCare napravo vplivamo na vse dele.<\/span><\/p><p>Terahertz je poseben elektromagnetni val, ki na telo deluje v frekven\u010dnem pasu dobrega delovanja normalne celice in ima protivnetni u\u010dinek. S prostim o\u010desom te frekvence valov ne zaznamo. Svetloba v visceralni predel s pomo\u010djo ne\u017enega pritiska zraka vstopa direktno, dose\u017ee tudi kostni mozeg ter globinsko odstranjuje hlad in vlago iz telesa. Odpre mikrocirkulacijo v celicah, da vsaka celica sprejme svojo vibracijo, aktivira \u0161ibke ali neaktivne celice. Pove\u010dana mikrocirkulacija odpravlja zastoj vode v telesu. Zdrave celice okrepi, po\u0161kodovane pa popravi ali jih s toksi\u010dno teko\u010dino odplakne iz organizma.<\/p><p><span style=\"font-weight: 400;\">\u00a0<\/span><span style=\"font-weight: 400;\">Do zastoja teko\u010din v telesu pride, ko va\u0161e energije dlje \u010dasa do\u017eivljajo pritisk zunanjih energij in telo ne zmore ve\u010d samo odlagat toksinov.<\/span><\/p><p><span style=\"font-weight: 400;\">\u00a0<\/span><span style=\"font-weight: 400;\">Z iTeraCare se umaknejo energijski pritiski, fascija pride do zra\u010dnosti in bolj\u0161e frekvence ter spusti vi\u0161ek teko\u010din. Celice telesa pridejo do potrebnih \u010distih teko\u010din ter kisika, zato je nujno potrebno ob terapiji (po navodilih terapevta) popiti dovolj teko\u010dine.<\/span><\/p><p><span style=\"font-weight: 400;\">\u00a0<\/span><span style=\"font-weight: 400;\">\u203c\ufe0fNa kaj vpliva iTeraCare terapija? Pri \u010dem vam pomaga?<\/span><\/p><h3>\u00a0ITERACARE TERAPIJA deluje protibole\u010dinsko in protivnetno.<\/h3><ul><li style=\"font-weight: 400;\" aria-level=\"1\"><span style=\"font-weight: 400;\">Energijskim telesom dvigne vibracijo \u2013 dovaja Svetlobo globoko v telo.<\/span><\/li><li style=\"font-weight: 400;\" aria-level=\"1\"><span style=\"font-weight: 400;\">Sprosti delovanje notranjih organov<\/span><\/li><li style=\"font-weight: 400;\" aria-level=\"1\"><span style=\"font-weight: 400;\">Red\u010di kri<\/span><\/li><li style=\"font-weight: 400;\" aria-level=\"1\"><span style=\"font-weight: 400;\">Uporabljajo ga pri kroni\u010dnih boleznih in raku in alergijah<\/span><\/li><li style=\"font-weight: 400;\" aria-level=\"1\"><span style=\"font-weight: 400;\">Regulira telesno temperaturo,<\/span><\/li><li style=\"font-weight: 400;\" aria-level=\"1\"><span style=\"font-weight: 400;\">izbolj\u0161a delovanje imunskega sistema ter uravnava stanje ko\u017ee<\/span><\/li><li style=\"font-weight: 400;\" aria-level=\"1\"><span style=\"font-weight: 400;\">Uravnava in podpira dobro delovanje endokrinih \u017elez<\/span><\/li><li style=\"font-weight: 400;\" aria-level=\"1\"><span style=\"font-weight: 400;\">Dopolni in poceli avro, \u010disti meridiane in limfo<\/span><\/li><li style=\"font-weight: 400;\" aria-level=\"1\"><span style=\"font-weight: 400;\">Obnovi energijo telesa<\/span><\/li><li style=\"font-weight: 400;\" aria-level=\"1\"><span style=\"font-weight: 400;\">Sprosti toksine, ki so bile \u017ee dlje ujeti v fasciji in visceralnih organih, zato je idealna terapija za razstrupljanja ob postenju, huj\u0161anju ali po boleznih.<\/span><\/li><li style=\"font-weight: 400;\" aria-level=\"1\"><span style=\"font-weight: 400;\">Odli\u010dno u\u010dinkuje na hrbtenici, pogosto priporo\u010dajo, da se najprej za\u010dne uporabljati na hrbtenici \u2013 ob uporabi se pospe\u0161i nastanek novih izvornih celic, aktivirajo se v kostnem mozgu.<\/span><\/li><li style=\"font-weight: 400;\" aria-level=\"1\"><span style=\"font-weight: 400;\">Svetlobni valovi Terahertz uravnavajo notranje organe, spro\u0161\u010dajo toksine, prilagodi telesne funkcije, pove\u010da vitalnost, omogo\u010di ve\u010dji pretok energij, okrepi imunski sistem in bistveno \u2013 pove\u010da sposobnost telesa da si pomaga sam.<\/span><\/li><\/ul><p><span style=\"font-weight: 400;\">.\u00a0<\/span><\/p>\t\t\t\t\t\t<\/div>\n\t\t\t\t<\/div>\n\t\t\t\t\t<\/div>\n\t\t<\/div>\n\t\t\t\t\t\t\t<\/div>\n\t\t<\/section>\n\t\t\t\t\t\t\t<\/div>","protected":false},"excerpt":{"rendered":"<p><span style=\"font-weight: 400;\"><strong>Valovna terapija iTerraCare TeraHertz je napredna tehnologija, ki lahko izbolj\u0161a splo\u0161no zdravje in dobro po\u010dutje na\u0161ih pacientov in je kombinacija:<\/strong><\/span><\/p>\n<ul>\n<li><span style=\"font-weight: 400;\">Quantum Technology<\/span><\/li>\n<li><span style=\"font-weight: 400;\">Terahertz Technology<\/span><\/li>\n<li>Optical Quartz Technology<\/li>\n<\/ul>\n<p><span style=\"font-weight: 400;\">\u00a0<\/span><\/p>\n<p><b>Kaj je iTeraCare?<\/b><\/p>\n<p>iTera Care je revolucionaren, neinvaziven na\u010din za zmanj\u0161anje nelagodja ter spodbujanje in pospe\u0161evanje zdravja. Ta sistem spodbuja skalarno energijo z uporabo kremenovih kristalov. Zaradi teraherznih frekvenc pomaga telesu, da se znebi slabih celic in oblikuje nove zdrave celice, hkrati pa razstruplja in \u010disti telo.<\/p>\n<p>IteraCare uporablja teraherzno tehnologijo, ki je elektromagnetna frekvenca, ki lahko globoko prodre v telo od 20 do 30 cm globoko. Tako dose\u017ee kostni mozeg, izbolj\u0161a krvni obtok in okrepi imunski sistem. To pripomore k obnovi po\u0161kodovanih celic, izbolj\u0161a \u010das zdravljenja in vam daje ob\u010dutek energije.<\/p>\n<p><span style=\"font-weight: 400;\">S pomo\u010djo terahertz valov, svetlobne vibracije in delovanjem globoko v telo vnese novo vibracijo. A. Einstein je neko\u010d dejal, da bo medicina prihodnosti medicina frekvence, vibracije. iTerraCare oddaja svetlobo, ki ima vibracijo Svetlobe \u017eivljenja, bolj je poznana pod imenom Schumanova frekvenca. Telo skozi terapijo globinsko sprejme svetlobo in dobre vibracije.<\/span><\/p>\n<p><span style=\"font-weight: 400;\">\u00a0<\/span><\/p>\n<p><strong>Na kaj vpliva iTerraCare terapija? Pri \u010dem vam pomaga?<\/strong><\/p>\n<p><span style=\"font-weight: 400;\">iTerraCare valovna TERAPIJA.\u00a0Valovna terapija iTeraCare TeraHertz lahko poleg zmanj\u0161anja nelagodja zmanj\u0161a vnetja, zmanj\u0161a videz gub, izbolj\u0161a elasti\u010dnost ko\u017ee, zmanj\u0161a brazgotine, zmanj\u0161a hiperpigmentacijo in celo pomaga pri regeneraciji \u017eivcev. Deluje protibole\u010dinsko in protivnetno.<\/span><\/p>\n<ul>\n<li style=\"font-weight: 400;\" aria-level=\"1\"><span style=\"font-weight: 400;\">Energijskim telesom dvigne vibracijo \u2013 dovaja Svetlobo globoko v telo.<\/span><\/li>\n<li style=\"font-weight: 400;\" aria-level=\"1\"><span style=\"font-weight: 400;\">Sprosti delovanje notranjih organov<\/span><\/li>\n<li style=\"font-weight: 400;\" aria-level=\"1\"><span style=\"font-weight: 400;\">Red\u010di kri<\/span><\/li>\n<li style=\"font-weight: 400;\" aria-level=\"1\"><span style=\"font-weight: 400;\">Uporabljajo ga pri kroni\u010dnih boleznih in raku in alergijah<\/span><\/li>\n<li style=\"font-weight: 400;\" aria-level=\"1\"><span style=\"font-weight: 400;\">Regulira telesno temperaturo,<\/span><\/li>\n<li style=\"font-weight: 400;\" aria-level=\"1\"><span style=\"font-weight: 400;\">izbolj\u0161a delovanje imunskega sistema ter uravnava stanje ko\u017ee<\/span><\/li>\n<li style=\"font-weight: 400;\" aria-level=\"1\"><span style=\"font-weight: 400;\">Uravnava in podpira dobro delovanje endokrinih \u017elez<\/span><\/li>\n<li style=\"font-weight: 400;\" aria-level=\"1\"><span style=\"font-weight: 400;\">Dopolni in poceli avro, \u010disti meridiane in limfo<\/span><\/li>\n<li style=\"font-weight: 400;\" aria-level=\"1\"><span style=\"font-weight: 400;\">Obnovi energijo telesa<\/span><\/li>\n<li style=\"font-weight: 400;\" aria-level=\"1\"><span style=\"font-weight: 400;\">Sprosti toksine, ki so bile \u017ee dlje ujeti v fasciji in visceralnih organih, zato je idealna terapija za razstrupljanja ob postenju, huj\u0161anju ali po boleznih.<\/span><\/li>\n<li style=\"font-weight: 400;\" aria-level=\"1\"><span style=\"font-weight: 400;\">Odli\u010dno u\u010dinkuje na hrbtenici, pogosto priporo\u010dajo, da se najprej za\u010dne uporabljati na hrbtenici \u2013 ob uporabi se pospe\u0161i nastanek novih izvornih celic, aktivirajo se v kostnem mozgu.<\/span><\/li>\n<li style=\"font-weight: 400;\" aria-level=\"1\"><span style=\"font-weight: 400;\">Svetlobni valovi Terahertz uravnavajo notranje organe, spro\u0161\u010dajo toksine, prilagodi telesne funkcije, pove\u010da vitalnost, omogo\u010di ve\u010dji pretok energij, okrepi imunski sistem in bistveno \u2013 pove\u010da sposobnost telesa da si pomaga sam.<\/span><\/li>\n<li aria-level=\"1\">Izbolj\u0161a prekrvavitev<\/li>\n<li aria-level=\"1\">Zmanj\u0161a vnetje<\/li>\n<li aria-level=\"1\">Okrepi imunski sistem<\/li>\n<li aria-level=\"1\">Pove\u010da raven energije<\/li>\n<li aria-level=\"1\">Prepre\u010duje rast nezdravih celic<\/li>\n<li aria-level=\"1\">Izbolj\u0161a splo\u0161no zdravje in dobro po\u010dutje<\/li>\n<\/ul>\n<p>&nbsp;<\/p>\n<p>Z terapijo iTeraCare lahko odpravimo te\u017eave <strong>pri prebavi in laj\u0161anju menstrualnih kr\u010dev ter spodbuja rast las<\/strong>. Lahko se <strong>zmanj\u0161a tudi prhljaj<\/strong> in <strong>prezgodnje staranje<\/strong> ter pomaga pri <strong>spodbujanju gibanja \u010drevesja<\/strong>.<\/p>\n<p>ITerraCare lahko izbolj\u0161a mikrocirkulacijo zaradi svoje sposobnosti \u0161irjenja krvnih \u017eil, kar lahko zmanj\u0161a upor in viskoznost pretoka krvi, hkrati pa spodbuja krvni obtok, odstranjuje grudice in meh\u010da krvne \u017eile.<\/p>\n<p>Urejanje \u017elez je \u0161e ena velika prednost, saj frekvenca absorbira in aktivira celice z zmerno temperaturo ter odpravlja vse mirujo\u010de celice v telesu. Odstranjevanje telesne potenje je \u0161e ena velika prednost iTeraCare, saj lahko odstrani nezdravo telesno potenje in ma\u0161\u010dobe ter uravnovesi imunski sistem telesa.<\/p>","protected":false},"featured_media":6388,"template":"","meta":{"_seopress_robots_primary_cat":"none"},"product_cat":[103],"product_tag":[],"class_list":{"0":"post-5519","1":"product","2":"type-product","3":"status-publish","4":"has-post-thumbnail","6":"product_cat-tretmaji","8":"first","9":"instock","10":"virtual","11":"sold-individually","12":"purchasable","13":"product-type-simple"},"_links":{"self":[{"href":"https:\/\/www.marusapotokar.com\/nl\/wp-json\/wp\/v2\/product\/5519","targetHints":{"allow":["GET"]}}],"collection":[{"href":"https:\/\/www.marusapotokar.com\/nl\/wp-json\/wp\/v2\/product"}],"about":[{"href":"https:\/\/www.marusapotokar.com\/nl\/wp-json\/wp\/v2\/types\/product"}],"version-history":[{"count":0,"href":"https:\/\/www.marusapotokar.com\/nl\/wp-json\/wp\/v2\/product\/5519\/revisions"}],"wp:featuredmedia":[{"embeddable":true,"href":"https:\/\/www.marusapotokar.com\/nl\/wp-json\/wp\/v2\/media\/6388"}],"wp:attachment":[{"href":"https:\/\/www.marusapotokar.com\/nl\/wp-json\/wp\/v2\/media?parent=5519"}],"wp:term":[{"taxonomy":"product_cat","embeddable":true,"href":"https:\/\/www.marusapotokar.com\/nl\/wp-json\/wp\/v2\/product_cat?post=5519"},{"taxonomy":"product_tag","embeddable":true,"href":"https:\/\/www.marusapotokar.com\/nl\/wp-json\/wp\/v2\/product_tag?post=5519"}],"curies":[{"name":"wp","href":"https:\/\/api.w.org\/{rel}","templated":true}]}}