{"id":5615,"date":"2024-09-13T16:26:04","date_gmt":"2024-09-13T16:26:04","guid":{"rendered":"https:\/\/www.ivh9.si\/Ponudbe\/potokar\/?post_type=product&#038;p=5615"},"modified":"2025-06-05T12:43:09","modified_gmt":"2025-06-05T11:43:09","slug":"posvet-1-na-1-60-minut","status":"publish","type":"product","link":"https:\/\/www.marusapotokar.com\/nl\/product\/posvet-1-na-1-60-minut\/","title":{"rendered":"POSVET 1 na 1 &#8211; 60 minut"},"content":{"rendered":"<h3>Kaj je namen individualnega posveta oz. coachinga?<\/h3>\n<p>Coaching lahko dobesedno odpre vrata do poti, ki jih zaradi ujetosti v \u201estarih vzorcih razmi\u0161ljanja\u201c nikoli nismo videli, zaradi \u010desar se ljudje pogosto \u201evrtijo v krogu\u201c, namesto da bi napredovali v \u017eeleni smeri.<\/p>\n<p>Ko razmi\u0161ljamo o \u0161tevilnih \u017eivljenjskih situacijah, ki jih lahko do\u017eivimo v svojem \u017eivljenju, se je pametno pogovoriti z \u017eivljenjskim trenerjem, ki vam lahko z zanimanjem in radovednostjo prisluhne ter skupaj z vami razmi\u0161lja, ko naglavljate trenutno situacijo, ki jo do\u017eivljate, in vas podpira pri obvladovanju va\u0161ih \u010dustev in odzivov nanjo. Od znanja, kako ravnati v dolo\u010denih \u017eivljenjskih situacijah, ko se pojavijo, je odvisno, kako dobro bomo napredovali in kak\u0161na bo kakovost na\u0161e prihodnje \u017eivljenjske situacije.<\/p>\n<p>Pri individualnem coachingu gre za umirjen, brez obsojanja, refleksivni pogovor z uporabo treh elementov \u010duje\u010dnosti, meditacije in pozitivne samorefleksije, ki pomagajo ozavestiti temeljni vzrok tesnobe, kot na primer: strah re\u010di ne, strah pred spremembami ali strah poskusiti nekaj novega.<\/p>\n<p>Poskusiti nekaj novega pomaga osebi ustvariti \u201emiselnost rasti\u201c, ki odpre um za raziskovanje novih mo\u017enosti v situacijah, v katerih se po\u010dutijo \u201eujete\u201c. To je lahko nova zaposlitev, novo razmerje, nov dom, nov otrok, nov zdrav \u017eivljenjski slog. Seveda so tudi podro\u010dja \u017eivljenja, ki se zgodijo nepri\u010dakovano in povzro\u010dijo bole\u010dino in trpljenje, kot so odpu\u0161\u010danje, lo\u010ditev, slabo zdravje ali smrt.<\/p>\n<p>Ta storitev je na voljo osebno ali prek spleta in je prilagojena potrebam vsakega posameznika.<\/p>\n<p>Trajanje svetovanja je 60 minut.<\/p>","protected":false},"excerpt":{"rendered":"<div class=\"gmail_default\">Individualno svetovanje je proces, ki lahko\u00a0dobesedno odpre vrata do poti, ki jih zaradi ujetosti v \u201estarih vzorcih razmi\u0161ljanja\u201c nikoli nismo videli, zaradi \u010desar se ljudje pogosto \u201evrtijo v krogu\u201c, namesto da bi napredovali v \u017eeleni smeri.<\/div>","protected":false},"featured_media":6386,"template":"","meta":{"_seopress_robots_primary_cat":"none"},"product_cat":[103],"product_tag":[],"class_list":{"0":"post-5615","1":"product","2":"type-product","3":"status-publish","4":"has-post-thumbnail","6":"product_cat-tretmaji","8":"first","9":"instock","10":"virtual","11":"purchasable","12":"product-type-simple"},"_links":{"self":[{"href":"https:\/\/www.marusapotokar.com\/nl\/wp-json\/wp\/v2\/product\/5615","targetHints":{"allow":["GET"]}}],"collection":[{"href":"https:\/\/www.marusapotokar.com\/nl\/wp-json\/wp\/v2\/product"}],"about":[{"href":"https:\/\/www.marusapotokar.com\/nl\/wp-json\/wp\/v2\/types\/product"}],"version-history":[{"count":0,"href":"https:\/\/www.marusapotokar.com\/nl\/wp-json\/wp\/v2\/product\/5615\/revisions"}],"wp:featuredmedia":[{"embeddable":true,"href":"https:\/\/www.marusapotokar.com\/nl\/wp-json\/wp\/v2\/media\/6386"}],"wp:attachment":[{"href":"https:\/\/www.marusapotokar.com\/nl\/wp-json\/wp\/v2\/media?parent=5615"}],"wp:term":[{"taxonomy":"product_cat","embeddable":true,"href":"https:\/\/www.marusapotokar.com\/nl\/wp-json\/wp\/v2\/product_cat?post=5615"},{"taxonomy":"product_tag","embeddable":true,"href":"https:\/\/www.marusapotokar.com\/nl\/wp-json\/wp\/v2\/product_tag?post=5615"}],"curies":[{"name":"wp","href":"https:\/\/api.w.org\/{rel}","templated":true}]}}