{"id":5712,"date":"2024-11-06T10:35:58","date_gmt":"2024-11-06T10:35:58","guid":{"rendered":"https:\/\/www.ivh9.si\/Ponudbe\/potokar\/product\/masaza-5-ih-kontinentov-copy\/"},"modified":"2024-12-19T12:45:28","modified_gmt":"2024-12-19T12:45:28","slug":"expanse-therapy-2","status":"publish","type":"product","link":"https:\/\/www.marusapotokar.com\/nl\/product\/expanse-therapy-2\/","title":{"rendered":"EXPANSE THERAPY"},"content":{"rendered":"<h3>Masa\u017ea Expanse therapy<\/h3>\n<p>je popolnoma nova, fantasti\u010dno mo\u010dna celostna terapija, ki je zasnovana za pove\u010danje veselja in energije za \u017eivljenje, hkrati pa ponuja izjemno, pristno \u010dustveno sprostitev.<\/p>\n<p>Njen cilj je izbolj\u0161ati kakovost spanja, pove\u010dati samozavest ter laj\u0161ati telesne in psiho-\u010dustvene bole\u010dine.<\/p>\n<p>Zahvaljujo\u010d me\u0161anici eteri\u010dnih in rastlinskih olj, kombinaciji tretmajev, ustvarjenih z razli\u010dnimi energijskimi tehnikami, masa\u017eo, tapkanjem, akupresuro, zvo\u010dno terapijo, svetlobno terapijo, dihanjem in sr\u010dno koherenco, daje uspeh na\u0161emu notranjemu \u2013 zunanjemu dobremu po\u010dutju, na fizi\u010dno \u2013 mentalni, \u010dustveni in telesni ravni.<\/p>\n<p>Expanse Therapy masa\u017ea je nova in zelo mo\u010dna terapija, z njo lahko pose\u017eemo zelo globoko. Malo masa\u017ee glave, mo\u010dna masa\u017ea trebuha, odpiranje sr\u010dnega prostora, eteri\u010dna olja, zvo\u010dna in svetlobna terapija.<\/p>\n<p>Omogo\u010da veliko spro\u0161\u010danja in je kot pravi naravni antidepresiv, je sredstvo za izbolj\u0161anje razpolo\u017eenja, je koncentrat notranjega nasmeha, terapija veselja in osvoboditve!<\/p>\n<p>Kombinacija eteri\u010dnih olj deluje na \u010dustva, razli\u010dne bolezni in ima \u0161tevilne druge mo\u010di. Zvo\u010dna terapija deluje na napetosti, blokade in \u010dustva s posebej razvito in kalibrirano zvo\u010dno podlago, ki ustreza frekvenca Hertzov vsakega zdravljenega podro\u010dja.<\/p>\n<h3>Masa\u017ea Expanse therapy je priporo\u010dljiva za:<\/h3>\n<ul>\n<li>Osebe s te\u017eavami s spanjem<\/li>\n<li>Pomanjkanje samozavesti<\/li>\n<li>Ob\u010dutek zaspanosti, preobremenjenosti, izgubljenosti<\/li>\n<li>Pomanjkanje motivacije in tesnoba<\/li>\n<li>Pri te\u017eavah s koncentracijo<\/li>\n<li>Pomaga pri odpu\u0161\u010danju in odpravljanju starih travm<\/li>\n<\/ul>\n<h3>\u00a0\u201cTeme\u201d, s katerimi sem se do sedaj sre\u010devala na tretmajih so bile:<\/h3>\n<ul>\n<li>Notranje otro\u0161ke travme, ki jih lahko spustimo<\/li>\n<li>Notranja stabilnost, spo\u0161tovanje in sprejemanje sebe<\/li>\n<li>Sprostitev starih travm, ki se niso premaknile in so morda nezavedne<\/li>\n<li>Sprostitev<\/li>\n<li>Sprememba fizi\u010dnih te\u017eav<\/li>\n<li>Fizi\u010dno vi\u0161ja raven serotonina, dopamina, oksitocina, adrenalina in endorfinov v telesu<\/li>\n<\/ul>\n<p>S<strong>kupaj z masa\u017eo 5 kontinentov sta ti dve \u201cterapiji\u201d pravi katalizator sprememb in ker se lepo dopolnjujeta, skupaj \u010dudovito prispevata k spro\u0161\u010danju bole\u010dine, sodb in s tem k do\u017eivljanju ve\u010dje radosti in lahkotnosti ter odpiranju va\u0161ega \u017eivljenja.<\/strong><\/p>\n<p>Njeno poslanstvo je resni\u010dno preoblikovati \u017eivljenje, telo in um, resni\u010dno ustvarjati in vplivati na kolektivno zavest.<\/p>\n<p>Tretma poteka na masa\u017eni mizi, v obla\u010dilih, le trebuh ostane prost za masa\u017eo trebuha.<\/p>\n<p><span style=\"font-weight: 400;\">V idealnem primeru je treba opraviti 4 tretmaje, u\u010dinek pa je mogo\u010de okrepiti z Masa\u017eo 5-ih kontinentov, ki se ob\u010dasno prepletajo.<\/span><\/p>\n<p><strong>Masa\u017ea traja 60 minut.<\/strong><\/p>\n<p>&nbsp;<\/p>","protected":false},"excerpt":{"rendered":"<p>Masa\u017ea glave, srca in trebuha.<\/p>\n<p>Telo je na\u0161 tempelj.<\/p>\n<p>Kaj, \u010de je \u010das, da se mu posvetimo z masa\u017eo Expanse Therapy, ki bo v va\u0161em telesu povzro\u010dila:<\/p>\n<ul>\n<li>aktivacijo hormona sre\u010de,<\/li>\n<li>razgradila zasidrane travme,<\/li>\n<li>odvajanje nakopi\u010denih toksinov v organih,<\/li>\n<li>bolj\u0161e delovanje organov in<\/li>\n<li>bolj\u0161e kro\u017eenje energije po telesu.<\/li>\n<\/ul>\n<p>Ta tretma omogo\u010da \u010dustveno sprostitev, povezano z razli\u010dnimi organi\u00a0(zna\u010dilno za tradicionalno kitajsko medicino)<br \/>\nza ve\u010d spro\u0161\u010danja in veselja na vseh ravneh!<\/p>","protected":false},"featured_media":6387,"template":"","meta":{"_seopress_robots_primary_cat":"none"},"product_cat":[103],"product_tag":[],"class_list":{"0":"post-5712","1":"product","2":"type-product","3":"status-publish","4":"has-post-thumbnail","6":"product_cat-tretmaji","8":"first","9":"instock","10":"sale","11":"virtual","12":"sold-individually","13":"purchasable","14":"product-type-simple"},"_links":{"self":[{"href":"https:\/\/www.marusapotokar.com\/nl\/wp-json\/wp\/v2\/product\/5712","targetHints":{"allow":["GET"]}}],"collection":[{"href":"https:\/\/www.marusapotokar.com\/nl\/wp-json\/wp\/v2\/product"}],"about":[{"href":"https:\/\/www.marusapotokar.com\/nl\/wp-json\/wp\/v2\/types\/product"}],"version-history":[{"count":0,"href":"https:\/\/www.marusapotokar.com\/nl\/wp-json\/wp\/v2\/product\/5712\/revisions"}],"wp:featuredmedia":[{"embeddable":true,"href":"https:\/\/www.marusapotokar.com\/nl\/wp-json\/wp\/v2\/media\/6387"}],"wp:attachment":[{"href":"https:\/\/www.marusapotokar.com\/nl\/wp-json\/wp\/v2\/media?parent=5712"}],"wp:term":[{"taxonomy":"product_cat","embeddable":true,"href":"https:\/\/www.marusapotokar.com\/nl\/wp-json\/wp\/v2\/product_cat?post=5712"},{"taxonomy":"product_tag","embeddable":true,"href":"https:\/\/www.marusapotokar.com\/nl\/wp-json\/wp\/v2\/product_tag?post=5712"}],"curies":[{"name":"wp","href":"https:\/\/api.w.org\/{rel}","templated":true}]}}