{"id":6710,"date":"2024-12-01T12:32:00","date_gmt":"2024-12-01T12:32:00","guid":{"rendered":"https:\/\/www.ivh9.si\/Ponudbe\/potokar\/product\/access-bars-tretma-copy\/"},"modified":"2025-06-19T17:34:46","modified_gmt":"2025-06-19T16:34:46","slug":"access-bars-tretma-odrasli","status":"publish","type":"product","link":"https:\/\/www.marusapotokar.com\/nl\/product\/access-bars-tretma-odrasli\/","title":{"rendered":"ACCESS BARS\u00ae TRETMA &#8211; ODRASLI"},"content":{"rendered":"<div data-elementor-type=\"product-post\" data-elementor-id=\"6710\" class=\"elementor elementor-6710\">\n\t\t\t\t\t\t\t\t\t<section class=\"elementor-section elementor-top-section elementor-element elementor-element-12f027f7 elementor-section-boxed elementor-section-height-default elementor-section-height-default\" data-id=\"12f027f7\" data-element_type=\"section\" data-settings=\"{&quot;jet_parallax_layout_list&quot;:[]}\">\n\t\t\t\t\t\t<div class=\"elementor-container elementor-column-gap-default\">\n\t\t\t\t\t<div class=\"elementor-column elementor-col-100 elementor-top-column elementor-element elementor-element-6f8e2325\" data-id=\"6f8e2325\" data-element_type=\"column\">\n\t\t\t<div class=\"elementor-widget-wrap elementor-element-populated\">\n\t\t\t\t\t\t\t\t<div class=\"elementor-element elementor-element-4d169bb7 elementor-widget__width-initial elementor-widget elementor-widget-text-editor\" data-id=\"4d169bb7\" data-element_type=\"widget\" data-widget_type=\"text-editor.default\">\n\t\t\t\t<div class=\"elementor-widget-container\">\n\t\t\t<style>\/*! elementor - v3.12.1 - 02-04-2023 *\/\n.elementor-widget-text-editor.elementor-drop-cap-view-stacked .elementor-drop-cap{background-color:#69727d;color:#fff}.elementor-widget-text-editor.elementor-drop-cap-view-framed .elementor-drop-cap{color:#69727d;border:3px solid;background-color:transparent}.elementor-widget-text-editor:not(.elementor-drop-cap-view-default) .elementor-drop-cap{margin-top:8px}.elementor-widget-text-editor:not(.elementor-drop-cap-view-default) .elementor-drop-cap-letter{width:1em;height:1em}.elementor-widget-text-editor .elementor-drop-cap{float:left;text-align:center;line-height:1;font-size:50px}.elementor-widget-text-editor .elementor-drop-cap-letter{display:inline-block}<\/style>\t\t\t\t<h3><span style=\"font-weight: 400;\">Ste se pripravljeni osvoboditi miselne zmede, stresa in omejujo\u010dih prepri\u010danj? <\/span><\/h3><p><span style=\"font-weight: 400;\">Access Bars je neverjetno mo\u010dna in transformativna tehnika, ki vam pomaga odstraniti \u010dustvene blokade in ustvariti prostor za ve\u010dji mir in jasnost v va\u0161em \u017eivljenju.<\/span><\/p><p><span style=\"font-weight: 400;\">Acess Bars\u00ae je ne\u017ena energijska tehnika s katero lahko spremenite vse v svojem \u017eivljenju in telesu. Gre za 32 to\u010dk na glavi, ki jih aktiviramo z ne\u017enim dotikom. Mo\u017egani po 15 minutah terapije preidejo v theta stanje, ki je stanje globoke relaksacije, ki aktivira samozdravljenje telesa in odpira prostor zavedanja v va\u0161em \u017eivljenju.<\/span><\/p><h3><b><i>Barsi so znanstveno potrjeni.<\/i><\/b><\/h3><div><b><i><span style=\"font-weight: 400;\">Te to\u010dke vsebujejo vse omejitve, misli, ideje, prepri\u010danja, \u010dustva, sodbe in razmi\u0161ljanja, ki ste jih shranili v kateremkoli \u017eivljenju in vas zdaj omejujejo, da zavestno izbirate in tako ustvarjate svoje \u017eivljenje na vseh podro\u010djih. Raztapljajo se glavne blokade iz vseh podro\u010dji \u017eivljenja in telesa.<\/span><\/i><\/b><\/div><div><b><i><span style=\"font-weight: 400;\">\u00a0<\/span><\/i><\/b><\/div><h3><b><i><span style=\"font-weight: 400;\">Kaj vse lahko dose\u017eete z izvajanjem Barsov?<\/span><\/i><\/b><\/h3><p><span style=\"font-weight: 400;\">Barsi so pomagali tiso\u010dim ljudem po celem svetu spremeniti mnoge aspekte, povezane z njihovimi telesi in \u017eivljenji, vklju\u010dno s spanjem, zdravjem, telesno te\u017eo, denarjem, spolnostjo, odnosi, nervoza, stresom, depresijami, ostalimi psihosomatskimi problemi in veliko ve\u010d.<\/span><\/p><p><span style=\"font-weight: 400;\">Po tretmaju se boste v najslab\u0161em primeru po\u010dutili, kot da ste pravkar prejeli najbolj\u0161o masa\u017eo v \u017eivljenju. V najbolj\u0161em pa se bo va\u0161e celotno \u017eivljenje s popolno lahkoto spremeni v nekaj ve\u010djega. \u017divljenje postane bolj dinami\u010dno, lahkotno in odpre se ve\u010d mo\u017enosti.<\/span><\/p><div class=\"page\" title=\"Page 6\"><div class=\"layoutArea\"><div class=\"column\"><h3><em><strong>Kaj lahko pri\u010dakujete med seanso?<\/strong><\/em><\/h3><p>Udobno boste le\u017eali na masa\u017eni mizi, medtem ko se bom ne\u017eno dotikala 32 to\u010dk Access Bars na va\u0161i glavi. Medtem ko jo prejemate, ste oblec\u030ceni. Dotikam se samo glave, dlani in stopal.<\/p><p>Seansa traja pribli\u017eno 60 do 90 minut in je popolnoma spro\u0161\u010dujo\u010da &#8211; mnoge stranke med njo zaspijo!<\/p><p>\u017de po eni seansi lahko ob\u010dutite globok ob\u010dutek miru, spro\u0161\u010denosti in jasnosti.<\/p><h3>Ljudje poroc\u030cajo, da so jim Access barsi pomagali pri:<\/h3><ul><li><p>Zmanjs\u030cevanju stresa<\/p><\/li><li><p>Globoki sprostitvi<\/p><\/li><li><p>Glava brez misli<\/p><\/li><li>Odprava tesnobe in anksioznosti, depresije\u00a0<\/li><li><p>Zmanjs\u030cevanju preplavljenosti<\/p><\/li><li><p>Zmanjs\u030cevanju negativnih in omejujoc\u030cih miselnih vzorcev<\/p><\/li><li><p>Izboljs\u030canju vsesplos\u030cnega blagostanja<\/p><\/li><li><p>Laz\u030cjem spancu<\/p><\/li><li><p>Povec\u030canju obc\u030cutkov srec\u030ce in hvalez\u030cnosti<\/p><\/li><\/ul><h3>Za koga so koristni Access barsi?<\/h3><ul><li>za odrasle in otroke, ki se po\u010dutijo pod stresom in preobremenjeni<\/li><li>za tiste, ki i\u0161\u010dejo du\u0161evno jasnost in osredoto\u010denost<\/li><li>za vse, ki se \u017eelijo znebiti \u010dustvene prtljage<\/li><li>za posameznike, ki \u017eelijo do\u017eiveti osebno rast in preobrazbo.<\/li><\/ul><h3><strong>Kako koristi Access bars terapija odraslim?<\/strong><\/h3><p>\u017divljenje je lahko zelo naporno, odrasli pa pogosto nosimo veliko stresa, tesnobe in \u010dustvene prtljage. V nadaljevanju z vami podelim, kako vam lahko Access Bars pomaga:<\/p><ul><li>Globoka sprostitev \ud83d\udc86\u200d\u2640\ufe0f\ud83d\udc86\u200d\u2642\ufe0f<br \/>Ob\u010dutite globoko sprostitev, saj Access Bars deluje tako, da odstrani mentalne in \u010dustvene blokade ter vam pomaga, da se po\u010dutite mirneje in bolj osredoto\u010deno.<\/li><li>Sprostitev stresa \ud83c\udf3f<br \/>Redne seanse Access Bars pomagajo zmanj\u0161ati anksioznost, stres in napetost, zato se po\u010dutite bolj uravnote\u017eeno in spro\u0161\u010deno.<\/li><li>Mentalna jasnost \ud83d\udca1<br \/>Access Barsi pomagajo sprostiti miselno zmedo, kar vodi k bolj\u0161i zbranosti, ustvarjalnosti in sposobnosti odlo\u010danja. To je kot pritisk na gumb za ponastavitev va\u0161ega uma!<\/li><li>\u010custveno zdravljenje \ud83d\udc96<br \/>\u010ce v sebi nosite \u010dustveno bole\u010dino, travmo ali omejujo\u010da prepri\u010danja, vas Access Bars lahko podpre pri opu\u0161\u010danju teh ob\u010dutkov, kar omogo\u010da \u010dustveno svobodo in rast.<\/li><li>Osebna preobrazba \ud83c\udf31<br \/>S \u010di\u0161\u010denjem starih vzorcev in prepri\u010danj Access Bars odpira vrata novim mo\u017enostim in bolj opolnomo\u010denemu \u017eivljenju.\u00a0<\/li><\/ul><h2>Ste pripravljeni preizkusiti Access Bars terapijo?<\/h2><p>\u010ce i\u0161\u010dete ne\u017een, a u\u010dinkovit na\u010din za odpravo stresa, sprostitev omejujo\u010dih prepri\u010danj in ustvarjanje lahkotnega \u017eivljenja, je terapija Access Bars primerna za vas. \u010cas je, da sprostite svoj potencial in stopite v svoj najbolj usklajen in opolnomo\u010den jaz.<\/p><p>Termin za terapijo Access Bars rezervirajte \u0161e danes in naredite prvi korak k bolj spro\u0161\u010denemu, mirnemu in opolnomo\u010denemu sebi, se znebiti stresa in se v vsakdanjem \u017eivljenju po\u010dutiti bolj spro\u0161\u010deno! \ud83c\udf1f<\/p><\/div><div class=\"column\"><p>Enostavno kliknite na gumbek &#8220;Dodaj v ko\u0161arico&#8221; izberite na\u010din pla\u010dila in kontaktirali vas bomo v najkraj\u0161em \u010dasu za dolo\u010ditev ustreznega termina terapije Access Bars<\/p><p>V kolikor pa se vam porajajo \u0161e kak\u0161na vpra\u0161anja sem vam na voljo preko kontaktnega obrazca na spletni strani ali preko elektronske po\u0161te marusapotokar@gmail.com<\/p><p>\u00a0<\/p><\/div><p><em><strong>Lokacije kjer izvajam terapije:\u00a0<\/strong><\/em><\/p><p><strong>Grosuplje<\/strong> &#8211; Adami\u010deva cesta 8, 1290 Grosuplje\u00a0<\/p><p><strong>Ljubljana<\/strong> &#8211; to\u010dno lokacijo prejmete ob rezervaciji termina\u00a0<\/p><p>\u00a0<\/p><\/div><\/div>\t\t\t\t\t\t<\/div>\n\t\t\t\t<\/div>\n\t\t\t\t\t<\/div>\n\t\t<\/div>\n\t\t\t\t\t\t\t<\/div>\n\t\t<\/section>\n\t\t\t\t\t\t\t<\/div>","protected":false},"excerpt":{"rendered":"<h3><span style=\"font-weight: 400;\">ENA SEANSA IN VA\u0160 SVET SE LAHKO V TRENUTKU SPREMENI.<\/span><\/h3>\n<p><span style=\"font-weight: 400;\">Access Bars\u00ae je ne\u017ena energijska tehnika s katero lahko spremenite vse v svojem \u017eivljenju in telesu. \u200bGre za 32 to\u010dk na glavi, ki jih aktiviramo z ne\u017enim dotikom. Mo\u017egani po 15 minutah terapije preidejo v theta stanje, ki je stanje globoke relaksacije, ki aktivira samozdravljenje telesa in odpira prostor zavedanja v va\u0161em \u017eivljenju.\u200b<\/span><\/p>\n<p>&nbsp;<\/p>","protected":false},"featured_media":6384,"template":"","meta":{"_seopress_robots_primary_cat":"none"},"product_cat":[117,103],"product_tag":[],"class_list":{"0":"post-6710","1":"product","2":"type-product","3":"status-publish","4":"has-post-thumbnail","6":"product_cat-access-bars","7":"product_cat-tretmaji","9":"first","10":"instock","11":"virtual","12":"sold-individually","13":"purchasable","14":"product-type-simple"},"_links":{"self":[{"href":"https:\/\/www.marusapotokar.com\/nl\/wp-json\/wp\/v2\/product\/6710","targetHints":{"allow":["GET"]}}],"collection":[{"href":"https:\/\/www.marusapotokar.com\/nl\/wp-json\/wp\/v2\/product"}],"about":[{"href":"https:\/\/www.marusapotokar.com\/nl\/wp-json\/wp\/v2\/types\/product"}],"version-history":[{"count":0,"href":"https:\/\/www.marusapotokar.com\/nl\/wp-json\/wp\/v2\/product\/6710\/revisions"}],"wp:featuredmedia":[{"embeddable":true,"href":"https:\/\/www.marusapotokar.com\/nl\/wp-json\/wp\/v2\/media\/6384"}],"wp:attachment":[{"href":"https:\/\/www.marusapotokar.com\/nl\/wp-json\/wp\/v2\/media?parent=6710"}],"wp:term":[{"taxonomy":"product_cat","embeddable":true,"href":"https:\/\/www.marusapotokar.com\/nl\/wp-json\/wp\/v2\/product_cat?post=6710"},{"taxonomy":"product_tag","embeddable":true,"href":"https:\/\/www.marusapotokar.com\/nl\/wp-json\/wp\/v2\/product_tag?post=6710"}],"curies":[{"name":"wp","href":"https:\/\/api.w.org\/{rel}","templated":true}]}}