{"id":6735,"date":"2024-12-02T17:22:38","date_gmt":"2024-12-02T17:22:38","guid":{"rendered":"https:\/\/www.ivh9.si\/Ponudbe\/potokar\/product\/access-bars-tretma-copy-copy\/"},"modified":"2025-02-20T10:59:33","modified_gmt":"2025-02-20T09:59:33","slug":"bioterapija-4-obiski-v-zivo-ali-na-daljavo","status":"publish","type":"product","link":"https:\/\/www.marusapotokar.com\/nl\/product\/bioterapija-4-obiski-v-zivo-ali-na-daljavo\/","title":{"rendered":"Bioterapija &#8211; 4 obiski v \u017eivo ali na daljavo"},"content":{"rendered":"<div data-elementor-type=\"product-post\" data-elementor-id=\"6735\" class=\"elementor elementor-6735\">\n\t\t\t\t\t\t\t\t\t<section class=\"elementor-section elementor-top-section elementor-element elementor-element-12f027f7 elementor-section-boxed elementor-section-height-default elementor-section-height-default\" data-id=\"12f027f7\" data-element_type=\"section\" data-settings=\"{&quot;jet_parallax_layout_list&quot;:[]}\">\n\t\t\t\t\t\t<div class=\"elementor-container elementor-column-gap-default\">\n\t\t\t\t\t<div class=\"elementor-column elementor-col-100 elementor-top-column elementor-element elementor-element-6f8e2325\" data-id=\"6f8e2325\" data-element_type=\"column\">\n\t\t\t<div class=\"elementor-widget-wrap elementor-element-populated\">\n\t\t\t\t\t\t\t\t<div class=\"elementor-element elementor-element-4d169bb7 elementor-widget__width-initial elementor-widget elementor-widget-text-editor\" data-id=\"4d169bb7\" data-element_type=\"widget\" data-widget_type=\"text-editor.default\">\n\t\t\t\t<div class=\"elementor-widget-container\">\n\t\t\t<style>\/*! elementor - v3.12.1 - 02-04-2023 *\/\n.elementor-widget-text-editor.elementor-drop-cap-view-stacked .elementor-drop-cap{background-color:#69727d;color:#fff}.elementor-widget-text-editor.elementor-drop-cap-view-framed .elementor-drop-cap{color:#69727d;border:3px solid;background-color:transparent}.elementor-widget-text-editor:not(.elementor-drop-cap-view-default) .elementor-drop-cap{margin-top:8px}.elementor-widget-text-editor:not(.elementor-drop-cap-view-default) .elementor-drop-cap-letter{width:1em;height:1em}.elementor-widget-text-editor .elementor-drop-cap{float:left;text-align:center;line-height:1;font-size:50px}.elementor-widget-text-editor .elementor-drop-cap-letter{display:inline-block}<\/style>\t\t\t\t<div class=\"x11i5rnm xat24cr x1mh8g0r x1vvkbs xtlvy1s x126k92a\"><div dir=\"auto\">Bioterapija se priporo\u010da tako pri odraslih kot pri otrocih, v primeru:<\/div><\/div><div class=\"x11i5rnm xat24cr x1mh8g0r x1vvkbs xtlvy1s x126k92a\"><div dir=\"auto\">&#8211; Izgorelosti<\/div><div dir=\"auto\">&#8211; Utrujenosti<\/div><div dir=\"auto\">&#8211; Stresu<\/div><div dir=\"auto\">&#8211; \u010custveni nestabilnosti<\/div><\/div><div class=\"x11i5rnm xat24cr x1mh8g0r x1vvkbs xtlvy1s x126k92a\"><div dir=\"auto\">Zdravstvenih te\u017eavah in boleznih ( tako akutnih kot kroni\u010dnih):<\/div><\/div><div class=\"x11i5rnm xat24cr x1mh8g0r x1vvkbs xtlvy1s x126k92a\"><div dir=\"auto\">Oslabljen imunski sistem ( npr. prehlad, itd.)<\/div><div dir=\"auto\">Glavoboli in migrene<\/div><div dir=\"auto\">Alergije in intoleranca<\/div><div dir=\"auto\">Pomanjkanje energije (prepogosta utrujenost, brezvoljnost)<\/div><div dir=\"auto\">Bolezni srca in o\u017eilja ( visok pritisk, aritmija, \u2026. )<\/div><div dir=\"auto\">Bolezni dihal (astma, KOPB)<\/div><div dir=\"auto\">Du\u0161evnih bolezni (depresija, anksioznost, nervoza, \u2026)<\/div><div dir=\"auto\">Raku<\/div><div dir=\"auto\">Krvnih bolezni (levkemija, slabokrvnost,\u2026)<\/div><div dir=\"auto\">Vnetje u\u0161es, vnetju grla<\/div><div dir=\"auto\">Kr\u010dne \u017eile<\/div><div dir=\"auto\">Bolezni mehurja, ledvic, prostate<\/div><div dir=\"auto\">Revma, artritis<\/div><div dir=\"auto\">Itd\u2026<\/div><\/div>\t\t\t\t\t\t<\/div>\n\t\t\t\t<\/div>\n\t\t\t\t\t<\/div>\n\t\t<\/div>\n\t\t\t\t\t\t\t<\/div>\n\t\t<\/section>\n\t\t\t\t\t\t\t<\/div>","protected":false},"excerpt":{"rendered":"<p><b>Bioterapija<\/b> po metodi Zdenka Doman\u010di\u0107a\u00ae je enostavna, mo\u010dna, nebole\u010da in u\u010dinkovita tehnika izbolj\u0161anja \u010dlovekovega stanja. Izvaja se brez dotika in ima blagodejne u\u010dinke na ljudi ne glede na njihovo starost ali stanje, ki se obravnava, pod pogojem, da se izvaja na pravilen na\u010din.<\/p>\n<p>Terapije se izvajajo v skupini v \u017eivo, individualno ali na daljavo.<\/p>\n<p>Bioterapevti po metodi Zdenka Doman\u010di\u0107a smo zavezani h kodeksu, ki veleva, da se terapij ne zara\u010dunava, saj tako postanejo dostopne vsem ljudem, ne glede na socialni polo\u017eaj. Zadovoljni posamezniki se zahvalijo po svojih zmo\u017enostih zadnji, 4. dan terapije s prostovoljnim prispevkom na na\u0161 TRR, za kar seveda prejmejo tudi ra\u010dun.<\/p>\n<p><em>Podatki za nakazilo: Be Free, Maru\u0161a Potokar s.p., Pod gozdom c. VI 5, 1290 Grosuplje,\u00a0SI56 6100 0002 3989 417, sklic: 99<\/em><\/p>","protected":false},"featured_media":6765,"template":"","meta":{"_seopress_robots_primary_cat":"none"},"product_cat":[103],"product_tag":[],"class_list":{"0":"post-6735","1":"product","2":"type-product","3":"status-publish","4":"has-post-thumbnail","6":"product_cat-tretmaji","8":"first","9":"instock","10":"virtual","11":"sold-individually","12":"purchasable","13":"product-type-simple"},"_links":{"self":[{"href":"https:\/\/www.marusapotokar.com\/nl\/wp-json\/wp\/v2\/product\/6735","targetHints":{"allow":["GET"]}}],"collection":[{"href":"https:\/\/www.marusapotokar.com\/nl\/wp-json\/wp\/v2\/product"}],"about":[{"href":"https:\/\/www.marusapotokar.com\/nl\/wp-json\/wp\/v2\/types\/product"}],"version-history":[{"count":0,"href":"https:\/\/www.marusapotokar.com\/nl\/wp-json\/wp\/v2\/product\/6735\/revisions"}],"wp:featuredmedia":[{"embeddable":true,"href":"https:\/\/www.marusapotokar.com\/nl\/wp-json\/wp\/v2\/media\/6765"}],"wp:attachment":[{"href":"https:\/\/www.marusapotokar.com\/nl\/wp-json\/wp\/v2\/media?parent=6735"}],"wp:term":[{"taxonomy":"product_cat","embeddable":true,"href":"https:\/\/www.marusapotokar.com\/nl\/wp-json\/wp\/v2\/product_cat?post=6735"},{"taxonomy":"product_tag","embeddable":true,"href":"https:\/\/www.marusapotokar.com\/nl\/wp-json\/wp\/v2\/product_tag?post=6735"}],"curies":[{"name":"wp","href":"https:\/\/api.w.org\/{rel}","templated":true}]}}