{"id":7705,"date":"2025-03-16T16:33:34","date_gmt":"2025-03-16T15:33:34","guid":{"rendered":"https:\/\/www.marusapotokar.com\/product\/8-znakov-da-ste-naravnani-k-sovrastvu-do-sebe-copy\/"},"modified":"2026-01-08T20:02:40","modified_gmt":"2026-01-08T19:02:40","slug":"access-bars-glava-za-lazje-ucenje-barsov","status":"publish","type":"product","link":"https:\/\/www.marusapotokar.com\/nl\/product\/access-bars-glava-za-lazje-ucenje-barsov\/","title":{"rendered":"Access Bars glava"},"content":{"rendered":"<p>Access Bars glava za pomo\u010d pri la\u017ejem treniranju barsov.<\/p>\n<p>Ta Access Bars glava je ustvarjena z namenom, da podpre tvoje u\u010denje, poglobitev in zaupanje v izvajanje Barsov.<br \/>\nVsaka glava je ro\u010dno izdelana, energetsko \u010dista in povsem unikatna \u2013 tako kot vsak od nas in vsaka seansa, ki jo izvedemo.<\/p>\n<p>\ud83d\udc50 Zakaj izbrati to glavo?<\/p>\n<p>Omogo\u010da natan\u010dno vadbo polo\u017eajev Bars to\u010dk<\/p>\n<p>Idealen pripomo\u010dek za te\u010daje, vadbo in demonstracije<\/p>\n<p>Vsaka glava je ro\u010dno izdelana <\/p>\n<p>Unikatna \u2013 nobena ni povsem enaka drugi<\/p>\n<p>Narejena z namenom podpore tvojemu zavedanju, dotiku in prisotnosti<\/p>\n<p>\ud83d\udcab Uporabi jo kot orodje za:<\/p>\n<p>Vadbo polo\u017eajev in gibov pred seanso<\/p>\n<p>Prikaz Bars to\u010dk med delavnicami ali uvajanjem novih praktikantov<\/p>\n<p>Vsaka glava je ve\u010d kot le pripomo\u010dek. Ustvarjena je z energijo prostora, ki vabi k ve\u010d zavedanja, ne\u017enosti in lahkotnosti pri delu z Bars to\u010dkami.<\/p>","protected":false},"excerpt":{"rendered":"<p>&nbsp;<\/p>\n<p>&nbsp;<\/p>","protected":false},"featured_media":7711,"template":"","meta":{"_seopress_robots_primary_cat":"none"},"product_cat":[132,112],"product_tag":[],"class_list":{"0":"post-7705","1":"product","2":"type-product","3":"status-publish","4":"has-post-thumbnail","6":"product_cat-izdelki","7":"product_cat-trgovina","9":"first","10":"instock","11":"shipping-taxable","12":"purchasable","13":"product-type-simple"},"_links":{"self":[{"href":"https:\/\/www.marusapotokar.com\/nl\/wp-json\/wp\/v2\/product\/7705","targetHints":{"allow":["GET"]}}],"collection":[{"href":"https:\/\/www.marusapotokar.com\/nl\/wp-json\/wp\/v2\/product"}],"about":[{"href":"https:\/\/www.marusapotokar.com\/nl\/wp-json\/wp\/v2\/types\/product"}],"version-history":[{"count":0,"href":"https:\/\/www.marusapotokar.com\/nl\/wp-json\/wp\/v2\/product\/7705\/revisions"}],"wp:featuredmedia":[{"embeddable":true,"href":"https:\/\/www.marusapotokar.com\/nl\/wp-json\/wp\/v2\/media\/7711"}],"wp:attachment":[{"href":"https:\/\/www.marusapotokar.com\/nl\/wp-json\/wp\/v2\/media?parent=7705"}],"wp:term":[{"taxonomy":"product_cat","embeddable":true,"href":"https:\/\/www.marusapotokar.com\/nl\/wp-json\/wp\/v2\/product_cat?post=7705"},{"taxonomy":"product_tag","embeddable":true,"href":"https:\/\/www.marusapotokar.com\/nl\/wp-json\/wp\/v2\/product_tag?post=7705"}],"curies":[{"name":"wp","href":"https:\/\/api.w.org\/{rel}","templated":true}]}}