{"id":7883,"date":"2025-05-08T12:32:54","date_gmt":"2025-05-08T11:32:54","guid":{"rendered":"https:\/\/www.marusapotokar.com\/product\/online-7-dnevni-intenzivni-energijski-vleki-me-time-copy\/"},"modified":"2025-06-11T13:59:23","modified_gmt":"2025-06-11T12:59:23","slug":"online-21-dnevni-izziv-ena-in-edinstvena-ti","status":"publish","type":"product","link":"https:\/\/www.marusapotokar.com\/nl\/product\/online-21-dnevni-izziv-ena-in-edinstvena-ti\/","title":{"rendered":"21 dni 1 TI &#8211; spletni program z Maru\u0161o"},"content":{"rendered":"<div id=\"comp-kjd43ntu\" class=\"HcOXKn SxM0TO QxJLC3 comp-kjd43ntu wixui-rich-text\" data-testid=\"richTextElement\">\n<h3 class=\"\" data-start=\"276\" data-end=\"335\">\ud83c\udf3f <strong data-start=\"283\" data-end=\"335\">21-dni 1 TI : Vrnitev k sebi<\/strong><\/h3>\n<p><i><span style=\"font-weight: 400;\">To ni izziv, da postane\u0161 bolj\u0161a.<\/span><\/i><i><span style=\"font-weight: 400;\"><br \/>\n<\/span><\/i><i><span style=\"font-weight: 400;\"> To je povabilo, da si&#8230; bolj Ti.<\/span><\/i><\/p>\n<p class=\"\" data-start=\"337\" data-end=\"418\">Ali \u010duti\u0161, da si pogosto &#8220;v glavi&#8221;, razpr\u0161ena, utrujena ali izven stika s sabo?<\/p>\n<p class=\"\" data-start=\"420\" data-end=\"603\">Vabim te na <strong data-start=\"432\" data-end=\"467\">21-dnevno potovanje za prizemljitev<\/strong>, kjer bomo s preprostimi, a izjemno u\u010dinkovitimi praksami vsak dan stopili korak bli\u017eje sebi, svojemu telesu in trenutku tukaj in zdaj.<\/p>\n<p><span style=\"font-weight: 400;\">V 21 dneh bomo s svetlobo pozornosti stopali v telo, v dih, v zemljo \u2013 v Sebe.<\/span><\/p>\n<p><span style=\"font-weight: 400;\">Ne i\u0161\u010demo popolnosti, temve\u010d stik.<\/span><\/p>\n<p><span style=\"font-weight: 400;\">Vsak dan \u2013 en korak bli\u017eje. Bli\u017eje tlom pod nogami, ob\u010dutkom v prsih, ti\u0161ini znotraj.<\/span><\/p>\n<h4 class=\"\" data-start=\"605\" data-end=\"622\">Kaj te \u010daka vseh 21 dni?<\/h4>\n<p class=\"\" data-start=\"623\" data-end=\"943\">\u2728 Kratke vsakodnevne usmeritve (5\u201310 min) \u2013 v obliki videa, zvo\u010dnega posnetka ali besedila<\/p>\n<p class=\"\" data-start=\"623\" data-end=\"943\">\u2728 Vaje za umiritev misli, stik s telesom, dih, naravo in \u010dutenje<\/p>\n<p class=\"\" data-start=\"623\" data-end=\"943\">\u2728 Podpora skozi zaprto Facebook skupino\u00a0 ( V kolikor Facebook-a nima\u0161, ne skrbi, prejme\u0161 vse na e-mail )<\/p>\n<p class=\"\" data-start=\"623\" data-end=\"943\">\u2728 Ne\u017eno, a mo\u010dno sidranje v vsakdanjem \u017eivljenju \u2013 brez pritiska, z veliko topline<\/p>\n<p class=\"\" data-start=\"623\" data-end=\"943\">\u2728 Moja celostna podpora skozi trajanje programa 21 dni 1 TI<\/p>\n<h4 class=\"\" data-start=\"945\" data-end=\"971\">Ta izziv je zate, \u010de:<\/h4>\n<p class=\"\" data-start=\"972\" data-end=\"1140\">\u2013 pogosto razmi\u0161lja\u0161 preve\u010d ali te\u017eko umiri\u0161 misli<br data-start=\"1022\" data-end=\"1025\" \/>\u2013 si \u017eeli\u0161 ve\u010d stika s sabo, naravo in trenutkom<br data-start=\"1073\" data-end=\"1076\" \/>\u2013 te zanima, kako z majhnimi koraki priti do ve\u010d notranjega miru<\/p>\n<p class=\"\" data-start=\"1142\" data-end=\"1297\">\ud83d\udcc5 <strong data-start=\"1145\" data-end=\"1157\">Za\u010detek:<\/strong> kadarkoli \u017eeli\u0161<br data-start=\"1165\" data-end=\"1168\" \/>\ud83d\udccd <strong data-start=\"1171\" data-end=\"1179\">Kje:<\/strong> zaprta Facebook skupina\u00a0<br data-start=\"1235\" data-end=\"1238\" \/>\ud83d\udcab <strong data-start=\"1241\" data-end=\"1255\">Prispevek:<\/strong> 36 eur<\/p>\n<\/div>\n<h3 class=\"\" data-start=\"214\" data-end=\"275\">\ud83c\udf3f <strong data-start=\"221\" data-end=\"275\">Kako bo potekal program v zaprti Facebook skupini?<\/strong><\/h3>\n<p class=\"\" data-start=\"277\" data-end=\"406\">Po prejetem pla\u010dilu v program 21 dni 1 TI bo\u0161 povabljena v varen prostor, kjer bomo skupaj raziskovali prizemljitev in zavestno prisotnost \u2013 ne\u017eno, a dosledno, vsak dan znova.<\/p>\n<h4 class=\"\" data-start=\"408\" data-end=\"443\">\ud83d\udccc <strong data-start=\"416\" data-end=\"443\">1. Vsak dan nova objava<\/strong><\/h4>\n<p class=\"\" data-start=\"444\" data-end=\"531\">Vsako jutro ob 9:00 uri bo v skupini objavljena kratka vsebina:<\/p>\n<ul data-start=\"532\" data-end=\"714\">\n<li class=\"\" data-start=\"532\" data-end=\"587\">\n<p class=\"\" data-start=\"534\" data-end=\"587\">usmeritev dneva \/ misel ali vpra\u0161anje za refleksijo<\/p>\n<\/li>\n<li class=\"\" data-start=\"588\" data-end=\"673\">\n<p class=\"\" data-start=\"590\" data-end=\"673\">kratka praksa (npr. dihalna vaja, gib, vizualizacija, stik z naravo, voden zapis)<\/p>\n<\/li>\n<li class=\"\" data-start=\"674\" data-end=\"714\">\n<p class=\"\" data-start=\"676\" data-end=\"714\">spodbuda, da si vzame\u0161 5\u201310 minut zase<\/p>\n<\/li>\n<li data-start=\"674\" data-end=\"714\">\n<p class=\"\" data-start=\"676\" data-end=\"714\">\ud83d\udd04 Kaj \u010de ne more\u0161 biti prisotna v \u017eivo?<\/p>\n<p class=\"\" data-start=\"164\" data-end=\"390\">Ni problema \u2013 <strong data-start=\"178\" data-end=\"206\">vsebine prejme\u0161 vsak dan<\/strong>, ne glede na to, ali si z mano v trenutku v \u017eivo ali ne.<br data-start=\"263\" data-end=\"266\" \/>Vsaka usmeritev, vaja ali energijska podpora ti ostane dostopna, da jih lahko prebere\u0161 ali izvede\u0161 <strong data-start=\"365\" data-end=\"389\">kadarkoli ti ustreza<\/strong>.<\/p>\n<p class=\"\" data-start=\"392\" data-end=\"421\">Program je zasnovan tako, da:<\/p>\n<p class=\"\" data-start=\"423\" data-end=\"584\">\u2705 Deluje po tvojem ritmu<br data-start=\"447\" data-end=\"450\" \/>\u2705 Nima strogih terminov<br data-start=\"473\" data-end=\"476\" \/>\u2705 Vsebine lahko prebavlja\u0161 v svojem tempu<br data-start=\"517\" data-end=\"520\" \/>\u2705 Sem ti na voljo tudi 1:1 (pisno ali preko telefonskega klica), \u010de kaj potrebuje\u0161<\/p>\n<\/li>\n<\/ul>\n<h4 class=\"\" data-start=\"716\" data-end=\"753\">\ud83c\udf00 <strong data-start=\"724\" data-end=\"753\">2. Interakcija in podpora<\/strong><\/h4>\n<p class=\"\" data-start=\"754\" data-end=\"785\">Skupina je prostor, kjer lahko:<\/p>\n<ul data-start=\"786\" data-end=\"916\">\n<li class=\"\" data-start=\"786\" data-end=\"826\">\n<p class=\"\" data-start=\"788\" data-end=\"826\">deli\u0161, kako ti gre (brez obveznosti)<\/p>\n<\/li>\n<li class=\"\" data-start=\"827\" data-end=\"867\">\n<p class=\"\" data-start=\"829\" data-end=\"867\">postavi\u0161 vpra\u0161anje ali dobi\u0161 podporo<\/p>\n<\/li>\n<li class=\"\" data-start=\"868\" data-end=\"916\">\n<p class=\"\" data-start=\"870\" data-end=\"916\">najde\u0161 motivacijo v skupnosti, ki \u010duti podobno<\/p>\n<\/li>\n<\/ul>\n<h4 class=\"\" data-start=\"918\" data-end=\"954\">\ud83d\udce5 <strong data-start=\"926\" data-end=\"954\">3. Posnetki in materiali<\/strong><\/h4>\n<p class=\"\" data-start=\"955\" data-end=\"1084\">Vse vsebine bodo ostale dostopne v skupini \u0161e 30 dni po zaklju\u010dku izziva, da si jih lahko ogleda\u0161 v svojem tempu.<\/p>\n<h4 class=\"\" data-start=\"1086\" data-end=\"1118\">\ud83d\udcac <strong data-start=\"1094\" data-end=\"1118\">4. Spro\u0161\u010deni vikendi<\/strong><\/h4>\n<p class=\"\" data-start=\"1119\" data-end=\"1229\">Ob koncu tedna bo ritem bolj umirjen \u2013 brez novih nalog, bolj z refleksijo, integracijo in ne\u017eno prisotnostjo.<\/p>\n<p class=\"\" data-start=\"1260\" data-end=\"1395\">Program je ustvarjen za stik, raziskovanje in dovoljeno po\u010dasnost.<br data-start=\"1334\" data-end=\"1337\" \/>Ni nujno, da &#8220;naredi\u0161 vse&#8221; \u2013 pomembno je, da \u010duti\u0161. Da si.<\/p>\n<div id=\"comp-kjd43ntu\" class=\"HcOXKn SxM0TO QxJLC3 comp-kjd43ntu wixui-rich-text\" data-testid=\"richTextElement\">\n<blockquote data-start=\"1299\" data-end=\"1374\">\n<p class=\"\" data-start=\"1301\" data-end=\"1374\"><strong>In vedi: Prizemljitev ni cilj, temve\u010d vsakodnevna izbira. Pridi, poskusiva skupaj.<\/strong><\/p>\n<\/blockquote>\n<p class=\"\" data-start=\"1376\" data-end=\"1432\">Ve\u010d informacij: marusapotokar@gmail.com<\/p>\n<\/div>\n<div id=\"comp-kjc7ne2l1\" class=\"HcOXKn SxM0TO QxJLC3 comp-kjc7ne2l1 wixui-rich-text\" data-testid=\"richTextElement\">\n<p class=\"\" data-start=\"286\" data-end=\"511\"><em>21 dnevni program 21 dni 1 TI bom vodila Maru\u0161a Potokar, intuitivna voditeljica, facilitatorica Access Bars\u00ae terapij in delavnic, raziskovalka zavestnega \u017eivljenja. Moje delo je posve\u010deno ne\u017enim prehodom \u2013 iz glave v telo, iz nemira v stik, iz napora v prisotnost.Verjamem, da se resni\u010dna sprememba za\u010dne, ko <strong data-start=\"558\" data-end=\"573\">se ustavimo<\/strong>, zadihamo in se <strong data-start=\"590\" data-end=\"607\">vrnemo k sebi<\/strong> \u2013 ne z voljo, ampak z ne\u017enostjo. Ta 21-dnevni izziv sem ustvarila kot <strong data-start=\"680\" data-end=\"712\">darilo tvoji notranji ti\u0161ini<\/strong>, tvoji zemlji, tvoji du\u0161i.<\/em><br data-start=\"739\" data-end=\"742\" \/><em>Ni popoln. Ni za popolnost. Je prostor. Za \u010dutenje. Za dih. Za tebe.<\/em><\/p>\n<p class=\"\" data-start=\"812\" data-end=\"973\"><em>Delujem skozi prakso telesa, energije, intuicije in prisotnosti.<\/em><br data-start=\"876\" data-end=\"879\" \/><em>Najraje ustvarjam prostore, kjer ljudje znova za\u010dutijo, da so <strong data-start=\"941\" data-end=\"972\">dovolj \u2013 to\u010dno taki, kot so<\/strong>.<\/em><\/p>\n<p class=\"\" data-start=\"975\" data-end=\"1048\"><em>\u010ce bo\u0161 kdaj potrebovala podporo, sem tukaj.<\/em><br data-start=\"1018\" data-end=\"1021\" \/><em>Z ljubeznijo, Maru\u0161a<\/em><\/p>\n<\/div>","protected":false},"excerpt":{"rendered":"<p class=\"\" data-start=\"454\" data-end=\"507\"><strong data-start=\"454\" data-end=\"507\">\u00a0&#8220;Tukaj. Zdaj. Jaz.&#8221; \u2013 21 dni zavestne prisotnosti &#8211; 21 dni 1 TI\u00a0<\/strong><\/p>\n<p id=\"2d2tc3528\" class=\"_4mVOO gMaLr\">","protected":false},"featured_media":7885,"template":"","meta":{"_seopress_robots_primary_cat":"none"},"product_cat":[105,118,146],"product_tag":[],"class_list":{"0":"post-7883","1":"product","2":"type-product","3":"status-publish","4":"has-post-thumbnail","6":"product_cat-dogodki","7":"product_cat-spletni-dogodki","8":"product_cat-spletni-programi-in-tecaji","10":"first","11":"instock","12":"virtual","13":"purchasable","14":"product-type-simple"},"_links":{"self":[{"href":"https:\/\/www.marusapotokar.com\/nl\/wp-json\/wp\/v2\/product\/7883","targetHints":{"allow":["GET"]}}],"collection":[{"href":"https:\/\/www.marusapotokar.com\/nl\/wp-json\/wp\/v2\/product"}],"about":[{"href":"https:\/\/www.marusapotokar.com\/nl\/wp-json\/wp\/v2\/types\/product"}],"version-history":[{"count":0,"href":"https:\/\/www.marusapotokar.com\/nl\/wp-json\/wp\/v2\/product\/7883\/revisions"}],"wp:featuredmedia":[{"embeddable":true,"href":"https:\/\/www.marusapotokar.com\/nl\/wp-json\/wp\/v2\/media\/7885"}],"wp:attachment":[{"href":"https:\/\/www.marusapotokar.com\/nl\/wp-json\/wp\/v2\/media?parent=7883"}],"wp:term":[{"taxonomy":"product_cat","embeddable":true,"href":"https:\/\/www.marusapotokar.com\/nl\/wp-json\/wp\/v2\/product_cat?post=7883"},{"taxonomy":"product_tag","embeddable":true,"href":"https:\/\/www.marusapotokar.com\/nl\/wp-json\/wp\/v2\/product_tag?post=7883"}],"curies":[{"name":"wp","href":"https:\/\/api.w.org\/{rel}","templated":true}]}}