{"id":7946,"date":"2025-06-11T14:10:06","date_gmt":"2025-06-11T13:10:06","guid":{"rendered":"https:\/\/www.marusapotokar.com\/?post_type=product&#038;p=7946"},"modified":"2025-07-30T14:18:52","modified_gmt":"2025-07-30T13:18:52","slug":"%e2%9c%a8-e-knjiga-metoda-3-6-9-za-manifestacijo-tvojih-zelja-by-marusa-%e2%9c%a8","status":"publish","type":"product","link":"https:\/\/www.marusapotokar.com\/nl\/product\/%e2%9c%a8-e-knjiga-metoda-3-6-9-za-manifestacijo-tvojih-zelja-by-marusa-%e2%9c%a8\/","title":{"rendered":"\u2728 E-knjiga: 6 skrivnosti manifestacije, ki jih mora\u0161 poznati by Maru\u0161a \u2728"},"content":{"rendered":"<blockquote>\n<p data-start=\"263\" data-end=\"518\">Odkrij mo\u010d legendarne metode 3-6-9, ki jo je navdihnil Nikola Tesla in danes navdu\u0161uje milijone po svetu!<br data-start=\"368\" data-end=\"371\" \/>Ta prakti\u010dna e-knjiga ti poka\u017ee, <strong data-start=\"404\" data-end=\"452\">kako usmeriti svojo energijo, fokus in namen<\/strong>, da za\u010dne\u0161 manifestirati \u017eelje z lahkoto, jasnostjo in zaupanjem.<\/p>\n<p data-start=\"520\" data-end=\"723\">\ud83d\udcd6 V e-knjigi prejme\u0161:<br \/>\n\u2714\ufe0f Poglobljeno razlago metode 3-6-9<br data-start=\"578\" data-end=\"581\" \/>\u2714\ufe0f Natan\u010dna navodila, kako jo izvajati vsak dan<br data-start=\"628\" data-end=\"631\" \/>\u2714\ufe0f Prostor za tvoje manifestacije<br data-start=\"682\" data-end=\"685\" \/>\u2714\ufe0f Bonus afirmacije za \u0161e ve\u010dji u\u010dinek<\/p>\n<p data-start=\"725\" data-end=\"824\">\ud83c\udf00 Idealno za vse, ki \u017eelijo zavestno soustvarjati svoje \u017eivljenje in prebuditi svojo notranjo mo\u010d.<\/p>\n<p data-start=\"826\" data-end=\"911\"><strong data-start=\"826\" data-end=\"875\">KUPI zdaj in za\u010dni manifestirati z namero!<\/strong><\/p>\n<\/blockquote>\n<p data-start=\"826\" data-end=\"911\"><span class=\"OYPEnA font-feature-liga-off font-feature-clig-off font-feature-calt-off text-decoration-none text-strikethrough-none\">Eden od razlogov, zakaj veliko ljudi pri manifestiranju ne vidi rezultatov, je, da iskreno ne verjamejo, da lahko manifestirajo tisto, kar si resni\u010dno \u017eelijo in ta e-knjiga KAKO MANIFESTIRATI, ki sem jo pripravila za vas vas korak po koraku pelje do izpolnitve va\u0161ih \u017eelja.\u00a0<\/span><\/p>\n<h3 data-start=\"865\" data-end=\"883\"><\/h3>\n<p data-start=\"865\" data-end=\"883\"><strong><em>Kdo sem jaz?<\/em><\/strong><\/p>\n<p class=\"cvGsUA direction-ltr align-center para-style-body\"><span class=\"OYPEnA font-feature-liga-off font-feature-clig-off font-feature-calt-off text-decoration-none text-strikethrough-none\">Sem Maru\u0161a, intuitivna mentorica za osebno rast, energijsko uskladitev in manifestacijo. Moja pot se je za\u010dela iz ob\u010dutka praznine \u2013 kljub &#8220;uspe\u0161nemu&#8221; \u017eivljenju sem vedela, da mora obstajati nekaj ve\u010d. Ko sem prvi\u010d stopila na pot zavestne manifestacije, sem po\u010dasi, a zagotovo za\u010dela ustvarjati \u017eivljenje, ki je resni\u010dno moje.<\/span><\/p>\n<p class=\"cvGsUA direction-ltr align-center para-style-body\"><span class=\"OYPEnA font-feature-liga-off font-feature-clig-off font-feature-calt-off text-decoration-none text-strikethrough-none\">Zdaj u\u010dim in terapevtsko podpiram druge \u017eenske, kako prebuditi svojo mo\u010d, se povezati s svojo intuicijo in manifestirati iz notranje usklajenosti. Verjamem, da vsak od nas nosi v sebi seme \u010dude\u017ea \u2013 le dovoliti si moramo, da zacvetimo.<\/span><\/p>\n<p class=\"cvGsUA direction-ltr align-center para-style-body\"><span class=\"OYPEnA font-feature-liga-off font-feature-clig-off font-feature-calt-off text-decoration-none text-strikethrough-none\">\ud83d\udc49 Najde\u0161 me na Facebooku <\/span><a class=\"OYPEnA font-feature-liga-off font-feature-clig-off font-feature-calt-off text-decoration-underline text-strikethrough-none\" draggable=\"false\" href=\"https:\/\/www.facebook.com\/MarusaPotokar\" target=\"_blank\" rel=\"noopener\">@Maru\u0161a Potokar<\/a><\/p>\n<p class=\"cvGsUA direction-ltr align-center para-style-body\"><span class=\"OYPEnA font-feature-liga-off font-feature-clig-off font-feature-calt-off text-decoration-none text-strikethrough-none\">\ud83c\udf10 Obi\u0161\u010di tudi mojo spletno stran: www.marusapotokar.com<\/span><\/p>\n<p>&nbsp;<\/p>\n<p data-start=\"884\" data-end=\"1072\"><em>Maru\u0161a Potokar\u00a0<\/em><\/p>\n<article class=\"text-token-text-primary w-full\" dir=\"auto\" data-testid=\"conversation-turn-33\" data-scroll-anchor=\"false\">\n<p class=\"sr-only\">\n<\/article>","protected":false},"excerpt":{"rendered":"<h2 class=\"\" data-start=\"156\" data-end=\"197\">\ud83c\udf0d e-Knjiga z jasnimi koraki Kako manifestirati by Maru\u0161a<\/h2>\n<p data-start=\"198\" data-end=\"222\">Ta e-knjiga je zate, \u010de:<\/p>\n<p data-start=\"224\" data-end=\"619\">\ud83d\udd39 Si \u017eeli\u0161 <strong data-start=\"236\" data-end=\"274\">zavestno ustvarjati svojo realnost<\/strong><br data-start=\"274\" data-end=\"277\" \/>\ud83d\udd39 Verjame\u0161 v mo\u010d <strong data-start=\"295\" data-end=\"324\">misli, energije in namere<\/strong><br data-start=\"324\" data-end=\"327\" \/>\ud83d\udd39 I\u0161\u010de\u0161 <strong data-start=\"336\" data-end=\"382\">enostavno, a mo\u010dno orodje za manifestacijo<\/strong><br data-start=\"382\" data-end=\"385\" \/>\ud83d\udd39 Te zanimajo metode, povezane z <strong data-start=\"419\" data-end=\"479\">Nikolo Teslo, \u0161tevil\u010dnimi vzorci in zakonitostmi vesolja<\/strong><br data-start=\"479\" data-end=\"482\" data-is-only-node=\"\" \/>\ud83d\udd39 \u017deli\u0161 ustvariti <strong data-start=\"501\" data-end=\"554\">ve\u010d obilja, ljubezni, zdravja ali notranjega miru<\/strong><br data-start=\"554\" data-end=\"557\" \/>\ud83d\udd39 Si pripravljen\/-a na <strong data-start=\"581\" data-end=\"596\">osebno rast<\/strong> in notranjo preobrazbo<\/p>\n<p data-start=\"621\" data-end=\"763\">Ni pomembno, ali si za\u010detnik ali \u017ee dolgo na poti manifestacije \u2013 ta vodi\u010d ti bo pomagal, da svojo prakso poglobi\u0161, poenostavi\u0161 in okrepi\u0161. \ud83c\udf1f<\/p>\n<h3 class=\"\" data-start=\"268\" data-end=\"357\"><\/h3>\n<p class=\"\" data-start=\"359\" data-end=\"647\">","protected":false},"featured_media":7957,"template":"","meta":{"_seopress_robots_primary_cat":"none"},"product_cat":[98,112],"product_tag":[],"class_list":{"0":"post-7946","1":"product","2":"type-product","3":"status-publish","4":"has-post-thumbnail","6":"product_cat-knjige","7":"product_cat-trgovina","9":"first","10":"instock","11":"downloadable","12":"virtual","13":"purchasable","14":"product-type-simple"},"_links":{"self":[{"href":"https:\/\/www.marusapotokar.com\/nl\/wp-json\/wp\/v2\/product\/7946","targetHints":{"allow":["GET"]}}],"collection":[{"href":"https:\/\/www.marusapotokar.com\/nl\/wp-json\/wp\/v2\/product"}],"about":[{"href":"https:\/\/www.marusapotokar.com\/nl\/wp-json\/wp\/v2\/types\/product"}],"version-history":[{"count":0,"href":"https:\/\/www.marusapotokar.com\/nl\/wp-json\/wp\/v2\/product\/7946\/revisions"}],"wp:featuredmedia":[{"embeddable":true,"href":"https:\/\/www.marusapotokar.com\/nl\/wp-json\/wp\/v2\/media\/7957"}],"wp:attachment":[{"href":"https:\/\/www.marusapotokar.com\/nl\/wp-json\/wp\/v2\/media?parent=7946"}],"wp:term":[{"taxonomy":"product_cat","embeddable":true,"href":"https:\/\/www.marusapotokar.com\/nl\/wp-json\/wp\/v2\/product_cat?post=7946"},{"taxonomy":"product_tag","embeddable":true,"href":"https:\/\/www.marusapotokar.com\/nl\/wp-json\/wp\/v2\/product_tag?post=7946"}],"curies":[{"name":"wp","href":"https:\/\/api.w.org\/{rel}","templated":true}]}}