{"id":8091,"date":"2025-10-08T11:20:34","date_gmt":"2025-10-08T10:20:34","guid":{"rendered":"https:\/\/www.marusapotokar.com\/product\/izmenjave-access-bars-in-ostalih-telesnih-procesov-access-consciousness-copy\/"},"modified":"2026-04-13T16:02:25","modified_gmt":"2026-04-13T15:02:25","slug":"izmenjave-access-bars-in-ostalih-telesnih-procesov-access-consciousness-2","status":"publish","type":"product","link":"https:\/\/www.marusapotokar.com\/nl\/product\/izmenjave-access-bars-in-ostalih-telesnih-procesov-access-consciousness-2\/","title":{"rendered":"Izmenjave Access Bars in ostalih telesnih procesov"},"content":{"rendered":"<p>Z veseljem vas vabim na edinstven dogodek Access Bars izmenjav!<\/p>\n<p>\u010ce vas zanimajo Access Bars ali \u017eelite poglobiti svojo prakso, je to odli\u010dna prilo\u017enost, da izmenjate seanse z drugimi v podpornem in zdravilnem prostoru.<\/p>\n<p><strong>Kaj je izmenjava Access Bars?<\/strong><br \/>\nAccess Bars je ne\u017ena, neinvazivna energijska terapija, pri kateri se z rahlim dotikom 32 to\u010dk na glavi sprostimo blokade, zmanj\u0161amo stres in dose\u017eemo ve\u010djo du\u0161evno jasnost. Na tem dogodku izmenjave boste sodelovali z drugimi, da bi dajali in prejemali seanse Access Bars, kar vam bo omogo\u010dilo, da iz prve roke izkusite mo\u010dne premike, ki se lahko zgodijo.<\/p>\n<p><em><strong>Kaj lahko pri\u010dakujete:<\/strong><\/em><br \/>\n<em>Zdravilna izmenjava:<\/em> Imeli boste prilo\u017enost dajati in prejemati Access Bars ter izkoristiti jasnost, spro\u0161\u010denost in pozitivno energijo, ki jo ponuja.<br \/>\n<em>Varno in podporno okolje:<\/em> Ne glede na to, ali ste novinec v Access Bars ali izku\u0161en praktikant, je to \u010dudovit na\u010din za vadbo in poglabljanje va\u0161ih ve\u0161\u010din.<br \/>\n<em>Osebnostna rast:<\/em> Sprostite omejujo\u010da prepri\u010danja, zmanj\u0161ajte stres ter do\u017eivite ve\u010dji mir in sprostitev.<br \/>\n<em>Povezanost s skupnostjo:<\/em> Spoznajte podobno misle\u010de posameznike in sodelujte pri skupni izku\u0161nji zdravljenja in preobrazbe.<\/p>\n<p>Izmenjave in facilitacijo vodim Maru\u0161a Potokar<\/p>","protected":false},"excerpt":{"rendered":"<p>Z veseljem vas vabim na edinstven dogodek Access Bars izmenjav!<\/p>\n<p>\u010ce vas zanimajo Access Bars ali \u017eelite poglobiti svojo prakso, je to odli\u010dna prilo\u017enost, da izmenjate seanse z drugimi v podpornem in zdravilnem prostoru.<\/p>\n<p>&nbsp;<\/p>","protected":false},"featured_media":8426,"template":"","meta":{"_seopress_robots_primary_cat":"none"},"product_cat":[105,120],"product_tag":[],"class_list":{"0":"post-8091","1":"product","2":"type-product","3":"status-publish","4":"has-post-thumbnail","6":"product_cat-dogodki","7":"product_cat-dogodkivzivo","9":"first","10":"instock","11":"virtual","12":"purchasable","13":"product-type-simple"},"_links":{"self":[{"href":"https:\/\/www.marusapotokar.com\/nl\/wp-json\/wp\/v2\/product\/8091","targetHints":{"allow":["GET"]}}],"collection":[{"href":"https:\/\/www.marusapotokar.com\/nl\/wp-json\/wp\/v2\/product"}],"about":[{"href":"https:\/\/www.marusapotokar.com\/nl\/wp-json\/wp\/v2\/types\/product"}],"version-history":[{"count":0,"href":"https:\/\/www.marusapotokar.com\/nl\/wp-json\/wp\/v2\/product\/8091\/revisions"}],"wp:featuredmedia":[{"embeddable":true,"href":"https:\/\/www.marusapotokar.com\/nl\/wp-json\/wp\/v2\/media\/8426"}],"wp:attachment":[{"href":"https:\/\/www.marusapotokar.com\/nl\/wp-json\/wp\/v2\/media?parent=8091"}],"wp:term":[{"taxonomy":"product_cat","embeddable":true,"href":"https:\/\/www.marusapotokar.com\/nl\/wp-json\/wp\/v2\/product_cat?post=8091"},{"taxonomy":"product_tag","embeddable":true,"href":"https:\/\/www.marusapotokar.com\/nl\/wp-json\/wp\/v2\/product_tag?post=8091"}],"curies":[{"name":"wp","href":"https:\/\/api.w.org\/{rel}","templated":true}]}}