{"id":8113,"date":"2025-10-10T13:13:32","date_gmt":"2025-10-10T12:13:32","guid":{"rendered":"https:\/\/www.marusapotokar.com\/product\/vodic-za-prizemljitev-by-marusa-copy\/"},"modified":"2025-10-10T13:56:11","modified_gmt":"2025-10-10T12:56:11","slug":"iskrica-dneva-energijska-usmeritev-by-marusa","status":"publish","type":"product","link":"https:\/\/www.marusapotokar.com\/nl\/product\/iskrica-dneva-energijska-usmeritev-by-marusa\/","title":{"rendered":"Moje darilo tebi: Iskrica dneva \u2013 by Maru\u0161a"},"content":{"rendered":"<p data-start=\"568\" data-end=\"779\">Namen \u201cMaru\u0161inih iskric dneva ali tedna \u201d je ta, da te vsak teden pove\u017ee z energijo, ki trenutno podpira tvoj notranji proces.<br data-start=\"671\" data-end=\"674\" \/>Sporo\u010dilo ti pomaga prepoznati sporo\u010dila du\u0161e, umiriti um in uskladiti tvojo vibracijo z ritmom univerzuma.<\/p>\n<p data-start=\"781\" data-end=\"989\">Je tvoj energijski sopotnik, droben, a mo\u010dan opomnik, da ima\u0161 vse, kar potrebuje\u0161, \u017ee v sebi.<\/p>\n<p data-start=\"781\" data-end=\"989\"><br data-start=\"875\" data-end=\"878\" \/>Vsak teden prejme\u0161 sve\u017e navdih, ritual in prakti\u010dne smernice, ki te vra\u010dajo v stik s telesom, srcem in mirom.<\/p>\n<p data-start=\"647\" data-end=\"817\"><br data-start=\"696\" data-end=\"699\" \/>Vodi\u010d ali navdih\u00a0 te popelje v stik s seboj, z energijami, ki te obkro\u017eajo in s tistim tihim delom tebe, ki \u017ee pozna odgovore.<\/p>\n<p data-start=\"824\" data-end=\"948\">Ob brezpla\u010dnem prevzemu sporo\u010dilca prejme\u0161 Iskrico \u2013 energijsko sporo\u010dilo, ritual in navdih, ki te podpira pri tvojem notranjem ravnovesju.<\/p>\n<h1 style=\"text-align: center;\" data-start=\"955\" data-end=\"1002\">\u2728 Dovoli, da se tvoje srce spomni svoje mo\u010di.<\/h1>\n<h3 class=\"\" data-start=\"1010\" data-end=\"1040\">\ud83d\udcab Iskrica dneva je ustvarjena za:<\/h3>\n<ul data-start=\"1058\" data-end=\"1372\">\n<li data-start=\"1058\" data-end=\"1119\">\n<p data-start=\"1060\" data-end=\"1119\">\u017eenske, ki \u017eelijo \u017eiveti bolj zavestno in v stiku s sabo,<\/p>\n<\/li>\n<li data-start=\"1120\" data-end=\"1208\">\n<p data-start=\"1122\" data-end=\"1208\">tiste, ki \u010dutijo, da jih energije mo\u010dno premikajo in \u017eelijo razumeti, kaj se dogaja,<\/p>\n<\/li>\n<li data-start=\"1209\" data-end=\"1278\">\n<p data-start=\"1211\" data-end=\"1278\">posameznike na za\u010detku ali v poglobljeni fazi svoje duhovne poti,<\/p>\n<\/li>\n<li data-start=\"1279\" data-end=\"1372\">\n<p data-start=\"1281\" data-end=\"1372\">vse, ki si \u017eelijo ne\u017ene, a mo\u010dne podpore pri osebni rasti, zdravljenju in notranjem miru.<\/p>\n<\/li>\n<\/ul>\n<p>&nbsp;<\/p>\n<blockquote>\n<h3 class=\"\" data-start=\"1536\" data-end=\"1555\">\u2728 Maru\u0161a pravi:<\/h3>\n<blockquote data-start=\"1556\" data-end=\"1728\">\n<p data-start=\"291\" data-end=\"418\">To darilo prihaja iz mojega srca, kot svetlobna iskrica, ki te spomni, da si vedno vodena, podprta in povezana z \u017eivljenjem.<\/p>\n<p data-start=\"420\" data-end=\"757\">Iskrica tedna je moj na\u010din, da ti pribli\u017eam energije, ki se trenutno prepletajo v prostoru in te vabijo, da jih ozavesti\u0161.<\/p>\n<p data-start=\"420\" data-end=\"757\"><br data-start=\"546\" data-end=\"549\" \/>Vsaka Iskrica nosi sporo\u010dilo, navdih in ne\u017eno vodilo, kako delati s temi vibracijami, da lahko:<br data-start=\"644\" data-end=\"647\" \/>\u2728 najde\u0161 ve\u010d miru v sebi,<br data-start=\"672\" data-end=\"675\" \/>\ud83c\udf19 se vrne\u0161 v stik s svojim srcem,<br data-start=\"709\" data-end=\"712\" \/>\ud83d\udd25 prebudi\u0161 svojo notranjo mo\u010d in zaupanje.<\/p>\n<\/blockquote>\n<\/blockquote>\n<article class=\"text-token-text-primary w-full\" dir=\"auto\" data-testid=\"conversation-turn-32\" data-scroll-anchor=\"false\">\n<div class=\"text-base my-auto mx-auto py-5 [--thread-content-margin:--spacing(4)] @[37rem]:[--thread-content-margin:--spacing(6)] @[70rem]:[--thread-content-margin:--spacing(12)] px-(--thread-content-margin)\">\n<div class=\"[--thread-content-max-width:32rem] @[34rem]:[--thread-content-max-width:40rem] @[64rem]:[--thread-content-max-width:48rem] mx-auto flex max-w-(--thread-content-max-width) flex-1 text-base gap-4 md:gap-5 lg:gap-6 group\/turn-messages focus-visible:outline-hidden\">\n<div class=\"group\/conversation-turn relative flex w-full min-w-0 flex-col agent-turn\">\n<div class=\"relative flex-col gap-1 md:gap-3\">\n<div class=\"flex max-w-full flex-col grow\">\n<div class=\"min-h-8 text-message relative flex w-full flex-col items-end gap-2 text-start break-words whitespace-normal [.text-message+&amp;]:mt-5\" dir=\"auto\" data-message-author-role=\"assistant\" data-message-id=\"d336c9b0-bb17-40f0-ae29-b0a3e780e044\" data-message-model-slug=\"gpt-4o\">\n<div class=\"flex w-full flex-col gap-1 empty:hidden first:pt-[3px]\">\n<div class=\"markdown prose dark:prose-invert w-full break-words light\"><\/div>\n<\/div>\n<\/div>\n<\/div>\n<\/div>\n<div class=\"absolute\">\n<div class=\"flex items-center justify-center\">\n<p><span style=\"font-weight: 400;\">Naj bo to res tvoj sveti prostor, kjer si dovoli\u0161 biti varna, prisotna in v svoji mo\u010di \ud83d\ude4f<\/span><\/p>\n<\/div>\n<p data-start=\"1024\" data-end=\"1258\">\u010ce za\u010duti\u0161 klic po ve\u010d, po poglobljenem stiku, skupni praksi ali osebnem zdravljenju te vabim, da se pridru\u017ei\u0161 moji skupnosti, mojim dogodkom ali se vpi\u0161e\u0161 na <strong data-start=\"1186\" data-end=\"1203\">mailing listo<\/strong>, kjer prejemate redne Iskrice, sporo\u010dila in podporo.<\/p>\n<p data-start=\"1260\" data-end=\"1318\">\ud83d\udc49 <a class=\"decorated-link\" href=\"http:\/\/www.marusapotokar.com\/nl\/\" target=\"_new\" rel=\"noopener\" data-start=\"1263\" data-end=\"1316\">www.marusapotokar.com<\/a><\/p>\n<p data-start=\"1320\" data-end=\"1371\">Z ljubeznijo,<br data-start=\"1345\" data-end=\"1348\" \/><strong data-start=\"1348\" data-end=\"1366\">Maru\u0161a Potokar<\/strong> \ud83c\udf38<\/p>\n<div class=\"flex items-center justify-center\">\n<p>&nbsp;<\/p>\n<\/div>\n<\/div>\n<\/div>\n<\/div>\n<\/div>\n<\/article>\n<article class=\"text-token-text-primary w-full\" dir=\"auto\" data-testid=\"conversation-turn-33\" data-scroll-anchor=\"false\">\n<h5 class=\"sr-only\"><\/h5>\n<\/article>","protected":false},"excerpt":{"rendered":"<p>Moje darilo tebi: Iskrica dneva \u2013 by Maru\u0161a<\/p>","protected":false},"featured_media":8116,"template":"","meta":{"_seopress_robots_primary_cat":"none"},"product_cat":[98,112],"product_tag":[],"class_list":{"0":"post-8113","1":"product","2":"type-product","3":"status-publish","4":"has-post-thumbnail","6":"product_cat-knjige","7":"product_cat-trgovina","9":"first","10":"instock","11":"downloadable","12":"virtual","13":"purchasable","14":"product-type-simple"},"_links":{"self":[{"href":"https:\/\/www.marusapotokar.com\/nl\/wp-json\/wp\/v2\/product\/8113","targetHints":{"allow":["GET"]}}],"collection":[{"href":"https:\/\/www.marusapotokar.com\/nl\/wp-json\/wp\/v2\/product"}],"about":[{"href":"https:\/\/www.marusapotokar.com\/nl\/wp-json\/wp\/v2\/types\/product"}],"version-history":[{"count":0,"href":"https:\/\/www.marusapotokar.com\/nl\/wp-json\/wp\/v2\/product\/8113\/revisions"}],"wp:featuredmedia":[{"embeddable":true,"href":"https:\/\/www.marusapotokar.com\/nl\/wp-json\/wp\/v2\/media\/8116"}],"wp:attachment":[{"href":"https:\/\/www.marusapotokar.com\/nl\/wp-json\/wp\/v2\/media?parent=8113"}],"wp:term":[{"taxonomy":"product_cat","embeddable":true,"href":"https:\/\/www.marusapotokar.com\/nl\/wp-json\/wp\/v2\/product_cat?post=8113"},{"taxonomy":"product_tag","embeddable":true,"href":"https:\/\/www.marusapotokar.com\/nl\/wp-json\/wp\/v2\/product_tag?post=8113"}],"curies":[{"name":"wp","href":"https:\/\/api.w.org\/{rel}","templated":true}]}}