{"id":8149,"date":"2025-10-25T11:29:23","date_gmt":"2025-10-25T10:29:23","guid":{"rendered":"https:\/\/www.marusapotokar.com\/?post_type=product&#038;p=8149"},"modified":"2025-10-25T13:12:13","modified_gmt":"2025-10-25T12:12:13","slug":"energijsko-ciscenje-prostorov-in-oseb","status":"publish","type":"product","link":"https:\/\/www.marusapotokar.com\/nl\/product\/energijsko-ciscenje-prostorov-in-oseb\/","title":{"rendered":"Energijsko \u010di\u0161\u010denje prostora\/osebe"},"content":{"rendered":"<div data-elementor-type=\"product-post\" data-elementor-id=\"8149\" class=\"elementor elementor-8149\">\n\t\t\t\t\t\t\t\t\t<section class=\"elementor-section elementor-top-section elementor-element elementor-element-12f027f7 elementor-section-boxed elementor-section-height-default elementor-section-height-default\" data-id=\"12f027f7\" data-element_type=\"section\" data-settings=\"{&quot;jet_parallax_layout_list&quot;:[]}\">\n\t\t\t\t\t\t<div class=\"elementor-container elementor-column-gap-default\">\n\t\t\t\t\t<div class=\"elementor-column elementor-col-100 elementor-top-column elementor-element elementor-element-6f8e2325\" data-id=\"6f8e2325\" data-element_type=\"column\">\n\t\t\t<div class=\"elementor-widget-wrap elementor-element-populated\">\n\t\t\t\t\t\t\t\t<div class=\"elementor-element elementor-element-4d169bb7 elementor-widget__width-initial elementor-widget elementor-widget-text-editor\" data-id=\"4d169bb7\" data-element_type=\"widget\" data-widget_type=\"text-editor.default\">\n\t\t\t\t<div class=\"elementor-widget-container\">\n\t\t\t<style>\/*! elementor - v3.12.1 - 02-04-2023 *\/\n.elementor-widget-text-editor.elementor-drop-cap-view-stacked .elementor-drop-cap{background-color:#69727d;color:#fff}.elementor-widget-text-editor.elementor-drop-cap-view-framed .elementor-drop-cap{color:#69727d;border:3px solid;background-color:transparent}.elementor-widget-text-editor:not(.elementor-drop-cap-view-default) .elementor-drop-cap{margin-top:8px}.elementor-widget-text-editor:not(.elementor-drop-cap-view-default) .elementor-drop-cap-letter{width:1em;height:1em}.elementor-widget-text-editor .elementor-drop-cap{float:left;text-align:center;line-height:1;font-size:50px}.elementor-widget-text-editor .elementor-drop-cap-letter{display:inline-block}<\/style>\t\t\t\t<div class=\"page\" title=\"Page 6\"><div class=\"layoutArea\"><div class=\"column\"><h1 data-start=\"881\" data-end=\"921\">\u00bbKo prostor podpira va\u0161o energijo, vse te\u010de z ve\u010d lahkotnosti.\u00ab<\/h1><h3 data-start=\"881\" data-end=\"921\">\ud83d\udd39 Kako poteka energijsko \u010di\u0161\u010denje<\/h3><p data-start=\"923\" data-end=\"1122\">Energijsko \u010di\u0161\u010denje izvajam <strong data-start=\"951\" data-end=\"976\">na daljavo ali v \u017eivo<\/strong>, glede na va\u0161e \u017eelje in potrebe. Postopek poteka strokovno, intuitivno in z globokim spo\u0161tovanjem do prostora, ljudi in vseh energijskih ravni.<\/p><p data-start=\"1124\" data-end=\"1307\">Cilj \u010di\u0161\u010denja ni le odstraniti te\u017eko ali tujo energijo, temve\u010d ustvariti pogoje za <strong data-start=\"1207\" data-end=\"1251\">jasnost, lahkotnost in harmoni\u010den pretok<\/strong> \u2013 v va\u0161em domu, poslovnem prostoru ali osebnem polju.<\/p><hr data-start=\"1309\" data-end=\"1312\" \/><h3 data-start=\"1314\" data-end=\"1366\">\ud83c\udf1f Kdaj je primeren \u010das za energijsko \u010di\u0161\u010denje<\/h3><ul data-start=\"1368\" data-end=\"1769\"><li data-start=\"1368\" data-end=\"1417\"><p data-start=\"1370\" data-end=\"1417\">ob <strong data-start=\"1373\" data-end=\"1384\">selitvi<\/strong> v nov dom ali poslovni prostor<\/p><\/li><li data-start=\"1418\" data-end=\"1491\"><p data-start=\"1420\" data-end=\"1491\">po <strong data-start=\"1423\" data-end=\"1434\">prenovi<\/strong>, <strong data-start=\"1436\" data-end=\"1450\">konfliktih<\/strong> ali ve\u010djih <strong data-start=\"1462\" data-end=\"1489\">\u017eivljenjskih spremembah<\/strong><\/p><\/li><li data-start=\"1492\" data-end=\"1558\"><p data-start=\"1494\" data-end=\"1558\">kadar v prostoru <strong data-start=\"1511\" data-end=\"1556\">\u010dutite te\u017eko, napeto ali nejasno energijo<\/strong><\/p><\/li><li data-start=\"1559\" data-end=\"1621\"><p data-start=\"1561\" data-end=\"1621\">ob <strong data-start=\"1564\" data-end=\"1619\">pomanjkanju fokusa, iz\u010drpanosti ali ob\u010dutku zastoja<\/strong><\/p><\/li><li data-start=\"1622\" data-end=\"1687\"><p data-start=\"1624\" data-end=\"1687\">po <strong data-start=\"1627\" data-end=\"1648\">boleznih, izgubah<\/strong> ali pred za\u010detkom <strong data-start=\"1667\" data-end=\"1685\">novega obdobja<\/strong><\/p><\/li><li data-start=\"1688\" data-end=\"1769\"><p data-start=\"1690\" data-end=\"1769\">ko \u017eelite <strong data-start=\"1700\" data-end=\"1741\">okrepiti energijo poslovnega prostora<\/strong> in spodbuditi sodelovanje<\/p><\/li><\/ul><hr data-start=\"1771\" data-end=\"1774\" \/><h3 data-start=\"1776\" data-end=\"1813\">\ud83d\udcab U\u010dinki energijskega \u010di\u0161\u010denja<\/h3><ul data-start=\"1815\" data-end=\"2084\"><li data-start=\"1815\" data-end=\"1859\"><p data-start=\"1817\" data-end=\"1859\">ob\u010dutek <strong data-start=\"1825\" data-end=\"1857\">sve\u017eine, miru in lahkotnosti<\/strong><\/p><\/li><li data-start=\"1860\" data-end=\"1914\"><p data-start=\"1862\" data-end=\"1914\">ve\u010d <strong data-start=\"1866\" data-end=\"1912\">produktivnosti, jasnosti in ustvarjalnosti<\/strong><\/p><\/li><li data-start=\"1915\" data-end=\"1967\"><p data-start=\"1917\" data-end=\"1967\"><strong data-start=\"1917\" data-end=\"1930\">harmonija<\/strong> v odnosih in bolj preto\u010dno vzdu\u0161je<\/p><\/li><li data-start=\"1968\" data-end=\"2030\"><p data-start=\"1970\" data-end=\"2030\">okrepljena <strong data-start=\"1981\" data-end=\"2005\">\u017eivljenjska energija<\/strong> in notranje ravnovesje<\/p><\/li><li data-start=\"2031\" data-end=\"2084\"><p data-start=\"2033\" data-end=\"2084\">ve\u010dja <strong data-start=\"2039\" data-end=\"2082\">odprtost za prilo\u017enosti in nove za\u010detke<\/strong><\/p><\/li><\/ul><hr data-start=\"2086\" data-end=\"2089\" \/><h3 data-start=\"1314\" data-end=\"1366\">\ud83c\udf1f Kako se ka\u017eejo u\u010dinki \u010di\u0161\u010denja<\/h3><ul data-start=\"2689\" data-end=\"3139\"><li data-start=\"2689\" data-end=\"2770\"><p data-start=\"2691\" data-end=\"2770\"><strong data-start=\"2691\" data-end=\"2703\">Telesno:<\/strong> ob\u010dutek lahkotnosti, sprostitve, ve\u010d energije, izbolj\u0161an spanec.<\/p><\/li><li data-start=\"2771\" data-end=\"2856\"><p data-start=\"2773\" data-end=\"2856\"><strong data-start=\"2773\" data-end=\"2786\">\u010custveno:<\/strong> ve\u010d miru, zmanj\u0161anje stresa, ve\u010d jasnosti in notranjega ravnovesja.<\/p><\/li><li data-start=\"2857\" data-end=\"2931\"><p data-start=\"2859\" data-end=\"2931\"><strong data-start=\"2859\" data-end=\"2872\">Mentalno:<\/strong> la\u017eje odlo\u010danje, bolj\u0161a koncentracija, ve\u010d kreativnosti.<\/p><\/li><li data-start=\"2932\" data-end=\"3033\"><p data-start=\"2934\" data-end=\"3033\"><strong data-start=\"2934\" data-end=\"2949\">V prostoru:<\/strong> ob\u010dutek odprtosti, harmonije, pretok energije, ki je bolj \u201cprisoten\u201d in prijeten.<\/p><\/li><li data-start=\"3034\" data-end=\"3139\"><p data-start=\"3036\" data-end=\"3139\"><strong data-start=\"3036\" data-end=\"3051\">Dolgoro\u010dno:<\/strong> izbolj\u0161ani odnosi, produktivnost, notranja motivacija in ob\u010dutek podpore od prostora.<\/p><\/li><\/ul><h3 data-start=\"2091\" data-end=\"2132\">\u2728 Zakaj izbrati energijsko \u010di\u0161\u010denje<\/h3><p data-start=\"2134\" data-end=\"2323\">Energijsko \u010di\u0161\u010denje je <strong data-start=\"2157\" data-end=\"2204\">investicija v kakovost bivanja in delovanja<\/strong>.<br data-start=\"2205\" data-end=\"2208\" \/>Uravnote\u017een prostor podpira osebno rast, zdravje, uspeh in notranji mir \u2013 tako posameznika kot celotne kolektive.<\/p><p data-start=\"2325\" data-end=\"2487\">\u010ce za\u010dutite, da je \u010das, da svojemu prostoru ali sebi podarite novo energijo,<br data-start=\"2401\" data-end=\"2404\" \/>vas vabim, da se pove\u017eete z menoj in skupaj ustvarimo prostor, ki diha z vami. \ud83c\udf3f<\/p><p>V kolikor pa se vam porajajo \u0161e kak\u0161na vpra\u0161anja sem vam na voljo preko kontaktnega obrazca na spletni strani ali preko elektronske po\u0161te marusapotokar@gmail.com<\/p><\/div><p><b><i><strong data-start=\"2528\" data-end=\"2560\">Dopla\u010dilo za izvedbo v \u017eivo:<\/strong><br data-start=\"2560\" data-end=\"2563\" \/>\u010ce se energijsko \u010di\u0161\u010denje izvaja <strong data-start=\"2596\" data-end=\"2606\">v \u017eivo<\/strong>, se zara\u010duna dodatno po prevo\u017eenem kilometru,t.j.0.50\u20ac za kilometer, <br \/>saj se \u010das in stro\u0161ki potovanja upo\u0161tevajo posebej.<\/i><\/b><\/p><\/div><\/div>\t\t\t\t\t\t<\/div>\n\t\t\t\t<\/div>\n\t\t\t\t\t<\/div>\n\t\t<\/div>\n\t\t\t\t\t\t\t<\/div>\n\t\t<\/section>\n\t\t\t\t\t\t\t<\/div>","protected":false},"excerpt":{"rendered":"<h2 data-start=\"290\" data-end=\"335\">Energijsko \u010di\u0161\u010denje prostora in osebe<\/h2>\n<p data-start=\"337\" data-end=\"709\">Vsak prostor in vsak \u010dlovek nosi svojo edinstveno energijo. Skozi \u010das se v bivalnem ali delovnem okolju lahko naberejo energije preteklih dogodkov, \u010dustev ali ljudi, ki vplivajo na po\u010dutje, odnose in u\u010dinkovitost.<\/p>\n<p data-start=\"337\" data-end=\"709\"><br data-start=\"550\" data-end=\"553\" \/>Ko se energija v prostoru ustavi ali poru\u0161i, to pogosto za\u010dutimo kot napetost, nemir, pomanjkanje motivacije ali ob\u010dutek, da stvari preprosto \u201cne te\u010dejo\u201d, se zaustavljajo.<\/p>\n<p data-start=\"711\" data-end=\"874\"><strong data-start=\"711\" data-end=\"734\">Energijsko \u010di\u0161\u010denje<\/strong> pomaga sprostiti zastale energije, uravnovesiti prostor in okrepiti pretok \u017eivljenjske energije \u2013 tako v vas kot v okolju, kjer delujete.<\/p>\n<p>&nbsp;<\/p>","protected":false},"featured_media":8150,"template":"","meta":{"_seopress_robots_primary_cat":"none"},"product_cat":[147,112],"product_tag":[],"class_list":{"0":"post-8149","1":"product","2":"type-product","3":"status-publish","4":"has-post-thumbnail","6":"product_cat-energijska-podpora-in-meditacije","7":"product_cat-trgovina","9":"first","10":"instock","11":"sale","12":"virtual","13":"purchasable","14":"product-type-simple"},"_links":{"self":[{"href":"https:\/\/www.marusapotokar.com\/nl\/wp-json\/wp\/v2\/product\/8149","targetHints":{"allow":["GET"]}}],"collection":[{"href":"https:\/\/www.marusapotokar.com\/nl\/wp-json\/wp\/v2\/product"}],"about":[{"href":"https:\/\/www.marusapotokar.com\/nl\/wp-json\/wp\/v2\/types\/product"}],"version-history":[{"count":0,"href":"https:\/\/www.marusapotokar.com\/nl\/wp-json\/wp\/v2\/product\/8149\/revisions"}],"wp:featuredmedia":[{"embeddable":true,"href":"https:\/\/www.marusapotokar.com\/nl\/wp-json\/wp\/v2\/media\/8150"}],"wp:attachment":[{"href":"https:\/\/www.marusapotokar.com\/nl\/wp-json\/wp\/v2\/media?parent=8149"}],"wp:term":[{"taxonomy":"product_cat","embeddable":true,"href":"https:\/\/www.marusapotokar.com\/nl\/wp-json\/wp\/v2\/product_cat?post=8149"},{"taxonomy":"product_tag","embeddable":true,"href":"https:\/\/www.marusapotokar.com\/nl\/wp-json\/wp\/v2\/product_tag?post=8149"}],"curies":[{"name":"wp","href":"https:\/\/api.w.org\/{rel}","templated":true}]}}