{"id":8247,"date":"2025-11-07T11:44:41","date_gmt":"2025-11-07T10:44:41","guid":{"rendered":"https:\/\/www.marusapotokar.com\/?post_type=product&#038;p=8247"},"modified":"2025-11-07T12:39:31","modified_gmt":"2025-11-07T11:39:31","slug":"energijski-podstavek-limunia","status":"publish","type":"product","link":"https:\/\/www.marusapotokar.com\/nl\/product\/energijski-podstavek-limunia\/","title":{"rendered":"Energijski podstavek Limunia"},"content":{"rendered":"<h3 data-start=\"151\" data-end=\"214\"><strong data-start=\"158\" data-end=\"214\">Energijski podstavek Ro\u017ee \u017eivljenja \u2013 Limunia Energy<\/strong><\/h3>\n<p data-start=\"215\" data-end=\"273\"><strong data-start=\"215\" data-end=\"273\">Darilo svetlobe in harmonije za tvojo du\u0161o in prostor.<\/strong><\/p>\n<p data-start=\"275\" data-end=\"656\">Vsak podstavek je ne\u017eno informiran za vsakega posameznika z <strong data-start=\"312\" data-end=\"344\">univerzalno energijo Limunie<\/strong>, namenjeno <strong data-start=\"356\" data-end=\"408\">odprtim srcem, notranjemu miru in pretoku obilja<\/strong>.<\/p>\n<p data-start=\"275\" data-end=\"656\"><br data-start=\"409\" data-end=\"412\" \/>Ro\u017ea \u017eivljenja kot sveti simbol prina\u0161a harmonijo v prostor in telesu pomaga, da se naravna v svoj izvorni ritem.<br data-start=\"525\" data-end=\"528\" \/>Energijski zapis Limunie ne\u017eno podpira tvoje telo, da sprejema svetlobo, jasnost in ljubezen. Vse, kar si \u017ee v svojem bistvu.<\/p>\n<p data-start=\"658\" data-end=\"857\"><strong data-start=\"661\" data-end=\"673\">Uporaba:<\/strong><br data-start=\"673\" data-end=\"676\" \/>Postavi ga pod kozarec z vodo, sve\u010do, kristal, rastlino ali svoj najljub\u0161i predmet. Energija podstavka pre\u010di\u0161\u010duje, harmonizira in dviguje vibracijo vsega, kar pride v stik z njim.<\/p>\n<p data-start=\"658\" data-end=\"857\">Vsak podstavek je ro\u010dno informiran in energijsko zape\u010daten s svetlobo in namero ljubezni.<\/p>\n<p data-start=\"859\" data-end=\"955\">","protected":false},"excerpt":{"rendered":"<p>Vsak podstavek je ro\u010dno informiran in energijsko zape\u010daten s svetlobo in namero ljubezni.<\/p>\n<p>&nbsp;<\/p>","protected":false},"featured_media":8249,"template":"","meta":{"_seopress_robots_primary_cat":"none"},"product_cat":[132,112],"product_tag":[],"class_list":{"0":"post-8247","1":"product","2":"type-product","3":"status-publish","4":"has-post-thumbnail","6":"product_cat-izdelki","7":"product_cat-trgovina","9":"first","10":"instock","11":"shipping-taxable","12":"purchasable","13":"product-type-simple"},"_links":{"self":[{"href":"https:\/\/www.marusapotokar.com\/nl\/wp-json\/wp\/v2\/product\/8247","targetHints":{"allow":["GET"]}}],"collection":[{"href":"https:\/\/www.marusapotokar.com\/nl\/wp-json\/wp\/v2\/product"}],"about":[{"href":"https:\/\/www.marusapotokar.com\/nl\/wp-json\/wp\/v2\/types\/product"}],"version-history":[{"count":0,"href":"https:\/\/www.marusapotokar.com\/nl\/wp-json\/wp\/v2\/product\/8247\/revisions"}],"wp:featuredmedia":[{"embeddable":true,"href":"https:\/\/www.marusapotokar.com\/nl\/wp-json\/wp\/v2\/media\/8249"}],"wp:attachment":[{"href":"https:\/\/www.marusapotokar.com\/nl\/wp-json\/wp\/v2\/media?parent=8247"}],"wp:term":[{"taxonomy":"product_cat","embeddable":true,"href":"https:\/\/www.marusapotokar.com\/nl\/wp-json\/wp\/v2\/product_cat?post=8247"},{"taxonomy":"product_tag","embeddable":true,"href":"https:\/\/www.marusapotokar.com\/nl\/wp-json\/wp\/v2\/product_tag?post=8247"}],"curies":[{"name":"wp","href":"https:\/\/api.w.org\/{rel}","templated":true}]}}