{"id":8270,"date":"2025-11-18T20:29:39","date_gmt":"2025-11-18T19:29:39","guid":{"rendered":"https:\/\/www.marusapotokar.com\/?post_type=product&#038;p=8270"},"modified":"2025-12-08T13:29:11","modified_gmt":"2025-12-08T12:29:11","slug":"7-dnevni-brezplacni-izziv-neznost-do-sebe-z-maruso","status":"publish","type":"product","link":"https:\/\/www.marusapotokar.com\/nl\/product\/7-dnevni-brezplacni-izziv-neznost-do-sebe-z-maruso\/","title":{"rendered":"7-dnevni brezpla\u010dni izziv \u201cNe\u017enost do sebe\u201d z Maru\u0161o"},"content":{"rendered":"<div id=\"comp-kjd43ntu\" class=\"HcOXKn SxM0TO QxJLC3 comp-kjd43ntu wixui-rich-text\" data-testid=\"richTextElement\"><\/div>\n<div id=\"comp-kjd43ntu\" class=\"HcOXKn SxM0TO QxJLC3 comp-kjd43ntu wixui-rich-text\" data-testid=\"richTextElement\">\n<blockquote data-start=\"1299\" data-end=\"1374\">\n<h3 data-start=\"443\" data-end=\"519\">Dovoli si upo\u010dasniti. Dovoli si \u010dutiti. Dovoli si biti ne\u017ena do sebe.<\/h3>\n<p data-start=\"521\" data-end=\"801\">V svetu, kjer je tempo hiter in pri\u010dakovanj preve\u010d, \u017eenske pogosto pozabimo na najpomembnej\u0161o osebo v svojem \u017eivljenju \u2013 <strong data-start=\"642\" data-end=\"650\">sebe<\/strong>.<br data-start=\"651\" data-end=\"654\" \/>Ta izziv sem ustvarila zato, da te spomnim, kako dragoceno je, ko se ustavi\u0161, prisluhne\u0161 svojemu telesu in si vsak dan podari\u0161 trenutek ne\u017enosti.<\/p>\n<p data-start=\"803\" data-end=\"931\"><strong data-start=\"803\" data-end=\"822\">Ne\u017enost do sebe<\/strong> ni razko\u0161je je povabilo k notranjemu miru, energijski lahkotnosti in ljubezni do svojega telesa in du\u0161e.<\/p>\n<h3 data-start=\"533\" data-end=\"547\">Kaj je moj namen 7 dnevnega brezpla\u010dnega izziva :<\/h3>\n<p data-start=\"533\" data-end=\"547\">Pomagati \u017eenskam, da upo\u010dasnijo, prisluhnejo telesu in negujejo stik s sabo skozi vsakodnevne mini rituale.<\/p>\n<h3 data-start=\"938\" data-end=\"966\">Kaj te \u010daka v izzivu:<\/h3>\n<p data-start=\"967\" data-end=\"1020\">7 dni, 7 korakov, 7 drobnih ritualov, ki ti pomagajo:<\/p>\n<ul data-start=\"1021\" data-end=\"1196\">\n<li data-start=\"1021\" data-end=\"1054\">\n<p data-start=\"1023\" data-end=\"1054\">umiriti um in sprostiti telo,<\/p>\n<\/li>\n<li data-start=\"1055\" data-end=\"1105\">\n<p data-start=\"1057\" data-end=\"1105\">prepoznati, kaj tvoje telo resni\u010dno potrebuje,<\/p>\n<\/li>\n<li data-start=\"1106\" data-end=\"1137\">\n<p data-start=\"1108\" data-end=\"1137\">odlo\u017eiti napetost in stres,<\/p>\n<\/li>\n<li data-start=\"1138\" data-end=\"1196\">\n<p data-start=\"1140\" data-end=\"1196\">in ponovno za\u010dutiti mir, zaupanje ter ne\u017enost do sebe.<\/p>\n<\/li>\n<\/ul>\n<p data-start=\"1198\" data-end=\"1349\">Vsak dan prejme\u0161:<br data-start=\"1215\" data-end=\"1218\" \/>\ud83c\udf38 Kratko sporo\u010dilo ali vajo (2\u20135 minut)<br data-start=\"1258\" data-end=\"1261\" \/>\ud83c\udf38 Navdih in vpra\u0161anje za refleksijo<br data-start=\"1297\" data-end=\"1300\" \/>\ud83c\udf38 Prostor za tvoj zapis in ob\u010dutek hvale\u017enosti<\/p>\n<p data-start=\"1351\" data-end=\"1512\">Vse to lahko izvaja\u0161 doma, v svojem tempu, ob svojem \u010dasu.<br data-start=\"1410\" data-end=\"1413\" \/>Le nekaj minut na dan, da se tvoj notranji svet za\u010dne meh\u010dati, odpirati in vra\u010dati v stik s seboj.<\/p>\n<hr data-start=\"1514\" data-end=\"1517\" \/>\n<h3 data-start=\"1519\" data-end=\"1548\">Komu je namenjen izziv:<\/h3>\n<p data-start=\"1549\" data-end=\"1580\">Ta izziv je zate, \u010de \u010duti\u0161, da:<\/p>\n<ul data-start=\"1581\" data-end=\"1834\">\n<li data-start=\"1581\" data-end=\"1636\">\n<p data-start=\"1583\" data-end=\"1636\">si utrujena od stalnega \u201cmoram\u201d in \u201c\u0161e to naredim\u201d,<\/p>\n<\/li>\n<li data-start=\"1637\" data-end=\"1686\">\n<p data-start=\"1639\" data-end=\"1686\">tvoje telo kli\u010de po pavzi, dotiku ali ti\u0161ini,<\/p>\n<\/li>\n<li data-start=\"1687\" data-end=\"1752\">\n<p data-start=\"1689\" data-end=\"1752\">\u017eeli\u0161 ve\u010d notranjega miru in ne\u017enosti v vsakdanjem \u017eivljenju,<\/p>\n<\/li>\n<li data-start=\"1753\" data-end=\"1834\">\n<p data-start=\"1755\" data-end=\"1834\">si mama, partnerka, \u017eenska, ki daje veliko \u2013 in \u017eeli spet napolniti svoj vir.<\/p>\n<\/li>\n<\/ul>\n<p data-start=\"1836\" data-end=\"1977\">Ne glede na to, ali ima\u0161 le 5 minut \u010dasa ali ve\u010d, bo ta teden tvoj mali sveti prostor, kjer si ponovno dovoli\u0161 <em data-start=\"1947\" data-end=\"1972\">\u010dutiti, dihati in biti.<\/em> \ud83d\udcab<\/p>\n<hr data-start=\"1979\" data-end=\"1982\" \/>\n<h3 data-start=\"1984\" data-end=\"2008\">Zakaj sodelovati:<\/h3>\n<p data-start=\"2009\" data-end=\"2153\">Ker si zaslu\u017ei\u0161:<br data-start=\"2025\" data-end=\"2028\" \/>\ud83d\udc9b ob\u010dutek notranje topline,<br data-start=\"2056\" data-end=\"2059\" \/>\ud83d\udc9b lahkotnost v telesu,<br data-start=\"2082\" data-end=\"2085\" \/>\ud83d\udc9b miren dih in um,<br data-start=\"2104\" data-end=\"2107\" \/>\ud83d\udc9b in stik s svojo ne\u017eno, resni\u010dno energijo.<\/p>\n<p data-start=\"2155\" data-end=\"2230\">Ta teden ti bo pomagal, da se spomni\u0161 \u2013 ne\u017enost do sebe je za\u010detek vsega.<\/p>\n<hr data-start=\"2232\" data-end=\"2235\" \/>\n<h3 data-start=\"2237\" data-end=\"2266\">Pridru\u017ei se brezpla\u010dno<\/h3>\n<p data-start=\"2267\" data-end=\"2443\">\ud83d\udc49 Prijavi se in pridobi dostop do zaprte skupine, kjer bomo 7 dni skupaj ustvarjale prostor miru in topline.<br data-start=\"2383\" data-end=\"2386\" \/>Vsak dan te \u010daka nov ne\u017eni korak, sporo\u010dilo in podpora.<\/p>\n<p data-start=\"2445\" data-end=\"2556\">\ud83d\udcc5 <strong data-start=\"2448\" data-end=\"2460\">Za\u010dnemo:<\/strong> 24.11.2025<br data-start=\"2475\" data-end=\"2478\" \/>\ud83d\udccd <strong data-start=\"2481\" data-end=\"2489\">Kje:<\/strong> Online (v zaprti Facebook skupini)<br data-start=\"2524\" data-end=\"2527\" \/>\ud83d\udc8c <strong data-start=\"2530\" data-end=\"2543\">Udele\u017eba:<\/strong> brezpla\u010dna<\/p>\n<blockquote data-start=\"2558\" data-end=\"2699\">\n<h5 data-start=\"2560\" data-end=\"2699\">\u201cNe\u017enost do sebe je tisti trenutek, ko si kon\u010dno dovoli\u0161 postati mehka\u00a0 in v tej mehkobi odkrije\u0161 svojo pravo mo\u010d.\u201d Maru\u0161a Potokar<\/h5>\n<\/blockquote>\n<\/blockquote>\n<p class=\"\" data-start=\"1376\" data-end=\"1432\">\n<\/div>\n<div id=\"comp-kjc7ne2l1\" class=\"HcOXKn SxM0TO QxJLC3 comp-kjc7ne2l1 wixui-rich-text\" data-testid=\"richTextElement\">\n<p class=\"\" data-start=\"286\" data-end=\"511\"><em>7 dnevni brezpla\u010dni izziv bom vodila Maru\u0161a Potokar, intuitivna voditeljica, energijska terapevtka, facilitatorica dogodkov za vi\u0161jo kakovost \u017eivljenja, raziskovalka zavestnega \u017eivljenja,&#8230; Moje delo je posve\u010deno ne\u017enim prehodom \u2013 iz glave v telo, iz nemira v stik, iz napora v prisotnost.Verjamem, da se resni\u010dna sprememba za\u010dne, ko <strong data-start=\"558\" data-end=\"573\">se ustavimo<\/strong>, zadihamo in se <strong data-start=\"590\" data-end=\"607\">vrnemo k sebi<\/strong> \u2013 ne z voljo, ampak z ne\u017enostjo. <\/em><em>Delujem skozi prakso telesa, energije, intuicije in prisotnosti.<\/em><br data-start=\"876\" data-end=\"879\" \/><em>Najraje ustvarjam prostore, kjer ljudje znova za\u010dutijo, da so <strong data-start=\"941\" data-end=\"972\">dovolj \u2013 to\u010dno taki, kot so<\/strong>.<\/em><\/p>\n<p class=\"\" data-start=\"975\" data-end=\"1048\"><em>\u010ce bo\u0161 kdaj potrebovala podporo, sem tukaj.<\/em><br data-start=\"1018\" data-end=\"1021\" \/><em>Z ljubeznijo, Maru\u0161a<\/em><\/p>\n<\/div>","protected":false},"excerpt":{"rendered":"<h2 data-start=\"389\" data-end=\"441\"><strong data-start=\"395\" data-end=\"441\">7-dnevni brezpla\u010dni izziv: NE\u017dNOST DO SEBE z Maru\u0161o<\/strong><\/h2>\n<h3 data-start=\"443\" data-end=\"519\"><\/h3>\n<p id=\"2d2tc3528\" class=\"_4mVOO gMaLr\">","protected":false},"featured_media":8271,"template":"","meta":{"_seopress_robots_primary_cat":"none"},"product_cat":[105,118,146],"product_tag":[],"class_list":{"0":"post-8270","1":"product","2":"type-product","3":"status-publish","4":"has-post-thumbnail","6":"product_cat-dogodki","7":"product_cat-spletni-dogodki","8":"product_cat-spletni-programi-in-tecaji","10":"first","11":"instock","12":"virtual","13":"purchasable","14":"product-type-simple"},"_links":{"self":[{"href":"https:\/\/www.marusapotokar.com\/nl\/wp-json\/wp\/v2\/product\/8270","targetHints":{"allow":["GET"]}}],"collection":[{"href":"https:\/\/www.marusapotokar.com\/nl\/wp-json\/wp\/v2\/product"}],"about":[{"href":"https:\/\/www.marusapotokar.com\/nl\/wp-json\/wp\/v2\/types\/product"}],"version-history":[{"count":0,"href":"https:\/\/www.marusapotokar.com\/nl\/wp-json\/wp\/v2\/product\/8270\/revisions"}],"wp:featuredmedia":[{"embeddable":true,"href":"https:\/\/www.marusapotokar.com\/nl\/wp-json\/wp\/v2\/media\/8271"}],"wp:attachment":[{"href":"https:\/\/www.marusapotokar.com\/nl\/wp-json\/wp\/v2\/media?parent=8270"}],"wp:term":[{"taxonomy":"product_cat","embeddable":true,"href":"https:\/\/www.marusapotokar.com\/nl\/wp-json\/wp\/v2\/product_cat?post=8270"},{"taxonomy":"product_tag","embeddable":true,"href":"https:\/\/www.marusapotokar.com\/nl\/wp-json\/wp\/v2\/product_tag?post=8270"}],"curies":[{"name":"wp","href":"https:\/\/api.w.org\/{rel}","templated":true}]}}